{"id":843,"date":"2026-02-22T15:24:46","date_gmt":"2026-02-22T13:24:46","guid":{"rendered":"https:\/\/satakunnanmessut.fi\/rekrymessut-marraskuu-2026\/?page_id=843"},"modified":"2026-02-22T15:28:39","modified_gmt":"2026-02-22T13:28:39","slug":"laskutus","status":"publish","type":"page","link":"https:\/\/satakunnanmessut.fi\/rekrymessut-marraskuu-2026\/laskutus\/","title":{"rendered":"Laskutus"},"content":{"rendered":"\t\t<div data-elementor-type=\"wp-page\" data-elementor-id=\"843\" class=\"elementor elementor-843\" data-elementor-post-type=\"page\">\n\t\t\t\t\t\t<section class=\"elementor-section elementor-top-section elementor-element elementor-element-1486b64 elementor-section-boxed elementor-section-height-default elementor-section-height-default\" data-id=\"1486b64\" data-element_type=\"section\" data-e-type=\"section\">\n\t\t\t\t\t\t<div class=\"elementor-container elementor-column-gap-default\">\n\t\t\t\t\t<div class=\"elementor-column elementor-col-100 elementor-top-column elementor-element elementor-element-6a31554\" data-id=\"6a31554\" data-element_type=\"column\" data-e-type=\"column\">\n\t\t\t<div class=\"elementor-widget-wrap elementor-element-populated\">\n\t\t\t\t\t\t<div class=\"elementor-element elementor-element-4b0adeb elementor-widget elementor-widget-heading\" data-id=\"4b0adeb\" data-element_type=\"widget\" data-e-type=\"widget\" data-widget_type=\"heading.default\">\n\t\t\t\t<div class=\"elementor-widget-container\">\n\t\t\t\t\t<h1 class=\"elementor-heading-title elementor-size-default\">LASKUTUSTIEDOT<\/h1>\t\t\t\t<\/div>\n\t\t\t\t<\/div>\n\t\t\t\t<div class=\"elementor-element elementor-element-d7c69a9 elementor-widget elementor-widget-heading\" data-id=\"d7c69a9\" data-element_type=\"widget\" data-e-type=\"widget\" data-widget_type=\"heading.default\">\n\t\t\t\t<div class=\"elementor-widget-container\">\n\t\t\t\t\t<h2 class=\"elementor-heading-title elementor-size-default\">LALLI OY<\/h2>\t\t\t\t<\/div>\n\t\t\t\t<\/div>\n\t\t\t\t<div class=\"elementor-element elementor-element-6663790 elementor-widget elementor-widget-text-editor\" data-id=\"6663790\" data-element_type=\"widget\" data-e-type=\"widget\" data-widget_type=\"text-editor.default\">\n\t\t\t\t<div class=\"elementor-widget-container\">\n\t\t\t\t\t\t\t\t\t<p>Ravintie 1<br \/>28130 Pori<\/p>\t\t\t\t\t\t\t\t<\/div>\n\t\t\t\t<\/div>\n\t\t\t\t<div class=\"elementor-element elementor-element-5800867 elementor-widget elementor-widget-heading\" data-id=\"5800867\" data-element_type=\"widget\" data-e-type=\"widget\" data-widget_type=\"heading.default\">\n\t\t\t\t<div class=\"elementor-widget-container\">\n\t\t\t\t\t<h2 class=\"elementor-heading-title elementor-size-default\">S\u00c4HK\u00d6ISET OSTOLASKUT<\/h2>\t\t\t\t<\/div>\n\t\t\t\t<\/div>\n\t\t\t\t<div class=\"elementor-element elementor-element-e97c3e7 elementor-widget elementor-widget-text-editor\" data-id=\"e97c3e7\" data-element_type=\"widget\" data-e-type=\"widget\" data-widget_type=\"text-editor.default\">\n\t\t\t\t<div class=\"elementor-widget-container\">\n\t\t\t\t\t\t\t\t\t<p>Verkkolaskuosoitteemme<br \/><strong>FI66 5161 0520 0325 94<\/strong><\/p><p>V\u00e4litt\u00e4j\u00e4n tunnus<br \/><strong>OKOYFIHH<\/strong><\/p><p>Operaattorimme on OP-Pohjola.<br \/><strong><br \/>Viite aina sen tapahtuman mukaan, jota lasku koskee.<br \/><\/strong>Esim. Viite: Rekrymessut 2026<\/p>\t\t\t\t\t\t\t\t<\/div>\n\t\t\t\t<\/div>\n\t\t\t\t\t<\/div>\n\t\t<\/div>\n\t\t\t\t\t<\/div>\n\t\t<\/section>\n\t\t\t\t<\/div>\n\t\t","protected":false},"excerpt":{"rendered":"<p>LASKUTUSTIEDOT LALLI OY Ravintie 128130 Pori S\u00c4HK\u00d6ISET OSTOLASKUT VerkkolaskuosoitteemmeFI66 5161 0520 0325 94 V\u00e4litt\u00e4j\u00e4n tunnusOKOYFIHH Operaattorimme on OP-Pohjola.Viite aina sen tapahtuman mukaan, jota lasku koskee.Esim. Viite: Rekrymessut 2026<\/p>\n","protected":false},"author":2,"featured_media":0,"parent":0,"menu_order":0,"comment_status":"closed","ping_status":"closed","template":"","meta":{"footnotes":""},"class_list":["post-843","page","type-page","status-publish","hentry"],"yoast_head":"<!-- This site is optimized with the Yoast SEO plugin v27.4 - https:\/\/yoast.com\/product\/yoast-seo-wordpress\/ -->\n<title>Laskutus - Rekrymessut 11.11.2026<\/title>\n<meta name=\"robots\" content=\"index, follow, max-snippet:-1, max-image-preview:large, max-video-preview:-1\" \/>\n<link rel=\"canonical\" href=\"https:\/\/satakunnanmessut.fi\/rekrymessut-marraskuu-2026\/laskutus\/\" \/>\n<meta property=\"og:locale\" content=\"fi_FI\" \/>\n<meta property=\"og:type\" content=\"article\" \/>\n<meta property=\"og:title\" content=\"Laskutus - Rekrymessut 11.11.2026\" \/>\n<meta property=\"og:description\" content=\"LASKUTUSTIEDOT LALLI OY Ravintie 128130 Pori S\u00c4HK\u00d6ISET OSTOLASKUT VerkkolaskuosoitteemmeFI66 5161 0520 0325 94 V\u00e4litt\u00e4j\u00e4n tunnusOKOYFIHH Operaattorimme on OP-Pohjola.Viite aina sen tapahtuman mukaan, jota lasku koskee.Esim. Viite: Rekrymessut 2026\" \/>\n<meta property=\"og:url\" content=\"https:\/\/satakunnanmessut.fi\/rekrymessut-marraskuu-2026\/laskutus\/\" \/>\n<meta property=\"og:site_name\" content=\"Rekrymessut 11.11.2026\" \/>\n<meta property=\"article:modified_time\" content=\"2026-02-22T13:28:39+00:00\" \/>\n<meta name=\"twitter:card\" content=\"summary_large_image\" \/>\n<meta name=\"twitter:label1\" content=\"Arvioitu lukuaika\" \/>\n\t<meta name=\"twitter:data1\" content=\"1 minuutti\" \/>\n<script type=\"application\/ld+json\" class=\"yoast-schema-graph\">{\"@context\":\"https:\\\/\\\/schema.org\",\"@graph\":[{\"@type\":\"WebPage\",\"@id\":\"https:\\\/\\\/satakunnanmessut.fi\\\/rekrymessut-marraskuu-2026\\\/laskutus\\\/\",\"url\":\"https:\\\/\\\/satakunnanmessut.fi\\\/rekrymessut-marraskuu-2026\\\/laskutus\\\/\",\"name\":\"Laskutus - Rekrymessut 11.11.2026\",\"isPartOf\":{\"@id\":\"https:\\\/\\\/satakunnanmessut.fi\\\/rekrymessut-marraskuu-2026\\\/#website\"},\"datePublished\":\"2026-02-22T13:24:46+00:00\",\"dateModified\":\"2026-02-22T13:28:39+00:00\",\"breadcrumb\":{\"@id\":\"https:\\\/\\\/satakunnanmessut.fi\\\/rekrymessut-marraskuu-2026\\\/laskutus\\\/#breadcrumb\"},\"inLanguage\":\"fi\",\"potentialAction\":[{\"@type\":\"ReadAction\",\"target\":[\"https:\\\/\\\/satakunnanmessut.fi\\\/rekrymessut-marraskuu-2026\\\/laskutus\\\/\"]}]},{\"@type\":\"BreadcrumbList\",\"@id\":\"https:\\\/\\\/satakunnanmessut.fi\\\/rekrymessut-marraskuu-2026\\\/laskutus\\\/#breadcrumb\",\"itemListElement\":[{\"@type\":\"ListItem\",\"position\":1,\"name\":\"Etusivu\",\"item\":\"https:\\\/\\\/satakunnanmessut.fi\\\/rekrymessut-marraskuu-2026\\\/\"},{\"@type\":\"ListItem\",\"position\":2,\"name\":\"Laskutus\"}]},{\"@type\":\"WebSite\",\"@id\":\"https:\\\/\\\/satakunnanmessut.fi\\\/rekrymessut-marraskuu-2026\\\/#website\",\"url\":\"https:\\\/\\\/satakunnanmessut.fi\\\/rekrymessut-marraskuu-2026\\\/\",\"name\":\"Rekrymessut 11.11.2026\",\"description\":\"Ty\u00f6paikkoja tarjoavien yritysten edustajia, sek\u00e4 tuoretta tietoa mm. eri alojen koulutuksista.\",\"potentialAction\":[{\"@type\":\"SearchAction\",\"target\":{\"@type\":\"EntryPoint\",\"urlTemplate\":\"https:\\\/\\\/satakunnanmessut.fi\\\/rekrymessut-marraskuu-2026\\\/?s={search_term_string}\"},\"query-input\":{\"@type\":\"PropertyValueSpecification\",\"valueRequired\":true,\"valueName\":\"search_term_string\"}}],\"inLanguage\":\"fi\"}]}<\/script>\n<!-- \/ Yoast SEO plugin. -->","yoast_head_json":{"title":"Laskutus - Rekrymessut 11.11.2026","robots":{"index":"index","follow":"follow","max-snippet":"max-snippet:-1","max-image-preview":"max-image-preview:large","max-video-preview":"max-video-preview:-1"},"canonical":"https:\/\/satakunnanmessut.fi\/rekrymessut-marraskuu-2026\/laskutus\/","og_locale":"fi_FI","og_type":"article","og_title":"Laskutus - Rekrymessut 11.11.2026","og_description":"LASKUTUSTIEDOT LALLI OY Ravintie 128130 Pori S\u00c4HK\u00d6ISET OSTOLASKUT VerkkolaskuosoitteemmeFI66 5161 0520 0325 94 V\u00e4litt\u00e4j\u00e4n tunnusOKOYFIHH Operaattorimme on OP-Pohjola.Viite aina sen tapahtuman mukaan, jota lasku koskee.Esim. Viite: Rekrymessut 2026","og_url":"https:\/\/satakunnanmessut.fi\/rekrymessut-marraskuu-2026\/laskutus\/","og_site_name":"Rekrymessut 11.11.2026","article_modified_time":"2026-02-22T13:28:39+00:00","twitter_card":"summary_large_image","twitter_misc":{"Arvioitu lukuaika":"1 minuutti"},"schema":{"@context":"https:\/\/schema.org","@graph":[{"@type":"WebPage","@id":"https:\/\/satakunnanmessut.fi\/rekrymessut-marraskuu-2026\/laskutus\/","url":"https:\/\/satakunnanmessut.fi\/rekrymessut-marraskuu-2026\/laskutus\/","name":"Laskutus - Rekrymessut 11.11.2026","isPartOf":{"@id":"https:\/\/satakunnanmessut.fi\/rekrymessut-marraskuu-2026\/#website"},"datePublished":"2026-02-22T13:24:46+00:00","dateModified":"2026-02-22T13:28:39+00:00","breadcrumb":{"@id":"https:\/\/satakunnanmessut.fi\/rekrymessut-marraskuu-2026\/laskutus\/#breadcrumb"},"inLanguage":"fi","potentialAction":[{"@type":"ReadAction","target":["https:\/\/satakunnanmessut.fi\/rekrymessut-marraskuu-2026\/laskutus\/"]}]},{"@type":"BreadcrumbList","@id":"https:\/\/satakunnanmessut.fi\/rekrymessut-marraskuu-2026\/laskutus\/#breadcrumb","itemListElement":[{"@type":"ListItem","position":1,"name":"Etusivu","item":"https:\/\/satakunnanmessut.fi\/rekrymessut-marraskuu-2026\/"},{"@type":"ListItem","position":2,"name":"Laskutus"}]},{"@type":"WebSite","@id":"https:\/\/satakunnanmessut.fi\/rekrymessut-marraskuu-2026\/#website","url":"https:\/\/satakunnanmessut.fi\/rekrymessut-marraskuu-2026\/","name":"Rekrymessut 11.11.2026","description":"Ty\u00f6paikkoja tarjoavien yritysten edustajia, sek\u00e4 tuoretta tietoa mm. eri alojen koulutuksista.","potentialAction":[{"@type":"SearchAction","target":{"@type":"EntryPoint","urlTemplate":"https:\/\/satakunnanmessut.fi\/rekrymessut-marraskuu-2026\/?s={search_term_string}"},"query-input":{"@type":"PropertyValueSpecification","valueRequired":true,"valueName":"search_term_string"}}],"inLanguage":"fi"}]}},"_links":{"self":[{"href":"https:\/\/satakunnanmessut.fi\/rekrymessut-marraskuu-2026\/wp-json\/wp\/v2\/pages\/843","targetHints":{"allow":["GET"]}}],"collection":[{"href":"https:\/\/satakunnanmessut.fi\/rekrymessut-marraskuu-2026\/wp-json\/wp\/v2\/pages"}],"about":[{"href":"https:\/\/satakunnanmessut.fi\/rekrymessut-marraskuu-2026\/wp-json\/wp\/v2\/types\/page"}],"author":[{"embeddable":true,"href":"https:\/\/satakunnanmessut.fi\/rekrymessut-marraskuu-2026\/wp-json\/wp\/v2\/users\/2"}],"replies":[{"embeddable":true,"href":"https:\/\/satakunnanmessut.fi\/rekrymessut-marraskuu-2026\/wp-json\/wp\/v2\/comments?post=843"}],"version-history":[{"count":0,"href":"https:\/\/satakunnanmessut.fi\/rekrymessut-marraskuu-2026\/wp-json\/wp\/v2\/pages\/843\/revisions"}],"wp:attachment":[{"href":"https:\/\/satakunnanmessut.fi\/rekrymessut-marraskuu-2026\/wp-json\/wp\/v2\/media?parent=843"}],"curies":[{"name":"wp","href":"https:\/\/api.w.org\/{rel}","templated":true}]}}