{"id":187,"date":"2022-11-22T14:33:36","date_gmt":"2022-11-22T12:33:36","guid":{"rendered":"https:\/\/satakunnanmessut.fi\/rekrymessut-marraskuu\/?page_id=187"},"modified":"2025-11-19T13:27:25","modified_gmt":"2025-11-19T11:27:25","slug":"p-alue","status":"publish","type":"page","link":"https:\/\/satakunnanmessut.fi\/rekrymessut-marraskuu-2026\/p-alue\/","title":{"rendered":"P-alue"},"content":{"rendered":"\t\t<div data-elementor-type=\"wp-page\" data-elementor-id=\"187\" class=\"elementor elementor-187\" data-elementor-post-type=\"page\">\n\t\t\t\t\t\t<section class=\"elementor-section elementor-top-section elementor-element elementor-element-5b0c0751 elementor-section-boxed elementor-section-height-default elementor-section-height-default elementor-invisible\" data-id=\"5b0c0751\" data-element_type=\"section\" data-e-type=\"section\" data-settings=\"{&quot;animation&quot;:&quot;fadeIn&quot;}\">\n\t\t\t\t\t\t<div class=\"elementor-container elementor-column-gap-default\">\n\t\t\t\t\t<div class=\"elementor-column elementor-col-100 elementor-top-column elementor-element elementor-element-70ae2bf9\" data-id=\"70ae2bf9\" data-element_type=\"column\" data-e-type=\"column\">\n\t\t\t<div class=\"elementor-widget-wrap elementor-element-populated\">\n\t\t\t\t\t\t<div class=\"elementor-element elementor-element-384c0174 elementor-widget elementor-widget-heading\" data-id=\"384c0174\" data-element_type=\"widget\" data-e-type=\"widget\" data-widget_type=\"heading.default\">\n\t\t\t\t<div class=\"elementor-widget-container\">\n\t\t\t\t\t<h1 class=\"elementor-heading-title elementor-size-default\">PYS\u00c4K\u00d6INTIALUEET<\/h1>\t\t\t\t<\/div>\n\t\t\t\t<\/div>\n\t\t\t\t<div class=\"elementor-element elementor-element-6408dc20 elementor-widget elementor-widget-heading\" data-id=\"6408dc20\" data-element_type=\"widget\" data-e-type=\"widget\" data-widget_type=\"heading.default\">\n\t\t\t\t<div class=\"elementor-widget-container\">\n\t\t\t\t\t<h2 class=\"elementor-heading-title elementor-size-default\">PORIN SAMK-KAMPUKSEN ALUEELLA<\/h2>\t\t\t\t<\/div>\n\t\t\t\t<\/div>\n\t\t\t\t<section class=\"elementor-section elementor-inner-section elementor-element elementor-element-67c285b elementor-section-boxed elementor-section-height-default elementor-section-height-default\" data-id=\"67c285b\" data-element_type=\"section\" data-e-type=\"section\">\n\t\t\t\t\t\t<div class=\"elementor-container elementor-column-gap-default\">\n\t\t\t\t\t<div class=\"elementor-column elementor-col-50 elementor-inner-column elementor-element elementor-element-7608bc5e\" data-id=\"7608bc5e\" data-element_type=\"column\" data-e-type=\"column\">\n\t\t\t<div class=\"elementor-widget-wrap elementor-element-populated\">\n\t\t\t\t\t\t<div class=\"elementor-element elementor-element-6e9aae2 elementor-widget elementor-widget-text-editor\" data-id=\"6e9aae2\" data-element_type=\"widget\" data-e-type=\"widget\" data-widget_type=\"text-editor.default\">\n\t\t\t\t<div class=\"elementor-widget-container\">\n\t\t\t\t\t\t\t\t\t<div><b>Pys\u00e4k\u00f6inti on maksutonta<\/b><br \/><b>11.11.2026 vy\u00f6hykkeill\u00e4 A ja B.<\/b><br \/><b>1 h pys\u00e4k\u00f6intikiekkopaikat on tarkoitettu ainoastaan kaupan asiakkaille.<\/b><\/div>\t\t\t\t\t\t\t\t<\/div>\n\t\t\t\t<\/div>\n\t\t\t\t\t<\/div>\n\t\t<\/div>\n\t\t\t\t<div class=\"elementor-column elementor-col-50 elementor-inner-column elementor-element elementor-element-407e2b30\" data-id=\"407e2b30\" data-element_type=\"column\" data-e-type=\"column\">\n\t\t\t<div class=\"elementor-widget-wrap elementor-element-populated\">\n\t\t\t\t\t\t<div class=\"elementor-element elementor-element-5dde01e4 elementor-widget elementor-widget-image\" data-id=\"5dde01e4\" data-element_type=\"widget\" data-e-type=\"widget\" data-widget_type=\"image.default\">\n\t\t\t\t<div class=\"elementor-widget-container\">\n\t\t\t\t\t\t\t\t\t\t\t\t\t\t\t<img fetchpriority=\"high\" decoding=\"async\" width=\"768\" height=\"380\" src=\"https:\/\/satakunnanmessut.fi\/rekrymessut-marraskuu-2026\/wp-content\/uploads\/sites\/8\/2022\/11\/SAMK_P-ALUE-768x380.jpg\" class=\"attachment-medium_large size-medium_large wp-image-103\" alt=\"\" srcset=\"https:\/\/satakunnanmessut.fi\/rekrymessut-marraskuu-2026\/wp-content\/uploads\/sites\/8\/2022\/11\/SAMK_P-ALUE-768x380.jpg 768w, https:\/\/satakunnanmessut.fi\/rekrymessut-marraskuu-2026\/wp-content\/uploads\/sites\/8\/2022\/11\/SAMK_P-ALUE-300x148.jpg 300w, https:\/\/satakunnanmessut.fi\/rekrymessut-marraskuu-2026\/wp-content\/uploads\/sites\/8\/2022\/11\/SAMK_P-ALUE-1024x507.jpg 1024w, https:\/\/satakunnanmessut.fi\/rekrymessut-marraskuu-2026\/wp-content\/uploads\/sites\/8\/2022\/11\/SAMK_P-ALUE.jpg 1289w\" sizes=\"(max-width: 768px) 100vw, 768px\" \/>\t\t\t\t\t\t\t\t\t\t\t\t\t\t\t<\/div>\n\t\t\t\t<\/div>\n\t\t\t\t\t<\/div>\n\t\t<\/div>\n\t\t\t\t\t<\/div>\n\t\t<\/section>\n\t\t\t\t<section class=\"elementor-section elementor-inner-section elementor-element elementor-element-44560b55 elementor-section-boxed elementor-section-height-default elementor-section-height-default\" data-id=\"44560b55\" data-element_type=\"section\" data-e-type=\"section\">\n\t\t\t\t\t\t<div class=\"elementor-container elementor-column-gap-default\">\n\t\t\t\t\t<div class=\"elementor-column elementor-col-100 elementor-inner-column elementor-element elementor-element-67075577\" data-id=\"67075577\" data-element_type=\"column\" data-e-type=\"column\">\n\t\t\t<div class=\"elementor-widget-wrap elementor-element-populated\">\n\t\t\t\t\t\t<div class=\"elementor-element elementor-element-7e190d62 elementor-widget elementor-widget-text-editor\" data-id=\"7e190d62\" data-element_type=\"widget\" data-e-type=\"widget\" data-widget_type=\"text-editor.default\">\n\t\t\t\t<div class=\"elementor-widget-container\">\n\t\t\t\t\t\t\t\t\t<p><b>HUOM! Kampuksen piha-alueella olevat 1 h-pys\u00e4k\u00f6intikiekkopaikat ovat tarkoitettu vain kaupan asiakkaille.<\/b><b><br \/>Inva-pys\u00e4k\u00f6intipaikat sijaitsevat sis\u00e4pihalla kaariovien l\u00e4heisyydess\u00e4.<\/b><\/p><p>Huomaathan my\u00f6s ison pys\u00e4k\u00f6intialueen junaradan ja Helsingintien v\u00e4liss\u00e4. Pys\u00e4k\u00f6intialueelle ajetaan Tiilim\u00e4entien ja Ratapihantien kautta. Sielt\u00e4 on vain muutama sata metri\u00e4 matkaa kampukselle.<\/p>\t\t\t\t\t\t\t\t<\/div>\n\t\t\t\t<\/div>\n\t\t\t\t<div class=\"elementor-element elementor-element-368e1bb1 elementor-widget elementor-widget-heading\" data-id=\"368e1bb1\" data-element_type=\"widget\" data-e-type=\"widget\" data-widget_type=\"heading.default\">\n\t\t\t\t<div class=\"elementor-widget-container\">\n\t\t\t\t\t<h2 class=\"elementor-heading-title elementor-size-default\">PYS\u00c4K\u00d6INTIEHDOT<\/h2>\t\t\t\t<\/div>\n\t\t\t\t<\/div>\n\t\t\t\t<div class=\"elementor-element elementor-element-5586abfc elementor-widget elementor-widget-text-editor\" data-id=\"5586abfc\" data-element_type=\"widget\" data-e-type=\"widget\" data-widget_type=\"text-editor.default\">\n\t\t\t\t<div class=\"elementor-widget-container\">\n\t\t\t\t\t\t\t\t\t<p>1.\u00a0 Pys\u00e4k\u00f6inti on sallittu vain merkityill\u00e4 pys\u00e4k\u00f6intipaikoilla.<br \/>2. Pys\u00e4k\u00f6inti on muina aikoina maksullista vy\u00f6hyke A -pys\u00e4k\u00f6intipaikoilla.<br \/>3. Pys\u00e4k\u00f6intilipuke on ostettavissa ainoastaan EasyParkin ja Parkmanin mobiilisovelluksen kautta. <br \/>\u00a0\u00a0\u00a0 Henkil\u00f6kunnalla on mahdollisuus kuukausiveloitettavaan pys\u00e4k\u00f6intilupaan (P-tunnus M).<br \/>4. P-tunnus M on asetettava auton sis\u00e4\u00e4n etuikkunalle siten, ett\u00e4 se on luettavissa ulkopuolelta.<br \/>5. Porin kaupungin pys\u00e4k\u00f6inninvalvonta valvoo pys\u00e4k\u00f6intiehtojen sek\u00e4 -maksujen noudattamista. <br \/>\u00a0\u00a0\u00a0 Ehtojen noudattamatta j\u00e4tt\u00e4minen voi johtaa 50 \u20ac valvontamaksuun.<br \/>6. Pys\u00e4k\u00f6inti omalla vastuulla ja pys\u00e4k\u00f6intialueen omistaja ei vastaa mahdollisista ajoneuvoon kohdistuvista vahingoista.\u00a0\u00a0 \u00a0<br \/>7. Pys\u00e4k\u00f6im\u00e4ll\u00e4 hyv\u00e4ksyt ehdot.<\/p>\t\t\t\t\t\t\t\t<\/div>\n\t\t\t\t<\/div>\n\t\t\t\t\t<\/div>\n\t\t<\/div>\n\t\t\t\t\t<\/div>\n\t\t<\/section>\n\t\t\t\t\t<\/div>\n\t\t<\/div>\n\t\t\t\t\t<\/div>\n\t\t<\/section>\n\t\t\t\t<section class=\"elementor-section elementor-top-section elementor-element elementor-element-5aa0742a elementor-section-boxed elementor-section-height-default elementor-section-height-default elementor-invisible\" data-id=\"5aa0742a\" data-element_type=\"section\" data-e-type=\"section\" data-settings=\"{&quot;animation&quot;:&quot;fadeIn&quot;}\">\n\t\t\t\t\t\t<div class=\"elementor-container elementor-column-gap-default\">\n\t\t\t\t\t<div class=\"elementor-column elementor-col-100 elementor-top-column elementor-element elementor-element-3ed545cc\" data-id=\"3ed545cc\" data-element_type=\"column\" data-e-type=\"column\">\n\t\t\t<div class=\"elementor-widget-wrap elementor-element-populated\">\n\t\t\t\t\t\t<div class=\"elementor-element elementor-element-5a536189 elementor-widget elementor-widget-heading\" data-id=\"5a536189\" data-element_type=\"widget\" data-e-type=\"widget\" data-widget_type=\"heading.default\">\n\t\t\t\t<div class=\"elementor-widget-container\">\n\t\t\t\t\t<h3 class=\"elementor-heading-title elementor-size-default\">ALUEELLA TOIMIVAT MOBIILISOVELLUKSET<\/h3>\t\t\t\t<\/div>\n\t\t\t\t<\/div>\n\t\t\t\t\t<\/div>\n\t\t<\/div>\n\t\t\t\t\t<\/div>\n\t\t<\/section>\n\t\t\t\t<section class=\"elementor-section elementor-top-section elementor-element elementor-element-169c7e43 elementor-section-boxed elementor-section-height-default elementor-section-height-default elementor-invisible\" data-id=\"169c7e43\" data-element_type=\"section\" data-e-type=\"section\" data-settings=\"{&quot;animation&quot;:&quot;fadeIn&quot;}\">\n\t\t\t\t\t\t<div class=\"elementor-container elementor-column-gap-default\">\n\t\t\t\t\t<div class=\"elementor-column elementor-col-20 elementor-top-column elementor-element elementor-element-78cfe11b\" data-id=\"78cfe11b\" data-element_type=\"column\" data-e-type=\"column\">\n\t\t\t<div class=\"elementor-widget-wrap elementor-element-populated\">\n\t\t\t\t\t\t<div class=\"elementor-element elementor-element-4b3c2bdc elementor-widget elementor-widget-image\" data-id=\"4b3c2bdc\" data-element_type=\"widget\" data-e-type=\"widget\" data-widget_type=\"image.default\">\n\t\t\t\t<div class=\"elementor-widget-container\">\n\t\t\t\t\t\t\t\t\t\t\t\t\t\t\t<img decoding=\"async\" width=\"300\" height=\"169\" src=\"https:\/\/satakunnanmessut.fi\/rekrymessut-marraskuu-2026\/wp-content\/uploads\/sites\/8\/2022\/11\/PARKMAN_540x304-1-300x169.jpg\" class=\"attachment-medium size-medium wp-image-104\" alt=\"\" srcset=\"https:\/\/satakunnanmessut.fi\/rekrymessut-marraskuu-2026\/wp-content\/uploads\/sites\/8\/2022\/11\/PARKMAN_540x304-1-300x169.jpg 300w, https:\/\/satakunnanmessut.fi\/rekrymessut-marraskuu-2026\/wp-content\/uploads\/sites\/8\/2022\/11\/PARKMAN_540x304-1.jpg 540w\" sizes=\"(max-width: 300px) 100vw, 300px\" \/>\t\t\t\t\t\t\t\t\t\t\t\t\t\t\t<\/div>\n\t\t\t\t<\/div>\n\t\t\t\t\t<\/div>\n\t\t<\/div>\n\t\t\t\t<div class=\"elementor-column elementor-col-20 elementor-top-column elementor-element elementor-element-2655b655\" data-id=\"2655b655\" data-element_type=\"column\" data-e-type=\"column\">\n\t\t\t<div class=\"elementor-widget-wrap elementor-element-populated\">\n\t\t\t\t\t\t<div class=\"elementor-element elementor-element-4eb904d2 elementor-widget elementor-widget-image\" data-id=\"4eb904d2\" data-element_type=\"widget\" data-e-type=\"widget\" data-widget_type=\"image.default\">\n\t\t\t\t<div class=\"elementor-widget-container\">\n\t\t\t\t\t\t\t\t\t\t\t\t\t\t\t<img decoding=\"async\" width=\"300\" height=\"169\" src=\"https:\/\/satakunnanmessut.fi\/rekrymessut-marraskuu-2026\/wp-content\/uploads\/sites\/8\/2022\/11\/EASYPARK_540x304-1-300x169.jpg\" class=\"attachment-medium size-medium wp-image-105\" alt=\"\" srcset=\"https:\/\/satakunnanmessut.fi\/rekrymessut-marraskuu-2026\/wp-content\/uploads\/sites\/8\/2022\/11\/EASYPARK_540x304-1-300x169.jpg 300w, https:\/\/satakunnanmessut.fi\/rekrymessut-marraskuu-2026\/wp-content\/uploads\/sites\/8\/2022\/11\/EASYPARK_540x304-1.jpg 540w\" sizes=\"(max-width: 300px) 100vw, 300px\" \/>\t\t\t\t\t\t\t\t\t\t\t\t\t\t\t<\/div>\n\t\t\t\t<\/div>\n\t\t\t\t\t<\/div>\n\t\t<\/div>\n\t\t\t\t<div class=\"elementor-column elementor-col-20 elementor-top-column elementor-element elementor-element-5f887bc1\" data-id=\"5f887bc1\" data-element_type=\"column\" data-e-type=\"column\">\n\t\t\t<div class=\"elementor-widget-wrap\">\n\t\t\t\t\t\t\t<\/div>\n\t\t<\/div>\n\t\t\t\t<div class=\"elementor-column elementor-col-20 elementor-top-column elementor-element elementor-element-3f32d2da\" data-id=\"3f32d2da\" data-element_type=\"column\" data-e-type=\"column\">\n\t\t\t<div class=\"elementor-widget-wrap\">\n\t\t\t\t\t\t\t<\/div>\n\t\t<\/div>\n\t\t\t\t<div class=\"elementor-column elementor-col-20 elementor-top-column elementor-element elementor-element-7c4cb6d1\" data-id=\"7c4cb6d1\" data-element_type=\"column\" data-e-type=\"column\">\n\t\t\t<div class=\"elementor-widget-wrap\">\n\t\t\t\t\t\t\t<\/div>\n\t\t<\/div>\n\t\t\t\t\t<\/div>\n\t\t<\/section>\n\t\t\t\t<\/div>\n\t\t","protected":false},"excerpt":{"rendered":"<p>PYS\u00c4K\u00d6INTIALUEET PORIN SAMK-KAMPUKSEN ALUEELLA Pys\u00e4k\u00f6inti on maksutonta11.11.2026 vy\u00f6hykkeill\u00e4 A ja B.1 h pys\u00e4k\u00f6intikiekkopaikat on tarkoitettu ainoastaan kaupan asiakkaille. HUOM! Kampuksen piha-alueella olevat 1 h-pys\u00e4k\u00f6intikiekkopaikat ovat tarkoitettu vain kaupan asiakkaille.Inva-pys\u00e4k\u00f6intipaikat sijaitsevat sis\u00e4pihalla kaariovien l\u00e4heisyydess\u00e4. Huomaathan my\u00f6s ison pys\u00e4k\u00f6intialueen junaradan ja Helsingintien v\u00e4liss\u00e4. Pys\u00e4k\u00f6intialueelle ajetaan Tiilim\u00e4entien ja Ratapihantien kautta. Sielt\u00e4 on vain muutama sata metri\u00e4 matkaa kampukselle. [&hellip;]<\/p>\n","protected":false},"author":2,"featured_media":0,"parent":0,"menu_order":0,"comment_status":"closed","ping_status":"closed","template":"","meta":{"footnotes":""},"class_list":["post-187","page","type-page","status-publish","hentry"],"yoast_head":"<!-- This site is optimized with the Yoast SEO plugin v27.4 - https:\/\/yoast.com\/product\/yoast-seo-wordpress\/ -->\n<title>P-alue - Rekrymessut 11.11.2026<\/title>\n<meta name=\"robots\" content=\"index, follow, max-snippet:-1, max-image-preview:large, max-video-preview:-1\" \/>\n<link rel=\"canonical\" href=\"https:\/\/satakunnanmessut.fi\/rekrymessut-marraskuu-2026\/p-alue\/\" \/>\n<meta property=\"og:locale\" content=\"fi_FI\" \/>\n<meta property=\"og:type\" content=\"article\" \/>\n<meta property=\"og:title\" content=\"P-alue - Rekrymessut 11.11.2026\" \/>\n<meta property=\"og:description\" content=\"PYS\u00c4K\u00d6INTIALUEET PORIN SAMK-KAMPUKSEN ALUEELLA Pys\u00e4k\u00f6inti on maksutonta11.11.2026 vy\u00f6hykkeill\u00e4 A ja B.1 h pys\u00e4k\u00f6intikiekkopaikat on tarkoitettu ainoastaan kaupan asiakkaille. HUOM! Kampuksen piha-alueella olevat 1 h-pys\u00e4k\u00f6intikiekkopaikat ovat tarkoitettu vain kaupan asiakkaille.Inva-pys\u00e4k\u00f6intipaikat sijaitsevat sis\u00e4pihalla kaariovien l\u00e4heisyydess\u00e4. Huomaathan my\u00f6s ison pys\u00e4k\u00f6intialueen junaradan ja Helsingintien v\u00e4liss\u00e4. Pys\u00e4k\u00f6intialueelle ajetaan Tiilim\u00e4entien ja Ratapihantien kautta. Sielt\u00e4 on vain muutama sata metri\u00e4 matkaa kampukselle. [&hellip;]\" \/>\n<meta property=\"og:url\" content=\"https:\/\/satakunnanmessut.fi\/rekrymessut-marraskuu-2026\/p-alue\/\" \/>\n<meta property=\"og:site_name\" content=\"Rekrymessut 11.11.2026\" \/>\n<meta property=\"article:modified_time\" content=\"2025-11-19T11:27:25+00:00\" \/>\n<meta property=\"og:image\" content=\"https:\/\/satakunnanmessut.fi\/rekrymessut-marraskuu-2026\/wp-content\/uploads\/sites\/8\/2022\/11\/SAMK_P-ALUE-768x380.jpg\" \/>\n<meta name=\"twitter:card\" content=\"summary_large_image\" \/>\n<meta name=\"twitter:label1\" content=\"Arvioitu lukuaika\" \/>\n\t<meta name=\"twitter:data1\" content=\"2 minuuttia\" \/>\n<script type=\"application\/ld+json\" class=\"yoast-schema-graph\">{\"@context\":\"https:\\\/\\\/schema.org\",\"@graph\":[{\"@type\":\"WebPage\",\"@id\":\"https:\\\/\\\/satakunnanmessut.fi\\\/rekrymessut-marraskuu-2026\\\/p-alue\\\/\",\"url\":\"https:\\\/\\\/satakunnanmessut.fi\\\/rekrymessut-marraskuu-2026\\\/p-alue\\\/\",\"name\":\"P-alue - Rekrymessut 11.11.2026\",\"isPartOf\":{\"@id\":\"https:\\\/\\\/satakunnanmessut.fi\\\/rekrymessut-marraskuu-2026\\\/#website\"},\"primaryImageOfPage\":{\"@id\":\"https:\\\/\\\/satakunnanmessut.fi\\\/rekrymessut-marraskuu-2026\\\/p-alue\\\/#primaryimage\"},\"image\":{\"@id\":\"https:\\\/\\\/satakunnanmessut.fi\\\/rekrymessut-marraskuu-2026\\\/p-alue\\\/#primaryimage\"},\"thumbnailUrl\":\"https:\\\/\\\/satakunnanmessut.fi\\\/rekrymessut-marraskuu-2026\\\/wp-content\\\/uploads\\\/sites\\\/8\\\/2022\\\/11\\\/SAMK_P-ALUE-768x380.jpg\",\"datePublished\":\"2022-11-22T12:33:36+00:00\",\"dateModified\":\"2025-11-19T11:27:25+00:00\",\"breadcrumb\":{\"@id\":\"https:\\\/\\\/satakunnanmessut.fi\\\/rekrymessut-marraskuu-2026\\\/p-alue\\\/#breadcrumb\"},\"inLanguage\":\"fi\",\"potentialAction\":[{\"@type\":\"ReadAction\",\"target\":[\"https:\\\/\\\/satakunnanmessut.fi\\\/rekrymessut-marraskuu-2026\\\/p-alue\\\/\"]}]},{\"@type\":\"ImageObject\",\"inLanguage\":\"fi\",\"@id\":\"https:\\\/\\\/satakunnanmessut.fi\\\/rekrymessut-marraskuu-2026\\\/p-alue\\\/#primaryimage\",\"url\":\"https:\\\/\\\/satakunnanmessut.fi\\\/rekrymessut-marraskuu-2026\\\/wp-content\\\/uploads\\\/sites\\\/8\\\/2022\\\/11\\\/SAMK_P-ALUE.jpg\",\"contentUrl\":\"https:\\\/\\\/satakunnanmessut.fi\\\/rekrymessut-marraskuu-2026\\\/wp-content\\\/uploads\\\/sites\\\/8\\\/2022\\\/11\\\/SAMK_P-ALUE.jpg\",\"width\":1289,\"height\":638},{\"@type\":\"BreadcrumbList\",\"@id\":\"https:\\\/\\\/satakunnanmessut.fi\\\/rekrymessut-marraskuu-2026\\\/p-alue\\\/#breadcrumb\",\"itemListElement\":[{\"@type\":\"ListItem\",\"position\":1,\"name\":\"Etusivu\",\"item\":\"https:\\\/\\\/satakunnanmessut.fi\\\/rekrymessut-marraskuu-2026\\\/\"},{\"@type\":\"ListItem\",\"position\":2,\"name\":\"P-alue\"}]},{\"@type\":\"WebSite\",\"@id\":\"https:\\\/\\\/satakunnanmessut.fi\\\/rekrymessut-marraskuu-2026\\\/#website\",\"url\":\"https:\\\/\\\/satakunnanmessut.fi\\\/rekrymessut-marraskuu-2026\\\/\",\"name\":\"Rekrymessut 11.11.2026\",\"description\":\"Ty\u00f6paikkoja tarjoavien yritysten edustajia, sek\u00e4 tuoretta tietoa mm. eri alojen koulutuksista.\",\"potentialAction\":[{\"@type\":\"SearchAction\",\"target\":{\"@type\":\"EntryPoint\",\"urlTemplate\":\"https:\\\/\\\/satakunnanmessut.fi\\\/rekrymessut-marraskuu-2026\\\/?s={search_term_string}\"},\"query-input\":{\"@type\":\"PropertyValueSpecification\",\"valueRequired\":true,\"valueName\":\"search_term_string\"}}],\"inLanguage\":\"fi\"}]}<\/script>\n<!-- \/ Yoast SEO plugin. -->","yoast_head_json":{"title":"P-alue - Rekrymessut 11.11.2026","robots":{"index":"index","follow":"follow","max-snippet":"max-snippet:-1","max-image-preview":"max-image-preview:large","max-video-preview":"max-video-preview:-1"},"canonical":"https:\/\/satakunnanmessut.fi\/rekrymessut-marraskuu-2026\/p-alue\/","og_locale":"fi_FI","og_type":"article","og_title":"P-alue - Rekrymessut 11.11.2026","og_description":"PYS\u00c4K\u00d6INTIALUEET PORIN SAMK-KAMPUKSEN ALUEELLA Pys\u00e4k\u00f6inti on maksutonta11.11.2026 vy\u00f6hykkeill\u00e4 A ja B.1 h pys\u00e4k\u00f6intikiekkopaikat on tarkoitettu ainoastaan kaupan asiakkaille. HUOM! Kampuksen piha-alueella olevat 1 h-pys\u00e4k\u00f6intikiekkopaikat ovat tarkoitettu vain kaupan asiakkaille.Inva-pys\u00e4k\u00f6intipaikat sijaitsevat sis\u00e4pihalla kaariovien l\u00e4heisyydess\u00e4. Huomaathan my\u00f6s ison pys\u00e4k\u00f6intialueen junaradan ja Helsingintien v\u00e4liss\u00e4. Pys\u00e4k\u00f6intialueelle ajetaan Tiilim\u00e4entien ja Ratapihantien kautta. Sielt\u00e4 on vain muutama sata metri\u00e4 matkaa kampukselle. [&hellip;]","og_url":"https:\/\/satakunnanmessut.fi\/rekrymessut-marraskuu-2026\/p-alue\/","og_site_name":"Rekrymessut 11.11.2026","article_modified_time":"2025-11-19T11:27:25+00:00","og_image":[{"url":"https:\/\/satakunnanmessut.fi\/rekrymessut-marraskuu-2026\/wp-content\/uploads\/sites\/8\/2022\/11\/SAMK_P-ALUE-768x380.jpg","type":"","width":"","height":""}],"twitter_card":"summary_large_image","twitter_misc":{"Arvioitu lukuaika":"2 minuuttia"},"schema":{"@context":"https:\/\/schema.org","@graph":[{"@type":"WebPage","@id":"https:\/\/satakunnanmessut.fi\/rekrymessut-marraskuu-2026\/p-alue\/","url":"https:\/\/satakunnanmessut.fi\/rekrymessut-marraskuu-2026\/p-alue\/","name":"P-alue - Rekrymessut 11.11.2026","isPartOf":{"@id":"https:\/\/satakunnanmessut.fi\/rekrymessut-marraskuu-2026\/#website"},"primaryImageOfPage":{"@id":"https:\/\/satakunnanmessut.fi\/rekrymessut-marraskuu-2026\/p-alue\/#primaryimage"},"image":{"@id":"https:\/\/satakunnanmessut.fi\/rekrymessut-marraskuu-2026\/p-alue\/#primaryimage"},"thumbnailUrl":"https:\/\/satakunnanmessut.fi\/rekrymessut-marraskuu-2026\/wp-content\/uploads\/sites\/8\/2022\/11\/SAMK_P-ALUE-768x380.jpg","datePublished":"2022-11-22T12:33:36+00:00","dateModified":"2025-11-19T11:27:25+00:00","breadcrumb":{"@id":"https:\/\/satakunnanmessut.fi\/rekrymessut-marraskuu-2026\/p-alue\/#breadcrumb"},"inLanguage":"fi","potentialAction":[{"@type":"ReadAction","target":["https:\/\/satakunnanmessut.fi\/rekrymessut-marraskuu-2026\/p-alue\/"]}]},{"@type":"ImageObject","inLanguage":"fi","@id":"https:\/\/satakunnanmessut.fi\/rekrymessut-marraskuu-2026\/p-alue\/#primaryimage","url":"https:\/\/satakunnanmessut.fi\/rekrymessut-marraskuu-2026\/wp-content\/uploads\/sites\/8\/2022\/11\/SAMK_P-ALUE.jpg","contentUrl":"https:\/\/satakunnanmessut.fi\/rekrymessut-marraskuu-2026\/wp-content\/uploads\/sites\/8\/2022\/11\/SAMK_P-ALUE.jpg","width":1289,"height":638},{"@type":"BreadcrumbList","@id":"https:\/\/satakunnanmessut.fi\/rekrymessut-marraskuu-2026\/p-alue\/#breadcrumb","itemListElement":[{"@type":"ListItem","position":1,"name":"Etusivu","item":"https:\/\/satakunnanmessut.fi\/rekrymessut-marraskuu-2026\/"},{"@type":"ListItem","position":2,"name":"P-alue"}]},{"@type":"WebSite","@id":"https:\/\/satakunnanmessut.fi\/rekrymessut-marraskuu-2026\/#website","url":"https:\/\/satakunnanmessut.fi\/rekrymessut-marraskuu-2026\/","name":"Rekrymessut 11.11.2026","description":"Ty\u00f6paikkoja tarjoavien yritysten edustajia, sek\u00e4 tuoretta tietoa mm. eri alojen koulutuksista.","potentialAction":[{"@type":"SearchAction","target":{"@type":"EntryPoint","urlTemplate":"https:\/\/satakunnanmessut.fi\/rekrymessut-marraskuu-2026\/?s={search_term_string}"},"query-input":{"@type":"PropertyValueSpecification","valueRequired":true,"valueName":"search_term_string"}}],"inLanguage":"fi"}]}},"_links":{"self":[{"href":"https:\/\/satakunnanmessut.fi\/rekrymessut-marraskuu-2026\/wp-json\/wp\/v2\/pages\/187","targetHints":{"allow":["GET"]}}],"collection":[{"href":"https:\/\/satakunnanmessut.fi\/rekrymessut-marraskuu-2026\/wp-json\/wp\/v2\/pages"}],"about":[{"href":"https:\/\/satakunnanmessut.fi\/rekrymessut-marraskuu-2026\/wp-json\/wp\/v2\/types\/page"}],"author":[{"embeddable":true,"href":"https:\/\/satakunnanmessut.fi\/rekrymessut-marraskuu-2026\/wp-json\/wp\/v2\/users\/2"}],"replies":[{"embeddable":true,"href":"https:\/\/satakunnanmessut.fi\/rekrymessut-marraskuu-2026\/wp-json\/wp\/v2\/comments?post=187"}],"version-history":[{"count":0,"href":"https:\/\/satakunnanmessut.fi\/rekrymessut-marraskuu-2026\/wp-json\/wp\/v2\/pages\/187\/revisions"}],"wp:attachment":[{"href":"https:\/\/satakunnanmessut.fi\/rekrymessut-marraskuu-2026\/wp-json\/wp\/v2\/media?parent=187"}],"curies":[{"name":"wp","href":"https:\/\/api.w.org\/{rel}","templated":true}]}}