{"id":671,"date":"2022-09-14T07:58:19","date_gmt":"2022-09-14T04:58:19","guid":{"rendered":"https:\/\/uusi.satakunnanmessut.fi\/rekrymessut\/?page_id=671"},"modified":"2022-09-15T15:14:26","modified_gmt":"2022-09-15T12:14:26","slug":"yhteistyokumppanit","status":"publish","type":"page","link":"https:\/\/satakunnanmessut.fi\/rekrymessut-marraskuu-2024\/yhteistyokumppanit\/","title":{"rendered":"Yhteisty\u00f6kumppanit"},"content":{"rendered":"\t\t<div data-elementor-type=\"wp-page\" data-elementor-id=\"671\" class=\"elementor elementor-671\" data-elementor-post-type=\"page\">\n\t\t\t\t\t\t<section class=\"elementor-section elementor-top-section elementor-element elementor-element-36f04f36 elementor-section-boxed elementor-section-height-default elementor-section-height-default\" data-id=\"36f04f36\" data-element_type=\"section\" data-e-type=\"section\">\n\t\t\t\t\t\t<div class=\"elementor-container elementor-column-gap-default\">\n\t\t\t\t\t<div class=\"elementor-column elementor-col-100 elementor-top-column elementor-element elementor-element-78eb3f27\" data-id=\"78eb3f27\" data-element_type=\"column\" data-e-type=\"column\">\n\t\t\t<div class=\"elementor-widget-wrap elementor-element-populated\">\n\t\t\t\t\t\t<div class=\"elementor-element elementor-element-4a489426 elementor-widget elementor-widget-heading\" data-id=\"4a489426\" data-element_type=\"widget\" data-e-type=\"widget\" data-widget_type=\"heading.default\">\n\t\t\t\t<div class=\"elementor-widget-container\">\n\t\t\t\t\t<h1 class=\"elementor-heading-title elementor-size-default\">TEHOSTA N\u00c4KYVYYTT\u00c4SI<\/h1>\t\t\t\t<\/div>\n\t\t\t\t<\/div>\n\t\t\t\t<div class=\"elementor-element elementor-element-409d194e elementor-widget elementor-widget-heading\" data-id=\"409d194e\" data-element_type=\"widget\" data-e-type=\"widget\" data-widget_type=\"heading.default\">\n\t\t\t\t<div class=\"elementor-widget-container\">\n\t\t\t\t\t<h2 class=\"elementor-heading-title elementor-size-default\">REKRYMESSUJEN YHTEISTY\u00d6KUMPPANI<\/h2>\t\t\t\t<\/div>\n\t\t\t\t<\/div>\n\t\t\t\t<div class=\"elementor-element elementor-element-49c1e30c elementor-widget elementor-widget-text-editor\" data-id=\"49c1e30c\" data-element_type=\"widget\" data-e-type=\"widget\" data-widget_type=\"text-editor.default\">\n\t\t\t\t<div class=\"elementor-widget-container\">\n\t\t\t\t\t\t\t\t\t<p>&#8211; 2&#215;2 m osasto sis. 1-3 kW s\u00e4hk\u00f6liittym\u00e4n<br>&#8211; logon\u00e4kyvyys kaikessa markkinoinnissa <br>&#8211; kaupallinen yhteisty\u00f6 1\/2-sivu messulehdess\u00e4<br>&#8211; nostot Satakunnan Messujen some-kanavissa<br><br><b>Paketin hinta yht. 1.450 \u20ac + alv.<\/b><\/p>\t\t\t\t\t\t\t\t<\/div>\n\t\t\t\t<\/div>\n\t\t\t\t\t<\/div>\n\t\t<\/div>\n\t\t\t\t\t<\/div>\n\t\t<\/section>\n\t\t\t\t<\/div>\n\t\t","protected":false},"excerpt":{"rendered":"<p>TEHOSTA N\u00c4KYVYYTT\u00c4SI REKRYMESSUJEN YHTEISTY\u00d6KUMPPANI &#8211; 2&#215;2 m osasto sis. 1-3 kW s\u00e4hk\u00f6liittym\u00e4n&#8211; logon\u00e4kyvyys kaikessa markkinoinnissa &#8211; kaupallinen yhteisty\u00f6 1\/2-sivu messulehdess\u00e4&#8211; nostot Satakunnan Messujen some-kanavissa Paketin hinta yht. 1.450 \u20ac + alv.<\/p>\n","protected":false},"author":2,"featured_media":0,"parent":0,"menu_order":0,"comment_status":"closed","ping_status":"closed","template":"","meta":{"footnotes":""},"class_list":["post-671","page","type-page","status-publish","hentry"],"yoast_head":"<!-- This site is optimized with the Yoast SEO plugin v27.4 - https:\/\/yoast.com\/product\/yoast-seo-wordpress\/ -->\n<title>Yhteisty\u00f6kumppanit - Rekrymessut 13.11.2024<\/title>\n<meta name=\"robots\" content=\"index, follow, max-snippet:-1, max-image-preview:large, max-video-preview:-1\" \/>\n<link rel=\"canonical\" href=\"https:\/\/satakunnanmessut.fi\/rekrymessut-marraskuu-2024\/yhteistyokumppanit\/\" \/>\n<meta property=\"og:locale\" content=\"fi_FI\" \/>\n<meta property=\"og:type\" content=\"article\" \/>\n<meta property=\"og:title\" content=\"Yhteisty\u00f6kumppanit - Rekrymessut 13.11.2024\" \/>\n<meta property=\"og:description\" content=\"TEHOSTA N\u00c4KYVYYTT\u00c4SI REKRYMESSUJEN YHTEISTY\u00d6KUMPPANI &#8211; 2&#215;2 m osasto sis. 1-3 kW s\u00e4hk\u00f6liittym\u00e4n&#8211; logon\u00e4kyvyys kaikessa markkinoinnissa &#8211; kaupallinen yhteisty\u00f6 1\/2-sivu messulehdess\u00e4&#8211; nostot Satakunnan Messujen some-kanavissa Paketin hinta yht. 1.450 \u20ac + alv.\" \/>\n<meta property=\"og:url\" content=\"https:\/\/satakunnanmessut.fi\/rekrymessut-marraskuu-2024\/yhteistyokumppanit\/\" \/>\n<meta property=\"og:site_name\" content=\"Rekrymessut 13.11.2024\" \/>\n<meta property=\"article:modified_time\" content=\"2022-09-15T12:14:26+00:00\" \/>\n<meta name=\"twitter:card\" content=\"summary_large_image\" \/>\n<script type=\"application\/ld+json\" class=\"yoast-schema-graph\">{\"@context\":\"https:\\\/\\\/schema.org\",\"@graph\":[{\"@type\":\"WebPage\",\"@id\":\"https:\\\/\\\/satakunnanmessut.fi\\\/rekrymessut-marraskuu-2024\\\/yhteistyokumppanit\\\/\",\"url\":\"https:\\\/\\\/satakunnanmessut.fi\\\/rekrymessut-marraskuu-2024\\\/yhteistyokumppanit\\\/\",\"name\":\"Yhteisty\u00f6kumppanit - Rekrymessut 13.11.2024\",\"isPartOf\":{\"@id\":\"https:\\\/\\\/satakunnanmessut.fi\\\/rekrymessut-marraskuu-2024\\\/#website\"},\"datePublished\":\"2022-09-14T04:58:19+00:00\",\"dateModified\":\"2022-09-15T12:14:26+00:00\",\"breadcrumb\":{\"@id\":\"https:\\\/\\\/satakunnanmessut.fi\\\/rekrymessut-marraskuu-2024\\\/yhteistyokumppanit\\\/#breadcrumb\"},\"inLanguage\":\"fi\",\"potentialAction\":[{\"@type\":\"ReadAction\",\"target\":[\"https:\\\/\\\/satakunnanmessut.fi\\\/rekrymessut-marraskuu-2024\\\/yhteistyokumppanit\\\/\"]}]},{\"@type\":\"BreadcrumbList\",\"@id\":\"https:\\\/\\\/satakunnanmessut.fi\\\/rekrymessut-marraskuu-2024\\\/yhteistyokumppanit\\\/#breadcrumb\",\"itemListElement\":[{\"@type\":\"ListItem\",\"position\":1,\"name\":\"Etusivu\",\"item\":\"https:\\\/\\\/satakunnanmessut.fi\\\/rekrymessut-marraskuu-2024\\\/\"},{\"@type\":\"ListItem\",\"position\":2,\"name\":\"Yhteisty\u00f6kumppanit\"}]},{\"@type\":\"WebSite\",\"@id\":\"https:\\\/\\\/satakunnanmessut.fi\\\/rekrymessut-marraskuu-2024\\\/#website\",\"url\":\"https:\\\/\\\/satakunnanmessut.fi\\\/rekrymessut-marraskuu-2024\\\/\",\"name\":\"Rekrymessut 13.11.2024\",\"description\":\"Satakunnan Rekrymessuilla ty\u00f6paikkoja tarjoavien yritysten edustajia, sek\u00e4 tuoretta tietoa mm. eri alojen koulutuksista.\",\"potentialAction\":[{\"@type\":\"SearchAction\",\"target\":{\"@type\":\"EntryPoint\",\"urlTemplate\":\"https:\\\/\\\/satakunnanmessut.fi\\\/rekrymessut-marraskuu-2024\\\/?s={search_term_string}\"},\"query-input\":{\"@type\":\"PropertyValueSpecification\",\"valueRequired\":true,\"valueName\":\"search_term_string\"}}],\"inLanguage\":\"fi\"}]}<\/script>\n<!-- \/ Yoast SEO plugin. -->","yoast_head_json":{"title":"Yhteisty\u00f6kumppanit - Rekrymessut 13.11.2024","robots":{"index":"index","follow":"follow","max-snippet":"max-snippet:-1","max-image-preview":"max-image-preview:large","max-video-preview":"max-video-preview:-1"},"canonical":"https:\/\/satakunnanmessut.fi\/rekrymessut-marraskuu-2024\/yhteistyokumppanit\/","og_locale":"fi_FI","og_type":"article","og_title":"Yhteisty\u00f6kumppanit - Rekrymessut 13.11.2024","og_description":"TEHOSTA N\u00c4KYVYYTT\u00c4SI REKRYMESSUJEN YHTEISTY\u00d6KUMPPANI &#8211; 2&#215;2 m osasto sis. 1-3 kW s\u00e4hk\u00f6liittym\u00e4n&#8211; logon\u00e4kyvyys kaikessa markkinoinnissa &#8211; kaupallinen yhteisty\u00f6 1\/2-sivu messulehdess\u00e4&#8211; nostot Satakunnan Messujen some-kanavissa Paketin hinta yht. 1.450 \u20ac + alv.","og_url":"https:\/\/satakunnanmessut.fi\/rekrymessut-marraskuu-2024\/yhteistyokumppanit\/","og_site_name":"Rekrymessut 13.11.2024","article_modified_time":"2022-09-15T12:14:26+00:00","twitter_card":"summary_large_image","schema":{"@context":"https:\/\/schema.org","@graph":[{"@type":"WebPage","@id":"https:\/\/satakunnanmessut.fi\/rekrymessut-marraskuu-2024\/yhteistyokumppanit\/","url":"https:\/\/satakunnanmessut.fi\/rekrymessut-marraskuu-2024\/yhteistyokumppanit\/","name":"Yhteisty\u00f6kumppanit - Rekrymessut 13.11.2024","isPartOf":{"@id":"https:\/\/satakunnanmessut.fi\/rekrymessut-marraskuu-2024\/#website"},"datePublished":"2022-09-14T04:58:19+00:00","dateModified":"2022-09-15T12:14:26+00:00","breadcrumb":{"@id":"https:\/\/satakunnanmessut.fi\/rekrymessut-marraskuu-2024\/yhteistyokumppanit\/#breadcrumb"},"inLanguage":"fi","potentialAction":[{"@type":"ReadAction","target":["https:\/\/satakunnanmessut.fi\/rekrymessut-marraskuu-2024\/yhteistyokumppanit\/"]}]},{"@type":"BreadcrumbList","@id":"https:\/\/satakunnanmessut.fi\/rekrymessut-marraskuu-2024\/yhteistyokumppanit\/#breadcrumb","itemListElement":[{"@type":"ListItem","position":1,"name":"Etusivu","item":"https:\/\/satakunnanmessut.fi\/rekrymessut-marraskuu-2024\/"},{"@type":"ListItem","position":2,"name":"Yhteisty\u00f6kumppanit"}]},{"@type":"WebSite","@id":"https:\/\/satakunnanmessut.fi\/rekrymessut-marraskuu-2024\/#website","url":"https:\/\/satakunnanmessut.fi\/rekrymessut-marraskuu-2024\/","name":"Rekrymessut 13.11.2024","description":"Satakunnan Rekrymessuilla ty\u00f6paikkoja tarjoavien yritysten edustajia, sek\u00e4 tuoretta tietoa mm. eri alojen koulutuksista.","potentialAction":[{"@type":"SearchAction","target":{"@type":"EntryPoint","urlTemplate":"https:\/\/satakunnanmessut.fi\/rekrymessut-marraskuu-2024\/?s={search_term_string}"},"query-input":{"@type":"PropertyValueSpecification","valueRequired":true,"valueName":"search_term_string"}}],"inLanguage":"fi"}]}},"_links":{"self":[{"href":"https:\/\/satakunnanmessut.fi\/rekrymessut-marraskuu-2024\/wp-json\/wp\/v2\/pages\/671","targetHints":{"allow":["GET"]}}],"collection":[{"href":"https:\/\/satakunnanmessut.fi\/rekrymessut-marraskuu-2024\/wp-json\/wp\/v2\/pages"}],"about":[{"href":"https:\/\/satakunnanmessut.fi\/rekrymessut-marraskuu-2024\/wp-json\/wp\/v2\/types\/page"}],"author":[{"embeddable":true,"href":"https:\/\/satakunnanmessut.fi\/rekrymessut-marraskuu-2024\/wp-json\/wp\/v2\/users\/2"}],"replies":[{"embeddable":true,"href":"https:\/\/satakunnanmessut.fi\/rekrymessut-marraskuu-2024\/wp-json\/wp\/v2\/comments?post=671"}],"version-history":[{"count":0,"href":"https:\/\/satakunnanmessut.fi\/rekrymessut-marraskuu-2024\/wp-json\/wp\/v2\/pages\/671\/revisions"}],"wp:attachment":[{"href":"https:\/\/satakunnanmessut.fi\/rekrymessut-marraskuu-2024\/wp-json\/wp\/v2\/media?parent=671"}],"curies":[{"name":"wp","href":"https:\/\/api.w.org\/{rel}","templated":true}]}}