{"id":410,"date":"2022-09-02T08:32:30","date_gmt":"2022-09-02T05:32:30","guid":{"rendered":"https:\/\/uusi.satakunnanmessut.fi\/rekrymessut\/?page_id=410"},"modified":"2024-11-14T16:26:32","modified_gmt":"2024-11-14T14:26:32","slug":"naytteilleasettajat","status":"publish","type":"page","link":"https:\/\/satakunnanmessut.fi\/rekrymessut-marraskuu-2024\/naytteilleasettajat\/","title":{"rendered":"N\u00e4ytteilleasettajat"},"content":{"rendered":"\t\t<div data-elementor-type=\"wp-page\" data-elementor-id=\"410\" class=\"elementor elementor-410\" data-elementor-post-type=\"page\">\n\t\t\t\t\t\t<section class=\"elementor-section elementor-top-section elementor-element elementor-element-5dba2021 elementor-section-boxed elementor-section-height-default elementor-section-height-default elementor-invisible\" data-id=\"5dba2021\" data-element_type=\"section\" data-e-type=\"section\" data-settings=\"{&quot;animation&quot;:&quot;fadeIn&quot;}\">\n\t\t\t\t\t\t<div class=\"elementor-container elementor-column-gap-default\">\n\t\t\t\t\t<div class=\"elementor-column elementor-col-100 elementor-top-column elementor-element elementor-element-327fd028\" data-id=\"327fd028\" data-element_type=\"column\" data-e-type=\"column\">\n\t\t\t<div class=\"elementor-widget-wrap elementor-element-populated\">\n\t\t\t\t\t\t<div class=\"elementor-element elementor-element-da948a2 elementor-widget elementor-widget-heading\" data-id=\"da948a2\" data-element_type=\"widget\" data-e-type=\"widget\" data-widget_type=\"heading.default\">\n\t\t\t\t<div class=\"elementor-widget-container\">\n\t\t\t\t\t<h1 class=\"elementor-heading-title elementor-size-default\">N\u00c4YTTEILLEASETTAJAt 13.11.2024 <\/h1>\t\t\t\t<\/div>\n\t\t\t\t<\/div>\n\t\t\t\t<section class=\"elementor-section elementor-inner-section elementor-element elementor-element-7b5e1c9 elementor-section-boxed elementor-section-height-default elementor-section-height-default\" data-id=\"7b5e1c9\" data-element_type=\"section\" data-e-type=\"section\">\n\t\t\t\t\t\t<div class=\"elementor-container elementor-column-gap-default\">\n\t\t\t\t\t<div class=\"elementor-column elementor-col-100 elementor-inner-column elementor-element elementor-element-6247bf1\" data-id=\"6247bf1\" data-element_type=\"column\" data-e-type=\"column\">\n\t\t\t<div class=\"elementor-widget-wrap elementor-element-populated\">\n\t\t\t\t\t\t<div class=\"elementor-element elementor-element-07538b6 elementor-widget elementor-widget-text-editor\" data-id=\"07538b6\" data-element_type=\"widget\" data-e-type=\"widget\" data-widget_type=\"text-editor.default\">\n\t\t\t\t<div class=\"elementor-widget-container\">\n\t\t\t\t\t\t\t\t\t<p>Aurubis<br \/>Luvata<br \/>Cupori<br \/>Satakunnan TE-Toimisto<br \/>Boliden Harjavalta Oy<br \/>Metso Outotec Finland<br \/>Sataedu<br \/>Componenta<br \/>Porin Ev.lut seurakuntayhtym\u00e4<br \/>Go On Pori<br \/>Mets\u00e4 Fibre Oy<br \/>Mets\u00e4 Group<br \/>Suomisen Kuitukankaat<br \/>Workpower<br \/>Satakunnan Osuuskauppa<br \/>Pori Energia<br \/>Sweco Finland Oy<br \/>Corex Finland Oy<br \/>Ruskatalojen palveluyhdistys ry<br \/>Lounais-Suomen Avustajakeskus<br \/>Bj\u00f6rneborgs svenska samskola<br \/>HR Sata<br \/>Saarioinen<br \/>Econia Oy<br \/>Raumaster<br \/>Winnova<br \/>L\u00e4nsi-Suomen OP<br \/>Sospro Satakunta Oy\/Ulvilan yksikk\u00f6<br \/>Merivoimat<br \/>ENG\u00b4nD<br \/>Meyer Turku Oy<br \/>Suomen L\u00e4hihoiva Oy<br \/>SAMK \/ Tour4Youth hanke<br \/>Mehil\u00e4inen sosiaalipalvelut Mainiokodit<br \/>Keskustan Satakunnan piiri<br \/>Norilsk Nickel<br \/>Kemira Oyj<br \/>Nipromec<br \/>Smart Energiapalvelut<br \/>Satakunnan Hyvinvointialue<br \/>Omexom<br \/>Vatajankoski<br \/>Numbers<br \/>Eezy Henkil\u00f6st\u00f6palvelut<br \/>Solum Asumispalvelut<br \/>Aputeam Pori Oy<br \/><br \/><\/p>\t\t\t\t\t\t\t\t<\/div>\n\t\t\t\t<\/div>\n\t\t\t\t\t<\/div>\n\t\t<\/div>\n\t\t\t\t\t<\/div>\n\t\t<\/section>\n\t\t\t\t\t<\/div>\n\t\t<\/div>\n\t\t\t\t\t<\/div>\n\t\t<\/section>\n\t\t\t\t<\/div>\n\t\t","protected":false},"excerpt":{"rendered":"<p>N\u00c4YTTEILLEASETTAJAt 13.11.2024 AurubisLuvataCuporiSatakunnan TE-ToimistoBoliden Harjavalta OyMetso Outotec FinlandSataeduComponentaPorin Ev.lut seurakuntayhtym\u00e4Go On PoriMets\u00e4 Fibre OyMets\u00e4 GroupSuomisen KuitukankaatWorkpowerSatakunnan OsuuskauppaPori EnergiaSweco Finland OyCorex Finland OyRuskatalojen palveluyhdistys ryLounais-Suomen AvustajakeskusBj\u00f6rneborgs svenska samskolaHR SataSaarioinenEconia OyRaumasterWinnovaL\u00e4nsi-Suomen OPSospro Satakunta Oy\/Ulvilan yksikk\u00f6MerivoimatENG\u00b4nDMeyer Turku OySuomen L\u00e4hihoiva OySAMK \/ Tour4Youth hankeMehil\u00e4inen sosiaalipalvelut MainiokoditKeskustan Satakunnan piiriNorilsk NickelKemira OyjNipromecSmart EnergiapalvelutSatakunnan HyvinvointialueOmexomVatajankoskiNumbersEezy Henkil\u00f6st\u00f6palvelutSolum AsumispalvelutAputeam Pori Oy<\/p>\n","protected":false},"author":2,"featured_media":0,"parent":0,"menu_order":0,"comment_status":"closed","ping_status":"closed","template":"","meta":{"footnotes":""},"class_list":["post-410","page","type-page","status-publish","hentry"],"yoast_head":"<!-- This site is optimized with the Yoast SEO plugin v27.4 - https:\/\/yoast.com\/product\/yoast-seo-wordpress\/ -->\n<title>N\u00e4ytteilleasettajat - Rekrymessut 13.11.2024<\/title>\n<meta name=\"robots\" content=\"index, follow, max-snippet:-1, max-image-preview:large, max-video-preview:-1\" \/>\n<link rel=\"canonical\" href=\"https:\/\/satakunnanmessut.fi\/rekrymessut-marraskuu-2024\/naytteilleasettajat\/\" \/>\n<meta property=\"og:locale\" content=\"fi_FI\" \/>\n<meta property=\"og:type\" content=\"article\" \/>\n<meta property=\"og:title\" content=\"N\u00e4ytteilleasettajat - Rekrymessut 13.11.2024\" \/>\n<meta property=\"og:description\" content=\"N\u00c4YTTEILLEASETTAJAt 13.11.2024 AurubisLuvataCuporiSatakunnan TE-ToimistoBoliden Harjavalta OyMetso Outotec FinlandSataeduComponentaPorin Ev.lut seurakuntayhtym\u00e4Go On PoriMets\u00e4 Fibre OyMets\u00e4 GroupSuomisen KuitukankaatWorkpowerSatakunnan OsuuskauppaPori EnergiaSweco Finland OyCorex Finland OyRuskatalojen palveluyhdistys ryLounais-Suomen AvustajakeskusBj\u00f6rneborgs svenska samskolaHR SataSaarioinenEconia OyRaumasterWinnovaL\u00e4nsi-Suomen OPSospro Satakunta Oy\/Ulvilan yksikk\u00f6MerivoimatENG\u00b4nDMeyer Turku OySuomen L\u00e4hihoiva OySAMK \/ Tour4Youth hankeMehil\u00e4inen sosiaalipalvelut MainiokoditKeskustan Satakunnan piiriNorilsk NickelKemira OyjNipromecSmart EnergiapalvelutSatakunnan HyvinvointialueOmexomVatajankoskiNumbersEezy Henkil\u00f6st\u00f6palvelutSolum AsumispalvelutAputeam Pori Oy\" \/>\n<meta property=\"og:url\" content=\"https:\/\/satakunnanmessut.fi\/rekrymessut-marraskuu-2024\/naytteilleasettajat\/\" \/>\n<meta property=\"og:site_name\" content=\"Rekrymessut 13.11.2024\" \/>\n<meta property=\"article:modified_time\" content=\"2024-11-14T14:26:32+00:00\" \/>\n<meta name=\"twitter:card\" content=\"summary_large_image\" \/>\n<meta name=\"twitter:label1\" content=\"Arvioitu lukuaika\" \/>\n\t<meta name=\"twitter:data1\" content=\"1 minuutti\" \/>\n<script type=\"application\/ld+json\" class=\"yoast-schema-graph\">{\"@context\":\"https:\\\/\\\/schema.org\",\"@graph\":[{\"@type\":\"WebPage\",\"@id\":\"https:\\\/\\\/satakunnanmessut.fi\\\/rekrymessut-marraskuu-2024\\\/naytteilleasettajat\\\/\",\"url\":\"https:\\\/\\\/satakunnanmessut.fi\\\/rekrymessut-marraskuu-2024\\\/naytteilleasettajat\\\/\",\"name\":\"N\u00e4ytteilleasettajat - Rekrymessut 13.11.2024\",\"isPartOf\":{\"@id\":\"https:\\\/\\\/satakunnanmessut.fi\\\/rekrymessut-marraskuu-2024\\\/#website\"},\"datePublished\":\"2022-09-02T05:32:30+00:00\",\"dateModified\":\"2024-11-14T14:26:32+00:00\",\"breadcrumb\":{\"@id\":\"https:\\\/\\\/satakunnanmessut.fi\\\/rekrymessut-marraskuu-2024\\\/naytteilleasettajat\\\/#breadcrumb\"},\"inLanguage\":\"fi\",\"potentialAction\":[{\"@type\":\"ReadAction\",\"target\":[\"https:\\\/\\\/satakunnanmessut.fi\\\/rekrymessut-marraskuu-2024\\\/naytteilleasettajat\\\/\"]}]},{\"@type\":\"BreadcrumbList\",\"@id\":\"https:\\\/\\\/satakunnanmessut.fi\\\/rekrymessut-marraskuu-2024\\\/naytteilleasettajat\\\/#breadcrumb\",\"itemListElement\":[{\"@type\":\"ListItem\",\"position\":1,\"name\":\"Etusivu\",\"item\":\"https:\\\/\\\/satakunnanmessut.fi\\\/rekrymessut-marraskuu-2024\\\/\"},{\"@type\":\"ListItem\",\"position\":2,\"name\":\"N\u00e4ytteilleasettajat\"}]},{\"@type\":\"WebSite\",\"@id\":\"https:\\\/\\\/satakunnanmessut.fi\\\/rekrymessut-marraskuu-2024\\\/#website\",\"url\":\"https:\\\/\\\/satakunnanmessut.fi\\\/rekrymessut-marraskuu-2024\\\/\",\"name\":\"Rekrymessut 13.11.2024\",\"description\":\"Satakunnan Rekrymessuilla ty\u00f6paikkoja tarjoavien yritysten edustajia, sek\u00e4 tuoretta tietoa mm. eri alojen koulutuksista.\",\"potentialAction\":[{\"@type\":\"SearchAction\",\"target\":{\"@type\":\"EntryPoint\",\"urlTemplate\":\"https:\\\/\\\/satakunnanmessut.fi\\\/rekrymessut-marraskuu-2024\\\/?s={search_term_string}\"},\"query-input\":{\"@type\":\"PropertyValueSpecification\",\"valueRequired\":true,\"valueName\":\"search_term_string\"}}],\"inLanguage\":\"fi\"}]}<\/script>\n<!-- \/ Yoast SEO plugin. -->","yoast_head_json":{"title":"N\u00e4ytteilleasettajat - Rekrymessut 13.11.2024","robots":{"index":"index","follow":"follow","max-snippet":"max-snippet:-1","max-image-preview":"max-image-preview:large","max-video-preview":"max-video-preview:-1"},"canonical":"https:\/\/satakunnanmessut.fi\/rekrymessut-marraskuu-2024\/naytteilleasettajat\/","og_locale":"fi_FI","og_type":"article","og_title":"N\u00e4ytteilleasettajat - Rekrymessut 13.11.2024","og_description":"N\u00c4YTTEILLEASETTAJAt 13.11.2024 AurubisLuvataCuporiSatakunnan TE-ToimistoBoliden Harjavalta OyMetso Outotec FinlandSataeduComponentaPorin Ev.lut seurakuntayhtym\u00e4Go On PoriMets\u00e4 Fibre OyMets\u00e4 GroupSuomisen KuitukankaatWorkpowerSatakunnan OsuuskauppaPori EnergiaSweco Finland OyCorex Finland OyRuskatalojen palveluyhdistys ryLounais-Suomen AvustajakeskusBj\u00f6rneborgs svenska samskolaHR SataSaarioinenEconia OyRaumasterWinnovaL\u00e4nsi-Suomen OPSospro Satakunta Oy\/Ulvilan yksikk\u00f6MerivoimatENG\u00b4nDMeyer Turku OySuomen L\u00e4hihoiva OySAMK \/ Tour4Youth hankeMehil\u00e4inen sosiaalipalvelut MainiokoditKeskustan Satakunnan piiriNorilsk NickelKemira OyjNipromecSmart EnergiapalvelutSatakunnan HyvinvointialueOmexomVatajankoskiNumbersEezy Henkil\u00f6st\u00f6palvelutSolum AsumispalvelutAputeam Pori Oy","og_url":"https:\/\/satakunnanmessut.fi\/rekrymessut-marraskuu-2024\/naytteilleasettajat\/","og_site_name":"Rekrymessut 13.11.2024","article_modified_time":"2024-11-14T14:26:32+00:00","twitter_card":"summary_large_image","twitter_misc":{"Arvioitu lukuaika":"1 minuutti"},"schema":{"@context":"https:\/\/schema.org","@graph":[{"@type":"WebPage","@id":"https:\/\/satakunnanmessut.fi\/rekrymessut-marraskuu-2024\/naytteilleasettajat\/","url":"https:\/\/satakunnanmessut.fi\/rekrymessut-marraskuu-2024\/naytteilleasettajat\/","name":"N\u00e4ytteilleasettajat - Rekrymessut 13.11.2024","isPartOf":{"@id":"https:\/\/satakunnanmessut.fi\/rekrymessut-marraskuu-2024\/#website"},"datePublished":"2022-09-02T05:32:30+00:00","dateModified":"2024-11-14T14:26:32+00:00","breadcrumb":{"@id":"https:\/\/satakunnanmessut.fi\/rekrymessut-marraskuu-2024\/naytteilleasettajat\/#breadcrumb"},"inLanguage":"fi","potentialAction":[{"@type":"ReadAction","target":["https:\/\/satakunnanmessut.fi\/rekrymessut-marraskuu-2024\/naytteilleasettajat\/"]}]},{"@type":"BreadcrumbList","@id":"https:\/\/satakunnanmessut.fi\/rekrymessut-marraskuu-2024\/naytteilleasettajat\/#breadcrumb","itemListElement":[{"@type":"ListItem","position":1,"name":"Etusivu","item":"https:\/\/satakunnanmessut.fi\/rekrymessut-marraskuu-2024\/"},{"@type":"ListItem","position":2,"name":"N\u00e4ytteilleasettajat"}]},{"@type":"WebSite","@id":"https:\/\/satakunnanmessut.fi\/rekrymessut-marraskuu-2024\/#website","url":"https:\/\/satakunnanmessut.fi\/rekrymessut-marraskuu-2024\/","name":"Rekrymessut 13.11.2024","description":"Satakunnan Rekrymessuilla ty\u00f6paikkoja tarjoavien yritysten edustajia, sek\u00e4 tuoretta tietoa mm. eri alojen koulutuksista.","potentialAction":[{"@type":"SearchAction","target":{"@type":"EntryPoint","urlTemplate":"https:\/\/satakunnanmessut.fi\/rekrymessut-marraskuu-2024\/?s={search_term_string}"},"query-input":{"@type":"PropertyValueSpecification","valueRequired":true,"valueName":"search_term_string"}}],"inLanguage":"fi"}]}},"_links":{"self":[{"href":"https:\/\/satakunnanmessut.fi\/rekrymessut-marraskuu-2024\/wp-json\/wp\/v2\/pages\/410","targetHints":{"allow":["GET"]}}],"collection":[{"href":"https:\/\/satakunnanmessut.fi\/rekrymessut-marraskuu-2024\/wp-json\/wp\/v2\/pages"}],"about":[{"href":"https:\/\/satakunnanmessut.fi\/rekrymessut-marraskuu-2024\/wp-json\/wp\/v2\/types\/page"}],"author":[{"embeddable":true,"href":"https:\/\/satakunnanmessut.fi\/rekrymessut-marraskuu-2024\/wp-json\/wp\/v2\/users\/2"}],"replies":[{"embeddable":true,"href":"https:\/\/satakunnanmessut.fi\/rekrymessut-marraskuu-2024\/wp-json\/wp\/v2\/comments?post=410"}],"version-history":[{"count":0,"href":"https:\/\/satakunnanmessut.fi\/rekrymessut-marraskuu-2024\/wp-json\/wp\/v2\/pages\/410\/revisions"}],"wp:attachment":[{"href":"https:\/\/satakunnanmessut.fi\/rekrymessut-marraskuu-2024\/wp-json\/wp\/v2\/media?parent=410"}],"curies":[{"name":"wp","href":"https:\/\/api.w.org\/{rel}","templated":true}]}}