{"id":335,"date":"2022-09-01T18:53:44","date_gmt":"2022-09-01T15:53:44","guid":{"rendered":"https:\/\/uusi.satakunnanmessut.fi\/rekrymessut\/?page_id=335"},"modified":"2024-09-29T18:40:24","modified_gmt":"2024-09-29T15:40:24","slug":"yhteystiedot","status":"publish","type":"page","link":"https:\/\/satakunnanmessut.fi\/rekrymessut-marraskuu-2024\/yhteystiedot\/","title":{"rendered":"Yhteystiedot"},"content":{"rendered":"\t\t<div data-elementor-type=\"wp-page\" data-elementor-id=\"335\" class=\"elementor elementor-335\" data-elementor-post-type=\"page\">\n\t\t\t\t\t\t<section class=\"elementor-section elementor-top-section elementor-element elementor-element-54707807 elementor-section-boxed elementor-section-height-default elementor-section-height-default elementor-invisible\" data-id=\"54707807\" data-element_type=\"section\" data-e-type=\"section\" data-settings=\"{&quot;animation&quot;:&quot;fadeIn&quot;}\">\n\t\t\t\t\t\t<div class=\"elementor-container elementor-column-gap-default\">\n\t\t\t\t\t<div class=\"elementor-column elementor-col-100 elementor-top-column elementor-element elementor-element-2e4e40d3\" data-id=\"2e4e40d3\" data-element_type=\"column\" data-e-type=\"column\">\n\t\t\t<div class=\"elementor-widget-wrap elementor-element-populated\">\n\t\t\t\t\t\t<div class=\"elementor-element elementor-element-29493f2a elementor-widget elementor-widget-heading\" data-id=\"29493f2a\" data-element_type=\"widget\" data-e-type=\"widget\" data-widget_type=\"heading.default\">\n\t\t\t\t<div class=\"elementor-widget-container\">\n\t\t\t\t\t<h1 class=\"elementor-heading-title elementor-size-default\">OTA YHTEYTT\u00c4<\/h1>\t\t\t\t<\/div>\n\t\t\t\t<\/div>\n\t\t\t\t<div class=\"elementor-element elementor-element-41510877 elementor-widget elementor-widget-heading\" data-id=\"41510877\" data-element_type=\"widget\" data-e-type=\"widget\" data-widget_type=\"heading.default\">\n\t\t\t\t<div class=\"elementor-widget-container\">\n\t\t\t\t\t<h2 class=\"elementor-heading-title elementor-size-default\">SATAKUNNAN MESSUT<\/h2>\t\t\t\t<\/div>\n\t\t\t\t<\/div>\n\t\t\t\t<div class=\"elementor-element elementor-element-1b8af24e elementor-widget elementor-widget-text-editor\" data-id=\"1b8af24e\" data-element_type=\"widget\" data-e-type=\"widget\" data-widget_type=\"text-editor.default\">\n\t\t\t\t<div class=\"elementor-widget-container\">\n\t\t\t\t\t\t\t\t\t<p>Ravintie 1<br>28130 Pori<\/p>\n<p><b style=\"color: var( --e-global-color-text ); font-family: var( --e-global-typography-text-font-family ), Sans-serif; font-size: var( --e-global-typography-text-font-size );\">JANI HAANP\u00c4\u00c4<br><\/b><span style=\"color: var( --e-global-color-text ); font-family: var( --e-global-typography-text-font-family ), Sans-serif; font-size: var( --e-global-typography-text-font-size ); font-weight: var( --e-global-typography-text-font-weight );\">Myyntijohtaja<br><\/span><span style=\"color: var( --e-global-color-text ); font-family: var( --e-global-typography-text-font-family ), Sans-serif; font-size: var( --e-global-typography-text-font-size ); font-weight: var( --e-global-typography-text-font-weight );\">045 677 8417<br><\/span><span style=\"color: var( --e-global-color-text ); font-family: var( --e-global-typography-text-font-family ), Sans-serif; font-size: var( --e-global-typography-text-font-size ); font-weight: var( --e-global-typography-text-font-weight );\">jani.haanpaa@satakunnanviikko.fi<\/span><\/p><p><span style=\"font-weight: 700;\">NICO POLSA<\/span><br>Tuotep\u00e4\u00e4llikk\u00f6<br>044 774 2454<br>\u2028nico.polsa@satakunnanviikko.fi<br><\/p><p><span style=\"color: var( --e-global-color-text ); font-family: var( --e-global-typography-text-font-family ), Sans-serif; font-size: var( --e-global-typography-text-font-size ); font-weight: 700;\">KRISTIINA MALMINEVA<br><\/span><span style=\"color: var( --e-global-color-text ); font-family: var( --e-global-typography-text-font-family ), Sans-serif; font-size: var( --e-global-typography-text-font-size ); font-weight: var( --e-global-typography-text-font-weight );\">Myyntip\u00e4\u00e4llikk\u00f6<br><\/span><span style=\"color: var( --e-global-color-text ); font-family: var( --e-global-typography-text-font-family ), Sans-serif; font-size: var( --e-global-typography-text-font-size ); font-weight: var( --e-global-typography-text-font-weight );\">041 317 6582<br><\/span><span style=\"color: var( --e-global-color-text ); font-family: var( --e-global-typography-text-font-family ), Sans-serif; font-size: var( --e-global-typography-text-font-size ); font-weight: var( --e-global-typography-text-font-weight );\">kristiina.malmineva@uutisrauma.fi<\/span><\/p>\t\t\t\t\t\t\t\t<\/div>\n\t\t\t\t<\/div>\n\t\t\t\t\t<\/div>\n\t\t<\/div>\n\t\t\t\t\t<\/div>\n\t\t<\/section>\n\t\t\t\t<\/div>\n\t\t","protected":false},"excerpt":{"rendered":"<p>OTA YHTEYTT\u00c4 SATAKUNNAN MESSUT Ravintie 128130 Pori JANI HAANP\u00c4\u00c4Myyntijohtaja045 677 8417jani.haanpaa@satakunnanviikko.fi NICO POLSATuotep\u00e4\u00e4llikk\u00f6044 774 2454\u2028nico.polsa@satakunnanviikko.fi KRISTIINA MALMINEVAMyyntip\u00e4\u00e4llikk\u00f6041 317 6582kristiina.malmineva@uutisrauma.fi<\/p>\n","protected":false},"author":2,"featured_media":0,"parent":0,"menu_order":0,"comment_status":"closed","ping_status":"closed","template":"","meta":{"footnotes":""},"class_list":["post-335","page","type-page","status-publish","hentry"],"yoast_head":"<!-- This site is optimized with the Yoast SEO plugin v27.4 - https:\/\/yoast.com\/product\/yoast-seo-wordpress\/ -->\n<title>Yhteystiedot - Rekrymessut 13.11.2024<\/title>\n<meta name=\"robots\" content=\"index, follow, max-snippet:-1, max-image-preview:large, max-video-preview:-1\" \/>\n<link rel=\"canonical\" href=\"https:\/\/satakunnanmessut.fi\/rekrymessut-marraskuu-2024\/yhteystiedot\/\" \/>\n<meta property=\"og:locale\" content=\"fi_FI\" \/>\n<meta property=\"og:type\" content=\"article\" \/>\n<meta property=\"og:title\" content=\"Yhteystiedot - Rekrymessut 13.11.2024\" \/>\n<meta property=\"og:description\" content=\"OTA YHTEYTT\u00c4 SATAKUNNAN MESSUT Ravintie 128130 Pori JANI HAANP\u00c4\u00c4Myyntijohtaja045 677 8417jani.haanpaa@satakunnanviikko.fi NICO POLSATuotep\u00e4\u00e4llikk\u00f6044 774 2454\u2028nico.polsa@satakunnanviikko.fi KRISTIINA MALMINEVAMyyntip\u00e4\u00e4llikk\u00f6041 317 6582kristiina.malmineva@uutisrauma.fi\" \/>\n<meta property=\"og:url\" content=\"https:\/\/satakunnanmessut.fi\/rekrymessut-marraskuu-2024\/yhteystiedot\/\" \/>\n<meta property=\"og:site_name\" content=\"Rekrymessut 13.11.2024\" \/>\n<meta property=\"article:modified_time\" content=\"2024-09-29T15:40:24+00:00\" \/>\n<meta name=\"twitter:card\" content=\"summary_large_image\" \/>\n<meta name=\"twitter:label1\" content=\"Arvioitu lukuaika\" \/>\n\t<meta name=\"twitter:data1\" content=\"1 minuutti\" \/>\n<script type=\"application\/ld+json\" class=\"yoast-schema-graph\">{\"@context\":\"https:\\\/\\\/schema.org\",\"@graph\":[{\"@type\":\"WebPage\",\"@id\":\"https:\\\/\\\/satakunnanmessut.fi\\\/rekrymessut-marraskuu-2024\\\/yhteystiedot\\\/\",\"url\":\"https:\\\/\\\/satakunnanmessut.fi\\\/rekrymessut-marraskuu-2024\\\/yhteystiedot\\\/\",\"name\":\"Yhteystiedot - Rekrymessut 13.11.2024\",\"isPartOf\":{\"@id\":\"https:\\\/\\\/satakunnanmessut.fi\\\/rekrymessut-marraskuu-2024\\\/#website\"},\"datePublished\":\"2022-09-01T15:53:44+00:00\",\"dateModified\":\"2024-09-29T15:40:24+00:00\",\"breadcrumb\":{\"@id\":\"https:\\\/\\\/satakunnanmessut.fi\\\/rekrymessut-marraskuu-2024\\\/yhteystiedot\\\/#breadcrumb\"},\"inLanguage\":\"fi\",\"potentialAction\":[{\"@type\":\"ReadAction\",\"target\":[\"https:\\\/\\\/satakunnanmessut.fi\\\/rekrymessut-marraskuu-2024\\\/yhteystiedot\\\/\"]}]},{\"@type\":\"BreadcrumbList\",\"@id\":\"https:\\\/\\\/satakunnanmessut.fi\\\/rekrymessut-marraskuu-2024\\\/yhteystiedot\\\/#breadcrumb\",\"itemListElement\":[{\"@type\":\"ListItem\",\"position\":1,\"name\":\"Etusivu\",\"item\":\"https:\\\/\\\/satakunnanmessut.fi\\\/rekrymessut-marraskuu-2024\\\/\"},{\"@type\":\"ListItem\",\"position\":2,\"name\":\"Yhteystiedot\"}]},{\"@type\":\"WebSite\",\"@id\":\"https:\\\/\\\/satakunnanmessut.fi\\\/rekrymessut-marraskuu-2024\\\/#website\",\"url\":\"https:\\\/\\\/satakunnanmessut.fi\\\/rekrymessut-marraskuu-2024\\\/\",\"name\":\"Rekrymessut 13.11.2024\",\"description\":\"Satakunnan Rekrymessuilla ty\u00f6paikkoja tarjoavien yritysten edustajia, sek\u00e4 tuoretta tietoa mm. eri alojen koulutuksista.\",\"potentialAction\":[{\"@type\":\"SearchAction\",\"target\":{\"@type\":\"EntryPoint\",\"urlTemplate\":\"https:\\\/\\\/satakunnanmessut.fi\\\/rekrymessut-marraskuu-2024\\\/?s={search_term_string}\"},\"query-input\":{\"@type\":\"PropertyValueSpecification\",\"valueRequired\":true,\"valueName\":\"search_term_string\"}}],\"inLanguage\":\"fi\"}]}<\/script>\n<!-- \/ Yoast SEO plugin. -->","yoast_head_json":{"title":"Yhteystiedot - Rekrymessut 13.11.2024","robots":{"index":"index","follow":"follow","max-snippet":"max-snippet:-1","max-image-preview":"max-image-preview:large","max-video-preview":"max-video-preview:-1"},"canonical":"https:\/\/satakunnanmessut.fi\/rekrymessut-marraskuu-2024\/yhteystiedot\/","og_locale":"fi_FI","og_type":"article","og_title":"Yhteystiedot - Rekrymessut 13.11.2024","og_description":"OTA YHTEYTT\u00c4 SATAKUNNAN MESSUT Ravintie 128130 Pori JANI HAANP\u00c4\u00c4Myyntijohtaja045 677 8417jani.haanpaa@satakunnanviikko.fi NICO POLSATuotep\u00e4\u00e4llikk\u00f6044 774 2454\u2028nico.polsa@satakunnanviikko.fi KRISTIINA MALMINEVAMyyntip\u00e4\u00e4llikk\u00f6041 317 6582kristiina.malmineva@uutisrauma.fi","og_url":"https:\/\/satakunnanmessut.fi\/rekrymessut-marraskuu-2024\/yhteystiedot\/","og_site_name":"Rekrymessut 13.11.2024","article_modified_time":"2024-09-29T15:40:24+00:00","twitter_card":"summary_large_image","twitter_misc":{"Arvioitu lukuaika":"1 minuutti"},"schema":{"@context":"https:\/\/schema.org","@graph":[{"@type":"WebPage","@id":"https:\/\/satakunnanmessut.fi\/rekrymessut-marraskuu-2024\/yhteystiedot\/","url":"https:\/\/satakunnanmessut.fi\/rekrymessut-marraskuu-2024\/yhteystiedot\/","name":"Yhteystiedot - Rekrymessut 13.11.2024","isPartOf":{"@id":"https:\/\/satakunnanmessut.fi\/rekrymessut-marraskuu-2024\/#website"},"datePublished":"2022-09-01T15:53:44+00:00","dateModified":"2024-09-29T15:40:24+00:00","breadcrumb":{"@id":"https:\/\/satakunnanmessut.fi\/rekrymessut-marraskuu-2024\/yhteystiedot\/#breadcrumb"},"inLanguage":"fi","potentialAction":[{"@type":"ReadAction","target":["https:\/\/satakunnanmessut.fi\/rekrymessut-marraskuu-2024\/yhteystiedot\/"]}]},{"@type":"BreadcrumbList","@id":"https:\/\/satakunnanmessut.fi\/rekrymessut-marraskuu-2024\/yhteystiedot\/#breadcrumb","itemListElement":[{"@type":"ListItem","position":1,"name":"Etusivu","item":"https:\/\/satakunnanmessut.fi\/rekrymessut-marraskuu-2024\/"},{"@type":"ListItem","position":2,"name":"Yhteystiedot"}]},{"@type":"WebSite","@id":"https:\/\/satakunnanmessut.fi\/rekrymessut-marraskuu-2024\/#website","url":"https:\/\/satakunnanmessut.fi\/rekrymessut-marraskuu-2024\/","name":"Rekrymessut 13.11.2024","description":"Satakunnan Rekrymessuilla ty\u00f6paikkoja tarjoavien yritysten edustajia, sek\u00e4 tuoretta tietoa mm. eri alojen koulutuksista.","potentialAction":[{"@type":"SearchAction","target":{"@type":"EntryPoint","urlTemplate":"https:\/\/satakunnanmessut.fi\/rekrymessut-marraskuu-2024\/?s={search_term_string}"},"query-input":{"@type":"PropertyValueSpecification","valueRequired":true,"valueName":"search_term_string"}}],"inLanguage":"fi"}]}},"_links":{"self":[{"href":"https:\/\/satakunnanmessut.fi\/rekrymessut-marraskuu-2024\/wp-json\/wp\/v2\/pages\/335","targetHints":{"allow":["GET"]}}],"collection":[{"href":"https:\/\/satakunnanmessut.fi\/rekrymessut-marraskuu-2024\/wp-json\/wp\/v2\/pages"}],"about":[{"href":"https:\/\/satakunnanmessut.fi\/rekrymessut-marraskuu-2024\/wp-json\/wp\/v2\/types\/page"}],"author":[{"embeddable":true,"href":"https:\/\/satakunnanmessut.fi\/rekrymessut-marraskuu-2024\/wp-json\/wp\/v2\/users\/2"}],"replies":[{"embeddable":true,"href":"https:\/\/satakunnanmessut.fi\/rekrymessut-marraskuu-2024\/wp-json\/wp\/v2\/comments?post=335"}],"version-history":[{"count":0,"href":"https:\/\/satakunnanmessut.fi\/rekrymessut-marraskuu-2024\/wp-json\/wp\/v2\/pages\/335\/revisions"}],"wp:attachment":[{"href":"https:\/\/satakunnanmessut.fi\/rekrymessut-marraskuu-2024\/wp-json\/wp\/v2\/media?parent=335"}],"curies":[{"name":"wp","href":"https:\/\/api.w.org\/{rel}","templated":true}]}}