{"id":22,"date":"2022-08-30T13:51:14","date_gmt":"2022-08-30T10:51:14","guid":{"rendered":"https:\/\/uusi.satakunnanmessut.fi\/rekrymessut\/?page_id=22"},"modified":"2024-11-14T16:02:05","modified_gmt":"2024-11-14T14:02:05","slug":"etusivu","status":"publish","type":"page","link":"https:\/\/satakunnanmessut.fi\/rekrymessut-marraskuu-2024\/","title":{"rendered":"Etusivu"},"content":{"rendered":"\t\t<div data-elementor-type=\"wp-page\" data-elementor-id=\"22\" class=\"elementor elementor-22\" data-elementor-post-type=\"page\">\n\t\t\t\t\t\t<section class=\"elementor-section elementor-top-section elementor-element elementor-element-5c410eaa elementor-section-content-middle elementor-section-height-min-height elementor-section-boxed elementor-section-height-default elementor-section-items-middle elementor-invisible\" data-id=\"5c410eaa\" data-element_type=\"section\" data-e-type=\"section\" data-settings=\"{&quot;background_background&quot;:&quot;classic&quot;,&quot;animation&quot;:&quot;fadeIn&quot;}\">\n\t\t\t\t\t\t\t<div class=\"elementor-background-overlay\"><\/div>\n\t\t\t\t\t\t\t<div class=\"elementor-container elementor-column-gap-no\">\n\t\t\t\t\t<div class=\"elementor-column elementor-col-100 elementor-top-column elementor-element elementor-element-d430a6e\" data-id=\"d430a6e\" data-element_type=\"column\" data-e-type=\"column\">\n\t\t\t<div class=\"elementor-widget-wrap\">\n\t\t\t\t\t\t\t<\/div>\n\t\t<\/div>\n\t\t\t\t\t<\/div>\n\t\t<\/section>\n\t\t\t\t<section class=\"elementor-section elementor-top-section elementor-element elementor-element-b12ab0a elementor-section-boxed elementor-section-height-default elementor-section-height-default elementor-invisible\" data-id=\"b12ab0a\" data-element_type=\"section\" data-e-type=\"section\" data-settings=\"{&quot;animation&quot;:&quot;fadeIn&quot;}\">\n\t\t\t\t\t\t<div class=\"elementor-container elementor-column-gap-default\">\n\t\t\t\t\t<div class=\"elementor-column elementor-col-100 elementor-top-column elementor-element elementor-element-1d2ae4b\" data-id=\"1d2ae4b\" data-element_type=\"column\" data-e-type=\"column\">\n\t\t\t<div class=\"elementor-widget-wrap elementor-element-populated\">\n\t\t\t\t\t\t<div class=\"elementor-element elementor-element-5d6506f elementor-widget elementor-widget-heading\" data-id=\"5d6506f\" data-element_type=\"widget\" data-e-type=\"widget\" id=\"helmikuu\" data-widget_type=\"heading.default\">\n\t\t\t\t<div class=\"elementor-widget-container\">\n\t\t\t\t\t<h1 class=\"elementor-heading-title elementor-size-default\">Satakunnan Rekrymessut <br>KESKIVIIKKONA 13. MARRASKUUTA 2024<\/h1>\t\t\t\t<\/div>\n\t\t\t\t<\/div>\n\t\t\t\t\t<\/div>\n\t\t<\/div>\n\t\t\t\t\t<\/div>\n\t\t<\/section>\n\t\t\t\t<section class=\"elementor-section elementor-top-section elementor-element elementor-element-735ffcd3 elementor-section-boxed elementor-section-height-default elementor-section-height-default elementor-invisible\" data-id=\"735ffcd3\" data-element_type=\"section\" data-e-type=\"section\" data-settings=\"{&quot;animation&quot;:&quot;fadeIn&quot;}\">\n\t\t\t\t\t\t<div class=\"elementor-container elementor-column-gap-default\">\n\t\t\t\t\t<div class=\"elementor-column elementor-col-100 elementor-top-column elementor-element elementor-element-78cc90a8\" data-id=\"78cc90a8\" data-element_type=\"column\" data-e-type=\"column\">\n\t\t\t<div class=\"elementor-widget-wrap elementor-element-populated\">\n\t\t\t\t\t\t<div class=\"elementor-element elementor-element-1e795307 elementor-widget elementor-widget-text-editor\" data-id=\"1e795307\" data-element_type=\"widget\" data-e-type=\"widget\" data-widget_type=\"text-editor.default\">\n\t\t\t\t<div class=\"elementor-widget-container\">\n\t\t\t\t\t\t\t\t\t<p><b>AIKA:&nbsp; KELLO 10.00-15.00<br>PAIKKA:&nbsp; SAMK-KAMPUS, AGORA-SALI<br>OSOITE:&nbsp; SATAKUNNANKATU 23, PORI<br><\/b><\/p>\t\t\t\t\t\t\t\t<\/div>\n\t\t\t\t<\/div>\n\t\t\t\t<div class=\"elementor-element elementor-element-9ba3133 elementor-invisible elementor-widget elementor-widget-heading\" data-id=\"9ba3133\" data-element_type=\"widget\" data-e-type=\"widget\" data-settings=\"{&quot;_animation&quot;:&quot;pulse&quot;}\" data-widget_type=\"heading.default\">\n\t\t\t\t<div class=\"elementor-widget-container\">\n\t\t\t\t\t<h3 class=\"elementor-heading-title elementor-size-default\">REKRYMESSUILLE YLEIS\u00d6LL\u00c4 ON VAPAA P\u00c4\u00c4SY!<\/h3>\t\t\t\t<\/div>\n\t\t\t\t<\/div>\n\t\t\t\t<div class=\"elementor-element elementor-element-1028106 elementor-widget elementor-widget-text-editor\" data-id=\"1028106\" data-element_type=\"widget\" data-e-type=\"widget\" data-widget_type=\"text-editor.default\">\n\t\t\t\t<div class=\"elementor-widget-container\">\n\t\t\t\t\t\t\t\t\tTy\u00f6paikkoja tarjoavien yritysten edustajia, sek\u00e4 tuoretta tietoa mm. eri alojen koulutuksista. <br><br>\t\t\t\t\t\t\t\t<\/div>\n\t\t\t\t<\/div>\n\t\t\t\t\t<\/div>\n\t\t<\/div>\n\t\t\t\t\t<\/div>\n\t\t<\/section>\n\t\t\t\t<section class=\"elementor-section elementor-top-section elementor-element elementor-element-caf603f elementor-section-boxed elementor-section-height-default elementor-section-height-default elementor-invisible\" data-id=\"caf603f\" data-element_type=\"section\" data-e-type=\"section\" data-settings=\"{&quot;animation&quot;:&quot;fadeIn&quot;}\">\n\t\t\t\t\t\t<div class=\"elementor-container elementor-column-gap-default\">\n\t\t\t\t\t<div class=\"elementor-column elementor-col-100 elementor-top-column elementor-element elementor-element-079bfb9\" data-id=\"079bfb9\" data-element_type=\"column\" data-e-type=\"column\">\n\t\t\t<div class=\"elementor-widget-wrap elementor-element-populated\">\n\t\t\t\t\t\t<div class=\"elementor-element elementor-element-23c9216 elementor-widget elementor-widget-heading\" data-id=\"23c9216\" data-element_type=\"widget\" data-e-type=\"widget\" data-widget_type=\"heading.default\">\n\t\t\t\t<div class=\"elementor-widget-container\">\n\t\t\t\t\t<h3 class=\"elementor-heading-title elementor-size-default\">Tapahtuman j\u00e4rjest\u00e4\u00e4<\/h3>\t\t\t\t<\/div>\n\t\t\t\t<\/div>\n\t\t\t\t\t<\/div>\n\t\t<\/div>\n\t\t\t\t\t<\/div>\n\t\t<\/section>\n\t\t\t\t<section class=\"elementor-section elementor-top-section elementor-element elementor-element-de79f08 elementor-section-boxed elementor-section-height-default elementor-section-height-default elementor-invisible\" data-id=\"de79f08\" data-element_type=\"section\" data-e-type=\"section\" data-settings=\"{&quot;animation&quot;:&quot;fadeIn&quot;}\">\n\t\t\t\t\t\t<div class=\"elementor-container elementor-column-gap-default\">\n\t\t\t\t\t<div class=\"elementor-column elementor-col-33 elementor-top-column elementor-element elementor-element-a6f4ca9\" data-id=\"a6f4ca9\" data-element_type=\"column\" data-e-type=\"column\">\n\t\t\t<div class=\"elementor-widget-wrap elementor-element-populated\">\n\t\t\t\t\t\t<div class=\"elementor-element elementor-element-b3b84df elementor-widget elementor-widget-image\" data-id=\"b3b84df\" data-element_type=\"widget\" data-e-type=\"widget\" data-widget_type=\"image.default\">\n\t\t\t\t<div class=\"elementor-widget-container\">\n\t\t\t\t\t\t\t\t\t\t\t\t\t\t\t\t<a href=\"http:\/\/satakunnanviikko.fi\">\n\t\t\t\t\t\t\t<img fetchpriority=\"high\" decoding=\"async\" width=\"300\" height=\"169\" src=\"https:\/\/satakunnanmessut.fi\/rekrymessut-marraskuu-2024\/wp-content\/uploads\/sites\/2\/2022\/09\/SATAKUNNAN_VIIKKO_480X270-300x169.jpg\" class=\"attachment-medium size-medium wp-image-270\" alt=\"\" srcset=\"https:\/\/satakunnanmessut.fi\/rekrymessut-marraskuu-2024\/wp-content\/uploads\/sites\/2\/2022\/09\/SATAKUNNAN_VIIKKO_480X270-300x169.jpg 300w, https:\/\/satakunnanmessut.fi\/rekrymessut-marraskuu-2024\/wp-content\/uploads\/sites\/2\/2022\/09\/SATAKUNNAN_VIIKKO_480X270.jpg 480w\" sizes=\"(max-width: 300px) 100vw, 300px\" \/>\t\t\t\t\t\t\t\t<\/a>\n\t\t\t\t\t\t\t\t\t\t\t\t\t\t\t<\/div>\n\t\t\t\t<\/div>\n\t\t\t\t\t<\/div>\n\t\t<\/div>\n\t\t\t\t<div class=\"elementor-column elementor-col-33 elementor-top-column elementor-element elementor-element-906cba7\" data-id=\"906cba7\" data-element_type=\"column\" data-e-type=\"column\">\n\t\t\t<div class=\"elementor-widget-wrap elementor-element-populated\">\n\t\t\t\t\t\t<div class=\"elementor-element elementor-element-9817b0d elementor-widget elementor-widget-image\" data-id=\"9817b0d\" data-element_type=\"widget\" data-e-type=\"widget\" data-widget_type=\"image.default\">\n\t\t\t\t<div class=\"elementor-widget-container\">\n\t\t\t\t\t\t\t\t\t\t\t\t\t\t\t\t<a href=\"http:\/\/satakunnanmessut.fi\">\n\t\t\t\t\t\t\t<img decoding=\"async\" width=\"300\" height=\"169\" src=\"https:\/\/satakunnanmessut.fi\/rekrymessut-marraskuu-2024\/wp-content\/uploads\/sites\/2\/2023\/01\/SATAKUNNAN_MESSUT_540X304-300x169.jpg\" class=\"attachment-medium size-medium wp-image-1853\" alt=\"\" srcset=\"https:\/\/satakunnanmessut.fi\/rekrymessut-marraskuu-2024\/wp-content\/uploads\/sites\/2\/2023\/01\/SATAKUNNAN_MESSUT_540X304-300x169.jpg 300w, https:\/\/satakunnanmessut.fi\/rekrymessut-marraskuu-2024\/wp-content\/uploads\/sites\/2\/2023\/01\/SATAKUNNAN_MESSUT_540X304-1024x576.jpg 1024w, https:\/\/satakunnanmessut.fi\/rekrymessut-marraskuu-2024\/wp-content\/uploads\/sites\/2\/2023\/01\/SATAKUNNAN_MESSUT_540X304-768x432.jpg 768w, https:\/\/satakunnanmessut.fi\/rekrymessut-marraskuu-2024\/wp-content\/uploads\/sites\/2\/2023\/01\/SATAKUNNAN_MESSUT_540X304.jpg 1500w\" sizes=\"(max-width: 300px) 100vw, 300px\" \/>\t\t\t\t\t\t\t\t<\/a>\n\t\t\t\t\t\t\t\t\t\t\t\t\t\t\t<\/div>\n\t\t\t\t<\/div>\n\t\t\t\t\t<\/div>\n\t\t<\/div>\n\t\t\t\t<div class=\"elementor-column elementor-col-33 elementor-top-column elementor-element elementor-element-be420a0\" data-id=\"be420a0\" data-element_type=\"column\" data-e-type=\"column\">\n\t\t\t<div class=\"elementor-widget-wrap elementor-element-populated\">\n\t\t\t\t\t\t<div class=\"elementor-element elementor-element-e5207e3 elementor-widget elementor-widget-image\" data-id=\"e5207e3\" data-element_type=\"widget\" data-e-type=\"widget\" data-widget_type=\"image.default\">\n\t\t\t\t<div class=\"elementor-widget-container\">\n\t\t\t\t\t\t\t\t\t\t\t\t\t\t\t\t<a href=\"http:\/\/samk.fi\">\n\t\t\t\t\t\t\t<img decoding=\"async\" width=\"300\" height=\"169\" src=\"https:\/\/satakunnanmessut.fi\/rekrymessut-marraskuu-2024\/wp-content\/uploads\/sites\/2\/2022\/09\/SAMK_480X2702-300x169.jpg\" class=\"attachment-medium size-medium wp-image-274\" alt=\"\" srcset=\"https:\/\/satakunnanmessut.fi\/rekrymessut-marraskuu-2024\/wp-content\/uploads\/sites\/2\/2022\/09\/SAMK_480X2702-300x169.jpg 300w, https:\/\/satakunnanmessut.fi\/rekrymessut-marraskuu-2024\/wp-content\/uploads\/sites\/2\/2022\/09\/SAMK_480X2702.jpg 480w\" sizes=\"(max-width: 300px) 100vw, 300px\" \/>\t\t\t\t\t\t\t\t<\/a>\n\t\t\t\t\t\t\t\t\t\t\t\t\t\t\t<\/div>\n\t\t\t\t<\/div>\n\t\t\t\t\t<\/div>\n\t\t<\/div>\n\t\t\t\t\t<\/div>\n\t\t<\/section>\n\t\t\t\t<section class=\"elementor-section elementor-top-section elementor-element elementor-element-deb7b99 elementor-section-boxed elementor-section-height-default elementor-section-height-default elementor-invisible\" data-id=\"deb7b99\" data-element_type=\"section\" data-e-type=\"section\" data-settings=\"{&quot;animation&quot;:&quot;fadeIn&quot;}\">\n\t\t\t\t\t\t<div class=\"elementor-container elementor-column-gap-default\">\n\t\t\t\t\t<div class=\"elementor-column elementor-col-100 elementor-top-column elementor-element elementor-element-2abaf16\" data-id=\"2abaf16\" data-element_type=\"column\" data-e-type=\"column\">\n\t\t\t<div class=\"elementor-widget-wrap elementor-element-populated\">\n\t\t\t\t\t\t<div class=\"elementor-element elementor-element-3f39487 elementor-widget elementor-widget-heading\" data-id=\"3f39487\" data-element_type=\"widget\" data-e-type=\"widget\" data-widget_type=\"heading.default\">\n\t\t\t\t<div class=\"elementor-widget-container\">\n\t\t\t\t\t<h3 class=\"elementor-heading-title elementor-size-default\">YHTEISTY\u00d6SS\u00c4<\/h3>\t\t\t\t<\/div>\n\t\t\t\t<\/div>\n\t\t\t\t\t<\/div>\n\t\t<\/div>\n\t\t\t\t\t<\/div>\n\t\t<\/section>\n\t\t\t\t<section class=\"elementor-section elementor-top-section elementor-element elementor-element-b29eedf elementor-section-boxed elementor-section-height-default elementor-section-height-default elementor-invisible\" data-id=\"b29eedf\" data-element_type=\"section\" data-e-type=\"section\" data-settings=\"{&quot;animation&quot;:&quot;fadeIn&quot;}\">\n\t\t\t\t\t\t<div class=\"elementor-container elementor-column-gap-default\">\n\t\t\t\t\t<div class=\"elementor-column elementor-col-33 elementor-top-column elementor-element elementor-element-5ff942c\" data-id=\"5ff942c\" data-element_type=\"column\" data-e-type=\"column\">\n\t\t\t<div class=\"elementor-widget-wrap\">\n\t\t\t\t\t\t\t<\/div>\n\t\t<\/div>\n\t\t\t\t<div class=\"elementor-column elementor-col-33 elementor-top-column elementor-element elementor-element-d4354ee\" data-id=\"d4354ee\" data-element_type=\"column\" data-e-type=\"column\">\n\t\t\t<div class=\"elementor-widget-wrap elementor-element-populated\">\n\t\t\t\t\t\t<div class=\"elementor-element elementor-element-928ccda elementor-widget elementor-widget-image\" data-id=\"928ccda\" data-element_type=\"widget\" data-e-type=\"widget\" data-widget_type=\"image.default\">\n\t\t\t\t<div class=\"elementor-widget-container\">\n\t\t\t\t\t\t\t\t\t\t\t\t\t\t\t\t<a href=\"https:\/\/tyomarkkinatori.fi\/\">\n\t\t\t\t\t\t\t<img loading=\"lazy\" decoding=\"async\" width=\"300\" height=\"169\" src=\"https:\/\/satakunnanmessut.fi\/rekrymessut-marraskuu-2024\/wp-content\/uploads\/sites\/2\/2022\/09\/TE-KESKUS_480X2704-300x169.jpg\" class=\"attachment-medium size-medium wp-image-275\" alt=\"\" srcset=\"https:\/\/satakunnanmessut.fi\/rekrymessut-marraskuu-2024\/wp-content\/uploads\/sites\/2\/2022\/09\/TE-KESKUS_480X2704-300x169.jpg 300w, https:\/\/satakunnanmessut.fi\/rekrymessut-marraskuu-2024\/wp-content\/uploads\/sites\/2\/2022\/09\/TE-KESKUS_480X2704.jpg 480w\" sizes=\"(max-width: 300px) 100vw, 300px\" \/>\t\t\t\t\t\t\t\t<\/a>\n\t\t\t\t\t\t\t\t\t\t\t\t\t\t\t<\/div>\n\t\t\t\t<\/div>\n\t\t\t\t\t<\/div>\n\t\t<\/div>\n\t\t\t\t<div class=\"elementor-column elementor-col-33 elementor-top-column elementor-element elementor-element-1e4693e\" data-id=\"1e4693e\" data-element_type=\"column\" data-e-type=\"column\">\n\t\t\t<div class=\"elementor-widget-wrap\">\n\t\t\t\t\t\t\t<\/div>\n\t\t<\/div>\n\t\t\t\t\t<\/div>\n\t\t<\/section>\n\t\t\t\t<\/div>\n\t\t","protected":false},"excerpt":{"rendered":"<p>Satakunnan Rekrymessut KESKIVIIKKONA 13. MARRASKUUTA 2024 AIKA:&nbsp; KELLO 10.00-15.00PAIKKA:&nbsp; SAMK-KAMPUS, AGORA-SALIOSOITE:&nbsp; SATAKUNNANKATU 23, PORI REKRYMESSUILLE YLEIS\u00d6LL\u00c4 ON VAPAA P\u00c4\u00c4SY! Ty\u00f6paikkoja tarjoavien yritysten edustajia, sek\u00e4 tuoretta tietoa mm. eri alojen koulutuksista. Tapahtuman j\u00e4rjest\u00e4\u00e4 YHTEISTY\u00d6SS\u00c4<\/p>\n","protected":false},"author":2,"featured_media":36,"parent":0,"menu_order":0,"comment_status":"closed","ping_status":"closed","template":"","meta":{"footnotes":""},"class_list":["post-22","page","type-page","status-publish","has-post-thumbnail","hentry"],"yoast_head":"<!-- This site is optimized with the Yoast SEO plugin v27.4 - https:\/\/yoast.com\/product\/yoast-seo-wordpress\/ -->\n<title>Etusivu - Rekrymessut 13.11.2024<\/title>\n<meta name=\"robots\" content=\"index, follow, max-snippet:-1, max-image-preview:large, max-video-preview:-1\" \/>\n<link rel=\"canonical\" href=\"https:\/\/satakunnanmessut.fi\/rekrymessut-marraskuu-2024\/\" \/>\n<meta property=\"og:locale\" content=\"fi_FI\" \/>\n<meta property=\"og:type\" content=\"article\" \/>\n<meta property=\"og:title\" content=\"Etusivu - Rekrymessut 13.11.2024\" \/>\n<meta property=\"og:description\" content=\"Satakunnan Rekrymessut KESKIVIIKKONA 13. MARRASKUUTA 2024 AIKA:&nbsp; KELLO 10.00-15.00PAIKKA:&nbsp; SAMK-KAMPUS, AGORA-SALIOSOITE:&nbsp; SATAKUNNANKATU 23, PORI REKRYMESSUILLE YLEIS\u00d6LL\u00c4 ON VAPAA P\u00c4\u00c4SY! Ty\u00f6paikkoja tarjoavien yritysten edustajia, sek\u00e4 tuoretta tietoa mm. eri alojen koulutuksista. Tapahtuman j\u00e4rjest\u00e4\u00e4 YHTEISTY\u00d6SS\u00c4\" \/>\n<meta property=\"og:url\" content=\"https:\/\/satakunnanmessut.fi\/rekrymessut-marraskuu-2024\/\" \/>\n<meta property=\"og:site_name\" content=\"Rekrymessut 13.11.2024\" \/>\n<meta property=\"article:modified_time\" content=\"2024-11-14T14:02:05+00:00\" \/>\n<meta property=\"og:image\" content=\"https:\/\/satakunnanmessut.fi\/rekrymessut-marraskuu-2024\/wp-content\/uploads\/sites\/2\/2022\/08\/REKRYMESSUT_960X540.jpg\" \/>\n\t<meta property=\"og:image:width\" content=\"960\" \/>\n\t<meta property=\"og:image:height\" content=\"540\" \/>\n\t<meta property=\"og:image:type\" content=\"image\/jpeg\" \/>\n<meta name=\"twitter:card\" content=\"summary_large_image\" \/>\n<meta name=\"twitter:label1\" content=\"Arvioitu lukuaika\" \/>\n\t<meta name=\"twitter:data1\" content=\"2 minuuttia\" \/>\n<script type=\"application\/ld+json\" class=\"yoast-schema-graph\">{\"@context\":\"https:\\\/\\\/schema.org\",\"@graph\":[{\"@type\":\"WebPage\",\"@id\":\"https:\\\/\\\/satakunnanmessut.fi\\\/rekrymessut-marraskuu-2024\\\/\",\"url\":\"https:\\\/\\\/satakunnanmessut.fi\\\/rekrymessut-marraskuu-2024\\\/\",\"name\":\"Etusivu - Rekrymessut 13.11.2024\",\"isPartOf\":{\"@id\":\"https:\\\/\\\/satakunnanmessut.fi\\\/rekrymessut-marraskuu-2024\\\/#website\"},\"primaryImageOfPage\":{\"@id\":\"https:\\\/\\\/satakunnanmessut.fi\\\/rekrymessut-marraskuu-2024\\\/#primaryimage\"},\"image\":{\"@id\":\"https:\\\/\\\/satakunnanmessut.fi\\\/rekrymessut-marraskuu-2024\\\/#primaryimage\"},\"thumbnailUrl\":\"https:\\\/\\\/satakunnanmessut.fi\\\/rekrymessut-marraskuu-2024\\\/wp-content\\\/uploads\\\/sites\\\/2\\\/2022\\\/08\\\/REKRYMESSUT_960X540.jpg\",\"datePublished\":\"2022-08-30T10:51:14+00:00\",\"dateModified\":\"2024-11-14T14:02:05+00:00\",\"breadcrumb\":{\"@id\":\"https:\\\/\\\/satakunnanmessut.fi\\\/rekrymessut-marraskuu-2024\\\/#breadcrumb\"},\"inLanguage\":\"fi\",\"potentialAction\":[{\"@type\":\"ReadAction\",\"target\":[\"https:\\\/\\\/satakunnanmessut.fi\\\/rekrymessut-marraskuu-2024\\\/\"]}]},{\"@type\":\"ImageObject\",\"inLanguage\":\"fi\",\"@id\":\"https:\\\/\\\/satakunnanmessut.fi\\\/rekrymessut-marraskuu-2024\\\/#primaryimage\",\"url\":\"https:\\\/\\\/satakunnanmessut.fi\\\/rekrymessut-marraskuu-2024\\\/wp-content\\\/uploads\\\/sites\\\/2\\\/2022\\\/08\\\/REKRYMESSUT_960X540.jpg\",\"contentUrl\":\"https:\\\/\\\/satakunnanmessut.fi\\\/rekrymessut-marraskuu-2024\\\/wp-content\\\/uploads\\\/sites\\\/2\\\/2022\\\/08\\\/REKRYMESSUT_960X540.jpg\",\"width\":960,\"height\":540},{\"@type\":\"BreadcrumbList\",\"@id\":\"https:\\\/\\\/satakunnanmessut.fi\\\/rekrymessut-marraskuu-2024\\\/#breadcrumb\",\"itemListElement\":[{\"@type\":\"ListItem\",\"position\":1,\"name\":\"Etusivu\",\"item\":\"https:\\\/\\\/satakunnanmessut.fi\\\/rekrymessut-marraskuu-2024\\\/\"},{\"@type\":\"ListItem\",\"position\":2,\"name\":\"Etusivu\"}]},{\"@type\":\"WebSite\",\"@id\":\"https:\\\/\\\/satakunnanmessut.fi\\\/rekrymessut-marraskuu-2024\\\/#website\",\"url\":\"https:\\\/\\\/satakunnanmessut.fi\\\/rekrymessut-marraskuu-2024\\\/\",\"name\":\"Rekrymessut 13.11.2024\",\"description\":\"Satakunnan Rekrymessuilla ty\u00f6paikkoja tarjoavien yritysten edustajia, sek\u00e4 tuoretta tietoa mm. eri alojen koulutuksista.\",\"potentialAction\":[{\"@type\":\"SearchAction\",\"target\":{\"@type\":\"EntryPoint\",\"urlTemplate\":\"https:\\\/\\\/satakunnanmessut.fi\\\/rekrymessut-marraskuu-2024\\\/?s={search_term_string}\"},\"query-input\":{\"@type\":\"PropertyValueSpecification\",\"valueRequired\":true,\"valueName\":\"search_term_string\"}}],\"inLanguage\":\"fi\"}]}<\/script>\n<!-- \/ Yoast SEO plugin. -->","yoast_head_json":{"title":"Etusivu - Rekrymessut 13.11.2024","robots":{"index":"index","follow":"follow","max-snippet":"max-snippet:-1","max-image-preview":"max-image-preview:large","max-video-preview":"max-video-preview:-1"},"canonical":"https:\/\/satakunnanmessut.fi\/rekrymessut-marraskuu-2024\/","og_locale":"fi_FI","og_type":"article","og_title":"Etusivu - Rekrymessut 13.11.2024","og_description":"Satakunnan Rekrymessut KESKIVIIKKONA 13. MARRASKUUTA 2024 AIKA:&nbsp; KELLO 10.00-15.00PAIKKA:&nbsp; SAMK-KAMPUS, AGORA-SALIOSOITE:&nbsp; SATAKUNNANKATU 23, PORI REKRYMESSUILLE YLEIS\u00d6LL\u00c4 ON VAPAA P\u00c4\u00c4SY! Ty\u00f6paikkoja tarjoavien yritysten edustajia, sek\u00e4 tuoretta tietoa mm. eri alojen koulutuksista. Tapahtuman j\u00e4rjest\u00e4\u00e4 YHTEISTY\u00d6SS\u00c4","og_url":"https:\/\/satakunnanmessut.fi\/rekrymessut-marraskuu-2024\/","og_site_name":"Rekrymessut 13.11.2024","article_modified_time":"2024-11-14T14:02:05+00:00","og_image":[{"width":960,"height":540,"url":"https:\/\/satakunnanmessut.fi\/rekrymessut-marraskuu-2024\/wp-content\/uploads\/sites\/2\/2022\/08\/REKRYMESSUT_960X540.jpg","type":"image\/jpeg"}],"twitter_card":"summary_large_image","twitter_misc":{"Arvioitu lukuaika":"2 minuuttia"},"schema":{"@context":"https:\/\/schema.org","@graph":[{"@type":"WebPage","@id":"https:\/\/satakunnanmessut.fi\/rekrymessut-marraskuu-2024\/","url":"https:\/\/satakunnanmessut.fi\/rekrymessut-marraskuu-2024\/","name":"Etusivu - Rekrymessut 13.11.2024","isPartOf":{"@id":"https:\/\/satakunnanmessut.fi\/rekrymessut-marraskuu-2024\/#website"},"primaryImageOfPage":{"@id":"https:\/\/satakunnanmessut.fi\/rekrymessut-marraskuu-2024\/#primaryimage"},"image":{"@id":"https:\/\/satakunnanmessut.fi\/rekrymessut-marraskuu-2024\/#primaryimage"},"thumbnailUrl":"https:\/\/satakunnanmessut.fi\/rekrymessut-marraskuu-2024\/wp-content\/uploads\/sites\/2\/2022\/08\/REKRYMESSUT_960X540.jpg","datePublished":"2022-08-30T10:51:14+00:00","dateModified":"2024-11-14T14:02:05+00:00","breadcrumb":{"@id":"https:\/\/satakunnanmessut.fi\/rekrymessut-marraskuu-2024\/#breadcrumb"},"inLanguage":"fi","potentialAction":[{"@type":"ReadAction","target":["https:\/\/satakunnanmessut.fi\/rekrymessut-marraskuu-2024\/"]}]},{"@type":"ImageObject","inLanguage":"fi","@id":"https:\/\/satakunnanmessut.fi\/rekrymessut-marraskuu-2024\/#primaryimage","url":"https:\/\/satakunnanmessut.fi\/rekrymessut-marraskuu-2024\/wp-content\/uploads\/sites\/2\/2022\/08\/REKRYMESSUT_960X540.jpg","contentUrl":"https:\/\/satakunnanmessut.fi\/rekrymessut-marraskuu-2024\/wp-content\/uploads\/sites\/2\/2022\/08\/REKRYMESSUT_960X540.jpg","width":960,"height":540},{"@type":"BreadcrumbList","@id":"https:\/\/satakunnanmessut.fi\/rekrymessut-marraskuu-2024\/#breadcrumb","itemListElement":[{"@type":"ListItem","position":1,"name":"Etusivu","item":"https:\/\/satakunnanmessut.fi\/rekrymessut-marraskuu-2024\/"},{"@type":"ListItem","position":2,"name":"Etusivu"}]},{"@type":"WebSite","@id":"https:\/\/satakunnanmessut.fi\/rekrymessut-marraskuu-2024\/#website","url":"https:\/\/satakunnanmessut.fi\/rekrymessut-marraskuu-2024\/","name":"Rekrymessut 13.11.2024","description":"Satakunnan Rekrymessuilla ty\u00f6paikkoja tarjoavien yritysten edustajia, sek\u00e4 tuoretta tietoa mm. eri alojen koulutuksista.","potentialAction":[{"@type":"SearchAction","target":{"@type":"EntryPoint","urlTemplate":"https:\/\/satakunnanmessut.fi\/rekrymessut-marraskuu-2024\/?s={search_term_string}"},"query-input":{"@type":"PropertyValueSpecification","valueRequired":true,"valueName":"search_term_string"}}],"inLanguage":"fi"}]}},"_links":{"self":[{"href":"https:\/\/satakunnanmessut.fi\/rekrymessut-marraskuu-2024\/wp-json\/wp\/v2\/pages\/22","targetHints":{"allow":["GET"]}}],"collection":[{"href":"https:\/\/satakunnanmessut.fi\/rekrymessut-marraskuu-2024\/wp-json\/wp\/v2\/pages"}],"about":[{"href":"https:\/\/satakunnanmessut.fi\/rekrymessut-marraskuu-2024\/wp-json\/wp\/v2\/types\/page"}],"author":[{"embeddable":true,"href":"https:\/\/satakunnanmessut.fi\/rekrymessut-marraskuu-2024\/wp-json\/wp\/v2\/users\/2"}],"replies":[{"embeddable":true,"href":"https:\/\/satakunnanmessut.fi\/rekrymessut-marraskuu-2024\/wp-json\/wp\/v2\/comments?post=22"}],"version-history":[{"count":0,"href":"https:\/\/satakunnanmessut.fi\/rekrymessut-marraskuu-2024\/wp-json\/wp\/v2\/pages\/22\/revisions"}],"wp:featuredmedia":[{"embeddable":true,"href":"https:\/\/satakunnanmessut.fi\/rekrymessut-marraskuu-2024\/wp-json\/wp\/v2\/media\/36"}],"wp:attachment":[{"href":"https:\/\/satakunnanmessut.fi\/rekrymessut-marraskuu-2024\/wp-json\/wp\/v2\/media?parent=22"}],"curies":[{"name":"wp","href":"https:\/\/api.w.org\/{rel}","templated":true}]}}