{"id":44,"date":"2022-09-22T08:54:46","date_gmt":"2022-09-22T05:54:46","guid":{"rendered":"https:\/\/uusi.satakunnanmessut.fi\/motorshow\/?page_id=44"},"modified":"2026-03-30T14:51:23","modified_gmt":"2026-03-30T11:51:23","slug":"motorshow","status":"publish","type":"page","link":"https:\/\/satakunnanmessut.fi\/motorshow\/","title":{"rendered":"MotorShow"},"content":{"rendered":"\t\t<div data-elementor-type=\"wp-page\" data-elementor-id=\"44\" class=\"elementor elementor-44\" data-elementor-post-type=\"page\">\n\t\t\t\t\t\t<section class=\"elementor-section elementor-top-section elementor-element elementor-element-72693aca elementor-section-content-middle elementor-section-height-min-height elementor-section-boxed elementor-section-height-default elementor-section-items-middle elementor-invisible\" data-id=\"72693aca\" data-element_type=\"section\" data-e-type=\"section\" data-settings=\"{&quot;background_background&quot;:&quot;classic&quot;,&quot;animation&quot;:&quot;fadeIn&quot;}\">\n\t\t\t\t\t\t\t<div class=\"elementor-background-overlay\"><\/div>\n\t\t\t\t\t\t\t<div class=\"elementor-container elementor-column-gap-no\">\n\t\t\t\t\t<div class=\"elementor-column elementor-col-100 elementor-top-column elementor-element elementor-element-314128b8\" data-id=\"314128b8\" data-element_type=\"column\" data-e-type=\"column\">\n\t\t\t<div class=\"elementor-widget-wrap\">\n\t\t\t\t\t\t\t<\/div>\n\t\t<\/div>\n\t\t\t\t\t<\/div>\n\t\t<\/section>\n\t\t\t\t<section class=\"elementor-section elementor-top-section elementor-element elementor-element-26c9e11a elementor-section-boxed elementor-section-height-default elementor-section-height-default elementor-invisible\" data-id=\"26c9e11a\" data-element_type=\"section\" data-e-type=\"section\" data-settings=\"{&quot;animation&quot;:&quot;fadeIn&quot;}\">\n\t\t\t\t\t\t<div class=\"elementor-container elementor-column-gap-default\">\n\t\t\t\t\t<div class=\"elementor-column elementor-col-100 elementor-top-column elementor-element elementor-element-10a65a70\" data-id=\"10a65a70\" data-element_type=\"column\" data-e-type=\"column\">\n\t\t\t<div class=\"elementor-widget-wrap elementor-element-populated\">\n\t\t\t\t\t\t<div class=\"elementor-element elementor-element-4ed28f87 elementor-widget elementor-widget-heading\" data-id=\"4ed28f87\" data-element_type=\"widget\" data-e-type=\"widget\" data-widget_type=\"heading.default\">\n\t\t\t\t<div class=\"elementor-widget-container\">\n\t\t\t\t\t<h1 class=\"elementor-heading-title elementor-size-default\">MOTORSHOW 6\u20137. MAALISKUUTA 2027<\/h1>\t\t\t\t<\/div>\n\t\t\t\t<\/div>\n\t\t\t\t<div class=\"elementor-element elementor-element-6ed82b12 elementor-widget elementor-widget-text-editor\" data-id=\"6ed82b12\" data-element_type=\"widget\" data-e-type=\"widget\" data-widget_type=\"text-editor.default\">\n\t\t\t\t<div class=\"elementor-widget-container\">\n\t\t\t\t\t\t\t\t\t<p><b>AIKA:\u00a0 LA 10-17\u00a0 \u2022\u00a0 SU 10-16<br \/>PAIKKA:\u00a0 PORIN KARHUHALLI<br \/>OSOITE:\u00a0 <\/b><b>PORIN URHEILUKESKUS<\/b><\/p>\t\t\t\t\t\t\t\t<\/div>\n\t\t\t\t<\/div>\n\t\t\t\t<div class=\"elementor-element elementor-element-5246684e elementor-widget elementor-widget-text-editor\" data-id=\"5246684e\" data-element_type=\"widget\" data-e-type=\"widget\" data-widget_type=\"text-editor.default\">\n\t\t\t\t<div class=\"elementor-widget-container\">\n\t\t\t\t\t\t\t\t\t<p><strong style=\"font-family: var( --e-global-typography-text-font-family ), Sans-serif; font-size: var( --e-global-typography-text-font-size ); color: var( --e-global-color-text );\">Uudet, vanhat, klassikot, tuunatut, kustomoidut, entis\u00f6idyt, kilpurit&#8230;<br \/><\/strong><b style=\"font-family: var( --e-global-typography-text-font-family ), Sans-serif; font-size: var( --e-global-typography-text-font-size ); color: var( --e-global-color-text );\">N\u00e4ht\u00e4v\u00e4\u00e4 ja koettavaa j\u00e4lleen koko perheelle.<\/b><\/p>\t\t\t\t\t\t\t\t<\/div>\n\t\t\t\t<\/div>\n\t\t\t\t\t<\/div>\n\t\t<\/div>\n\t\t\t\t\t<\/div>\n\t\t<\/section>\n\t\t\t\t<section class=\"elementor-section elementor-top-section elementor-element elementor-element-109a61c8 elementor-section-boxed elementor-section-height-default elementor-section-height-default\" data-id=\"109a61c8\" data-element_type=\"section\" data-e-type=\"section\" data-settings=\"{&quot;background_background&quot;:&quot;classic&quot;}\">\n\t\t\t\t\t\t\t<div class=\"elementor-background-overlay\"><\/div>\n\t\t\t\t\t\t\t<div class=\"elementor-container elementor-column-gap-default\">\n\t\t\t\t\t<div class=\"elementor-column elementor-col-50 elementor-top-column elementor-element elementor-element-72aaae4a\" data-id=\"72aaae4a\" data-element_type=\"column\" data-e-type=\"column\">\n\t\t\t<div class=\"elementor-widget-wrap elementor-element-populated\">\n\t\t\t\t\t\t<div class=\"elementor-element elementor-element-3779678b elementor-widget elementor-widget-image\" data-id=\"3779678b\" data-element_type=\"widget\" data-e-type=\"widget\" data-widget_type=\"image.default\">\n\t\t\t\t<div class=\"elementor-widget-container\">\n\t\t\t\t\t\t\t\t\t\t\t\t\t\t\t<img fetchpriority=\"high\" decoding=\"async\" width=\"300\" height=\"300\" src=\"https:\/\/satakunnanmessut.fi\/motorshow\/wp-content\/uploads\/sites\/6\/2026\/01\/MOTORSHOW_HD_540X540-300x300.jpg\" class=\"attachment-medium size-medium wp-image-2465\" alt=\"\" srcset=\"https:\/\/satakunnanmessut.fi\/motorshow\/wp-content\/uploads\/sites\/6\/2026\/01\/MOTORSHOW_HD_540X540-300x300.jpg 300w, https:\/\/satakunnanmessut.fi\/motorshow\/wp-content\/uploads\/sites\/6\/2026\/01\/MOTORSHOW_HD_540X540-150x150.jpg 150w, https:\/\/satakunnanmessut.fi\/motorshow\/wp-content\/uploads\/sites\/6\/2026\/01\/MOTORSHOW_HD_540X540.jpg 540w\" sizes=\"(max-width: 300px) 100vw, 300px\" \/>\t\t\t\t\t\t\t\t\t\t\t\t\t\t\t<\/div>\n\t\t\t\t<\/div>\n\t\t\t\t\t<\/div>\n\t\t<\/div>\n\t\t\t\t<div class=\"elementor-column elementor-col-50 elementor-top-column elementor-element elementor-element-6fd7ef\" data-id=\"6fd7ef\" data-element_type=\"column\" data-e-type=\"column\">\n\t\t\t<div class=\"elementor-widget-wrap elementor-element-populated\">\n\t\t\t\t\t\t<div class=\"elementor-element elementor-element-14559bae elementor-widget elementor-widget-heading\" data-id=\"14559bae\" data-element_type=\"widget\" data-e-type=\"widget\" data-widget_type=\"heading.default\">\n\t\t\t\t<div class=\"elementor-widget-container\">\n\t\t\t\t\t<h2 class=\"elementor-heading-title elementor-size-default\">ILMOITA SILM\u00c4TER\u00c4SI N\u00c4YTTELYYN!<\/h2>\t\t\t\t<\/div>\n\t\t\t\t<\/div>\n\t\t\t\t<div class=\"elementor-element elementor-element-cda7153 elementor-widget elementor-widget-text-editor\" data-id=\"cda7153\" data-element_type=\"widget\" data-e-type=\"widget\" data-widget_type=\"text-editor.default\">\n\t\t\t\t<div class=\"elementor-widget-container\">\n\t\t\t\t\t\t\t\t\t<p>L\u00f6ytyyk\u00f6 tallistasi hieno mopo, r\u00e4yh\u00e4k\u00e4s moottoripy\u00f6r\u00e4, tuunattu auto, tai muu \u2028kiinnostava kulkupeli \u2013<strong> ilmoita se Porin Motorshow -tapahtumaan 6.-7.3.2027!<\/strong><\/p>\t\t\t\t\t\t\t\t<\/div>\n\t\t\t\t<\/div>\n\t\t\t\t<div class=\"elementor-element elementor-element-34078516 elementor-align-left elementor-mobile-align-center elementor-widget elementor-widget-button\" data-id=\"34078516\" data-element_type=\"widget\" data-e-type=\"widget\" data-widget_type=\"button.default\">\n\t\t\t\t<div class=\"elementor-widget-container\">\n\t\t\t\t\t\t\t\t\t<div class=\"elementor-button-wrapper\">\n\t\t\t\t\t<a class=\"elementor-button elementor-button-link elementor-size-sm\" href=\"https:\/\/satakunnanmessut.fi\/motorshow\/yksityiset-naytteilleasettajat\">\n\t\t\t\t\t\t<span class=\"elementor-button-content-wrapper\">\n\t\t\t\t\t\t\t\t\t<span class=\"elementor-button-text\">ILMOITTAUTUMINEN<\/span>\n\t\t\t\t\t<\/span>\n\t\t\t\t\t<\/a>\n\t\t\t\t<\/div>\n\t\t\t\t\t\t\t\t<\/div>\n\t\t\t\t<\/div>\n\t\t\t\t\t<\/div>\n\t\t<\/div>\n\t\t\t\t\t<\/div>\n\t\t<\/section>\n\t\t\t\t<section class=\"elementor-section elementor-top-section elementor-element elementor-element-8d64312 elementor-section-boxed elementor-section-height-default elementor-section-height-default\" data-id=\"8d64312\" data-element_type=\"section\" data-e-type=\"section\" data-settings=\"{&quot;background_background&quot;:&quot;classic&quot;}\">\n\t\t\t\t\t\t\t<div class=\"elementor-background-overlay\"><\/div>\n\t\t\t\t\t\t\t<div class=\"elementor-container elementor-column-gap-default\">\n\t\t\t\t\t<div class=\"elementor-column elementor-col-50 elementor-top-column elementor-element elementor-element-67c0d0f\" data-id=\"67c0d0f\" data-element_type=\"column\" data-e-type=\"column\">\n\t\t\t<div class=\"elementor-widget-wrap elementor-element-populated\">\n\t\t\t\t\t\t<div class=\"elementor-element elementor-element-69527bd elementor-widget elementor-widget-image\" data-id=\"69527bd\" data-element_type=\"widget\" data-e-type=\"widget\" data-widget_type=\"image.default\">\n\t\t\t\t<div class=\"elementor-widget-container\">\n\t\t\t\t\t\t\t\t\t\t\t\t\t\t\t<img decoding=\"async\" width=\"300\" height=\"300\" src=\"https:\/\/satakunnanmessut.fi\/motorshow\/wp-content\/uploads\/sites\/6\/2026\/03\/TUUNAUS_600X600-300x300.jpg\" class=\"attachment-medium size-medium wp-image-2595\" alt=\"\" srcset=\"https:\/\/satakunnanmessut.fi\/motorshow\/wp-content\/uploads\/sites\/6\/2026\/03\/TUUNAUS_600X600-300x300.jpg 300w, https:\/\/satakunnanmessut.fi\/motorshow\/wp-content\/uploads\/sites\/6\/2026\/03\/TUUNAUS_600X600-150x150.jpg 150w, https:\/\/satakunnanmessut.fi\/motorshow\/wp-content\/uploads\/sites\/6\/2026\/03\/TUUNAUS_600X600.jpg 600w\" sizes=\"(max-width: 300px) 100vw, 300px\" \/>\t\t\t\t\t\t\t\t\t\t\t\t\t\t\t<\/div>\n\t\t\t\t<\/div>\n\t\t\t\t\t<\/div>\n\t\t<\/div>\n\t\t\t\t<div class=\"elementor-column elementor-col-50 elementor-top-column elementor-element elementor-element-74f4231\" data-id=\"74f4231\" data-element_type=\"column\" data-e-type=\"column\">\n\t\t\t<div class=\"elementor-widget-wrap elementor-element-populated\">\n\t\t\t\t\t\t<div class=\"elementor-element elementor-element-16256de elementor-widget elementor-widget-heading\" data-id=\"16256de\" data-element_type=\"widget\" data-e-type=\"widget\" data-widget_type=\"heading.default\">\n\t\t\t\t<div class=\"elementor-widget-container\">\n\t\t\t\t\t<h2 class=\"elementor-heading-title elementor-size-default\">YLEIS\u00d6\u00c4\u00c4NESTYKSEN TULOKSET 2026<\/h2>\t\t\t\t<\/div>\n\t\t\t\t<\/div>\n\t\t\t\t<div class=\"elementor-element elementor-element-48f45a7 elementor-align-left elementor-mobile-align-center elementor-widget elementor-widget-button\" data-id=\"48f45a7\" data-element_type=\"widget\" data-e-type=\"widget\" data-widget_type=\"button.default\">\n\t\t\t\t<div class=\"elementor-widget-container\">\n\t\t\t\t\t\t\t\t\t<div class=\"elementor-button-wrapper\">\n\t\t\t\t\t<a class=\"elementor-button elementor-button-link elementor-size-sm\" href=\"https:\/\/satakunnanmessut.fi\/motorshow\/wp-content\/uploads\/sites\/6\/2026\/03\/MOTORSHOW_2026_AANESTYS.pdf\">\n\t\t\t\t\t\t<span class=\"elementor-button-content-wrapper\">\n\t\t\t\t\t\t\t\t\t<span class=\"elementor-button-text\">\u00c4\u00c4NIM\u00c4\u00c4R\u00c4T<\/span>\n\t\t\t\t\t<\/span>\n\t\t\t\t\t<\/a>\n\t\t\t\t<\/div>\n\t\t\t\t\t\t\t\t<\/div>\n\t\t\t\t<\/div>\n\t\t\t\t\t<\/div>\n\t\t<\/div>\n\t\t\t\t\t<\/div>\n\t\t<\/section>\n\t\t\t\t<section class=\"elementor-section elementor-top-section elementor-element elementor-element-5047f104 elementor-section-boxed elementor-section-height-default elementor-section-height-default elementor-invisible\" data-id=\"5047f104\" data-element_type=\"section\" data-e-type=\"section\" data-settings=\"{&quot;animation&quot;:&quot;fadeIn&quot;}\">\n\t\t\t\t\t\t<div class=\"elementor-container elementor-column-gap-default\">\n\t\t\t\t\t<div class=\"elementor-column elementor-col-100 elementor-top-column elementor-element elementor-element-4e683093\" data-id=\"4e683093\" data-element_type=\"column\" data-e-type=\"column\">\n\t\t\t<div class=\"elementor-widget-wrap elementor-element-populated\">\n\t\t\t\t\t\t<div class=\"elementor-element elementor-element-56cc29c4 elementor-widget-tablet__width-initial elementor-widget elementor-widget-heading\" data-id=\"56cc29c4\" data-element_type=\"widget\" data-e-type=\"widget\" data-widget_type=\"heading.default\">\n\t\t\t\t<div class=\"elementor-widget-container\">\n\t\t\t\t\t<h3 class=\"elementor-heading-title elementor-size-large\">Tapahtuman j\u00e4rjestelyt<\/h3>\t\t\t\t<\/div>\n\t\t\t\t<\/div>\n\t\t\t\t\t<\/div>\n\t\t<\/div>\n\t\t\t\t\t<\/div>\n\t\t<\/section>\n\t\t<div class=\"elementor-element elementor-element-55827f2 e-flex e-con-boxed e-con e-parent\" data-id=\"55827f2\" data-element_type=\"container\" data-e-type=\"container\">\n\t\t\t\t\t<div class=\"e-con-inner\">\n\t\t<div class=\"elementor-element elementor-element-f3b140c e-con-full e-flex e-con e-child\" data-id=\"f3b140c\" data-element_type=\"container\" data-e-type=\"container\">\n\t\t\t\t<div class=\"elementor-element elementor-element-e0f2d8f elementor-widget elementor-widget-image\" data-id=\"e0f2d8f\" data-element_type=\"widget\" data-e-type=\"widget\" data-widget_type=\"image.default\">\n\t\t\t\t<div class=\"elementor-widget-container\">\n\t\t\t\t\t\t\t\t\t\t\t\t\t\t\t\t<a href=\"http:\/\/sv24.fi\">\n\t\t\t\t\t\t\t<img decoding=\"async\" width=\"300\" height=\"169\" src=\"https:\/\/satakunnanmessut.fi\/motorshow\/wp-content\/uploads\/sites\/6\/2026\/01\/BY_SATAKUNNAN_VIIKKO-300x169.jpg\" class=\"attachment-medium size-medium wp-image-2477\" alt=\"\" srcset=\"https:\/\/satakunnanmessut.fi\/motorshow\/wp-content\/uploads\/sites\/6\/2026\/01\/BY_SATAKUNNAN_VIIKKO-300x169.jpg 300w, https:\/\/satakunnanmessut.fi\/motorshow\/wp-content\/uploads\/sites\/6\/2026\/01\/BY_SATAKUNNAN_VIIKKO.jpg 540w\" sizes=\"(max-width: 300px) 100vw, 300px\" \/>\t\t\t\t\t\t\t\t<\/a>\n\t\t\t\t\t\t\t\t\t\t\t\t\t\t\t<\/div>\n\t\t\t\t<\/div>\n\t\t\t\t<\/div>\n\t\t\t\t\t<\/div>\n\t\t\t\t<\/div>\n\t\t\t\t<\/div>\n\t\t","protected":false},"excerpt":{"rendered":"<p>MOTORSHOW 6\u20137. MAALISKUUTA 2027 AIKA:\u00a0 LA 10-17\u00a0 \u2022\u00a0 SU 10-16PAIKKA:\u00a0 PORIN KARHUHALLIOSOITE:\u00a0 PORIN URHEILUKESKUS Uudet, vanhat, klassikot, tuunatut, kustomoidut, entis\u00f6idyt, kilpurit&#8230;N\u00e4ht\u00e4v\u00e4\u00e4 ja koettavaa j\u00e4lleen koko perheelle. ILMOITA SILM\u00c4TER\u00c4SI N\u00c4YTTELYYN! L\u00f6ytyyk\u00f6 tallistasi hieno mopo, r\u00e4yh\u00e4k\u00e4s moottoripy\u00f6r\u00e4, tuunattu auto, tai muu \u2028kiinnostava kulkupeli \u2013 ilmoita se Porin Motorshow -tapahtumaan 6.-7.3.2027! ILMOITTAUTUMINEN YLEIS\u00d6\u00c4\u00c4NESTYKSEN TULOKSET 2026 \u00c4\u00c4NIM\u00c4\u00c4R\u00c4T Tapahtuman j\u00e4rjestelyt<\/p>\n","protected":false},"author":2,"featured_media":0,"parent":0,"menu_order":0,"comment_status":"closed","ping_status":"closed","template":"","meta":{"footnotes":""},"class_list":["post-44","page","type-page","status-publish","hentry"],"yoast_head":"<!-- This site is optimized with the Yoast SEO plugin v27.4 - https:\/\/yoast.com\/product\/yoast-seo-wordpress\/ -->\n<title>MotorShow - MotorShow<\/title>\n<meta name=\"robots\" content=\"index, follow, max-snippet:-1, max-image-preview:large, max-video-preview:-1\" \/>\n<link rel=\"canonical\" href=\"https:\/\/satakunnanmessut.fi\/motorshow\/\" \/>\n<meta property=\"og:locale\" content=\"fi_FI\" \/>\n<meta property=\"og:type\" content=\"article\" \/>\n<meta property=\"og:title\" content=\"MotorShow - MotorShow\" \/>\n<meta property=\"og:description\" content=\"MOTORSHOW 6\u20137. MAALISKUUTA 2027 AIKA:\u00a0 LA 10-17\u00a0 \u2022\u00a0 SU 10-16PAIKKA:\u00a0 PORIN KARHUHALLIOSOITE:\u00a0 PORIN URHEILUKESKUS Uudet, vanhat, klassikot, tuunatut, kustomoidut, entis\u00f6idyt, kilpurit&#8230;N\u00e4ht\u00e4v\u00e4\u00e4 ja koettavaa j\u00e4lleen koko perheelle. ILMOITA SILM\u00c4TER\u00c4SI N\u00c4YTTELYYN! L\u00f6ytyyk\u00f6 tallistasi hieno mopo, r\u00e4yh\u00e4k\u00e4s moottoripy\u00f6r\u00e4, tuunattu auto, tai muu \u2028kiinnostava kulkupeli \u2013 ilmoita se Porin Motorshow -tapahtumaan 6.-7.3.2027! ILMOITTAUTUMINEN YLEIS\u00d6\u00c4\u00c4NESTYKSEN TULOKSET 2026 \u00c4\u00c4NIM\u00c4\u00c4R\u00c4T Tapahtuman j\u00e4rjestelyt\" \/>\n<meta property=\"og:url\" content=\"https:\/\/satakunnanmessut.fi\/motorshow\/\" \/>\n<meta property=\"og:site_name\" content=\"MotorShow\" \/>\n<meta property=\"article:modified_time\" content=\"2026-03-30T11:51:23+00:00\" \/>\n<meta property=\"og:image\" content=\"https:\/\/satakunnanmessut.fi\/motorshow\/wp-content\/uploads\/sites\/6\/2026\/01\/MOTORSHOW_HD_540X540.jpg\" \/>\n\t<meta property=\"og:image:width\" content=\"540\" \/>\n\t<meta property=\"og:image:height\" content=\"540\" \/>\n\t<meta property=\"og:image:type\" content=\"image\/jpeg\" \/>\n<meta name=\"twitter:card\" content=\"summary_large_image\" \/>\n<meta name=\"twitter:label1\" content=\"Arvioitu lukuaika\" \/>\n\t<meta name=\"twitter:data1\" content=\"1 minuutti\" \/>\n<script type=\"application\/ld+json\" class=\"yoast-schema-graph\">{\"@context\":\"https:\\\/\\\/schema.org\",\"@graph\":[{\"@type\":\"WebPage\",\"@id\":\"https:\\\/\\\/satakunnanmessut.fi\\\/motorshow\\\/\",\"url\":\"https:\\\/\\\/satakunnanmessut.fi\\\/motorshow\\\/\",\"name\":\"MotorShow - MotorShow\",\"isPartOf\":{\"@id\":\"https:\\\/\\\/satakunnanmessut.fi\\\/motorshow\\\/#website\"},\"primaryImageOfPage\":{\"@id\":\"https:\\\/\\\/satakunnanmessut.fi\\\/motorshow\\\/#primaryimage\"},\"image\":{\"@id\":\"https:\\\/\\\/satakunnanmessut.fi\\\/motorshow\\\/#primaryimage\"},\"thumbnailUrl\":\"https:\\\/\\\/satakunnanmessut.fi\\\/motorshow\\\/wp-content\\\/uploads\\\/sites\\\/6\\\/2026\\\/01\\\/MOTORSHOW_HD_540X540-300x300.jpg\",\"datePublished\":\"2022-09-22T05:54:46+00:00\",\"dateModified\":\"2026-03-30T11:51:23+00:00\",\"breadcrumb\":{\"@id\":\"https:\\\/\\\/satakunnanmessut.fi\\\/motorshow\\\/#breadcrumb\"},\"inLanguage\":\"fi\",\"potentialAction\":[{\"@type\":\"ReadAction\",\"target\":[\"https:\\\/\\\/satakunnanmessut.fi\\\/motorshow\\\/\"]}]},{\"@type\":\"ImageObject\",\"inLanguage\":\"fi\",\"@id\":\"https:\\\/\\\/satakunnanmessut.fi\\\/motorshow\\\/#primaryimage\",\"url\":\"https:\\\/\\\/satakunnanmessut.fi\\\/motorshow\\\/wp-content\\\/uploads\\\/sites\\\/6\\\/2026\\\/01\\\/MOTORSHOW_HD_540X540.jpg\",\"contentUrl\":\"https:\\\/\\\/satakunnanmessut.fi\\\/motorshow\\\/wp-content\\\/uploads\\\/sites\\\/6\\\/2026\\\/01\\\/MOTORSHOW_HD_540X540.jpg\",\"width\":540,\"height\":540},{\"@type\":\"BreadcrumbList\",\"@id\":\"https:\\\/\\\/satakunnanmessut.fi\\\/motorshow\\\/#breadcrumb\",\"itemListElement\":[{\"@type\":\"ListItem\",\"position\":1,\"name\":\"Etusivu\",\"item\":\"https:\\\/\\\/satakunnanmessut.fi\\\/motorshow\\\/\"},{\"@type\":\"ListItem\",\"position\":2,\"name\":\"MotorShow\"}]},{\"@type\":\"WebSite\",\"@id\":\"https:\\\/\\\/satakunnanmessut.fi\\\/motorshow\\\/#website\",\"url\":\"https:\\\/\\\/satakunnanmessut.fi\\\/motorshow\\\/\",\"name\":\"MotorShow\",\"description\":\"MotorShow &amp; StuntFest Porissa 26.-27.8.2023\",\"potentialAction\":[{\"@type\":\"SearchAction\",\"target\":{\"@type\":\"EntryPoint\",\"urlTemplate\":\"https:\\\/\\\/satakunnanmessut.fi\\\/motorshow\\\/?s={search_term_string}\"},\"query-input\":{\"@type\":\"PropertyValueSpecification\",\"valueRequired\":true,\"valueName\":\"search_term_string\"}}],\"inLanguage\":\"fi\"}]}<\/script>\n<!-- \/ Yoast SEO plugin. -->","yoast_head_json":{"title":"MotorShow - MotorShow","robots":{"index":"index","follow":"follow","max-snippet":"max-snippet:-1","max-image-preview":"max-image-preview:large","max-video-preview":"max-video-preview:-1"},"canonical":"https:\/\/satakunnanmessut.fi\/motorshow\/","og_locale":"fi_FI","og_type":"article","og_title":"MotorShow - MotorShow","og_description":"MOTORSHOW 6\u20137. MAALISKUUTA 2027 AIKA:\u00a0 LA 10-17\u00a0 \u2022\u00a0 SU 10-16PAIKKA:\u00a0 PORIN KARHUHALLIOSOITE:\u00a0 PORIN URHEILUKESKUS Uudet, vanhat, klassikot, tuunatut, kustomoidut, entis\u00f6idyt, kilpurit&#8230;N\u00e4ht\u00e4v\u00e4\u00e4 ja koettavaa j\u00e4lleen koko perheelle. ILMOITA SILM\u00c4TER\u00c4SI N\u00c4YTTELYYN! L\u00f6ytyyk\u00f6 tallistasi hieno mopo, r\u00e4yh\u00e4k\u00e4s moottoripy\u00f6r\u00e4, tuunattu auto, tai muu \u2028kiinnostava kulkupeli \u2013 ilmoita se Porin Motorshow -tapahtumaan 6.-7.3.2027! ILMOITTAUTUMINEN YLEIS\u00d6\u00c4\u00c4NESTYKSEN TULOKSET 2026 \u00c4\u00c4NIM\u00c4\u00c4R\u00c4T Tapahtuman j\u00e4rjestelyt","og_url":"https:\/\/satakunnanmessut.fi\/motorshow\/","og_site_name":"MotorShow","article_modified_time":"2026-03-30T11:51:23+00:00","og_image":[{"width":540,"height":540,"url":"https:\/\/satakunnanmessut.fi\/motorshow\/wp-content\/uploads\/sites\/6\/2026\/01\/MOTORSHOW_HD_540X540.jpg","type":"image\/jpeg"}],"twitter_card":"summary_large_image","twitter_misc":{"Arvioitu lukuaika":"1 minuutti"},"schema":{"@context":"https:\/\/schema.org","@graph":[{"@type":"WebPage","@id":"https:\/\/satakunnanmessut.fi\/motorshow\/","url":"https:\/\/satakunnanmessut.fi\/motorshow\/","name":"MotorShow - MotorShow","isPartOf":{"@id":"https:\/\/satakunnanmessut.fi\/motorshow\/#website"},"primaryImageOfPage":{"@id":"https:\/\/satakunnanmessut.fi\/motorshow\/#primaryimage"},"image":{"@id":"https:\/\/satakunnanmessut.fi\/motorshow\/#primaryimage"},"thumbnailUrl":"https:\/\/satakunnanmessut.fi\/motorshow\/wp-content\/uploads\/sites\/6\/2026\/01\/MOTORSHOW_HD_540X540-300x300.jpg","datePublished":"2022-09-22T05:54:46+00:00","dateModified":"2026-03-30T11:51:23+00:00","breadcrumb":{"@id":"https:\/\/satakunnanmessut.fi\/motorshow\/#breadcrumb"},"inLanguage":"fi","potentialAction":[{"@type":"ReadAction","target":["https:\/\/satakunnanmessut.fi\/motorshow\/"]}]},{"@type":"ImageObject","inLanguage":"fi","@id":"https:\/\/satakunnanmessut.fi\/motorshow\/#primaryimage","url":"https:\/\/satakunnanmessut.fi\/motorshow\/wp-content\/uploads\/sites\/6\/2026\/01\/MOTORSHOW_HD_540X540.jpg","contentUrl":"https:\/\/satakunnanmessut.fi\/motorshow\/wp-content\/uploads\/sites\/6\/2026\/01\/MOTORSHOW_HD_540X540.jpg","width":540,"height":540},{"@type":"BreadcrumbList","@id":"https:\/\/satakunnanmessut.fi\/motorshow\/#breadcrumb","itemListElement":[{"@type":"ListItem","position":1,"name":"Etusivu","item":"https:\/\/satakunnanmessut.fi\/motorshow\/"},{"@type":"ListItem","position":2,"name":"MotorShow"}]},{"@type":"WebSite","@id":"https:\/\/satakunnanmessut.fi\/motorshow\/#website","url":"https:\/\/satakunnanmessut.fi\/motorshow\/","name":"MotorShow","description":"MotorShow &amp; StuntFest Porissa 26.-27.8.2023","potentialAction":[{"@type":"SearchAction","target":{"@type":"EntryPoint","urlTemplate":"https:\/\/satakunnanmessut.fi\/motorshow\/?s={search_term_string}"},"query-input":{"@type":"PropertyValueSpecification","valueRequired":true,"valueName":"search_term_string"}}],"inLanguage":"fi"}]}},"_links":{"self":[{"href":"https:\/\/satakunnanmessut.fi\/motorshow\/wp-json\/wp\/v2\/pages\/44","targetHints":{"allow":["GET"]}}],"collection":[{"href":"https:\/\/satakunnanmessut.fi\/motorshow\/wp-json\/wp\/v2\/pages"}],"about":[{"href":"https:\/\/satakunnanmessut.fi\/motorshow\/wp-json\/wp\/v2\/types\/page"}],"author":[{"embeddable":true,"href":"https:\/\/satakunnanmessut.fi\/motorshow\/wp-json\/wp\/v2\/users\/2"}],"replies":[{"embeddable":true,"href":"https:\/\/satakunnanmessut.fi\/motorshow\/wp-json\/wp\/v2\/comments?post=44"}],"version-history":[{"count":0,"href":"https:\/\/satakunnanmessut.fi\/motorshow\/wp-json\/wp\/v2\/pages\/44\/revisions"}],"wp:attachment":[{"href":"https:\/\/satakunnanmessut.fi\/motorshow\/wp-json\/wp\/v2\/media?parent=44"}],"curies":[{"name":"wp","href":"https:\/\/api.w.org\/{rel}","templated":true}]}}