{"id":179,"date":"2022-09-22T12:03:54","date_gmt":"2022-09-22T09:03:54","guid":{"rendered":"https:\/\/uusi.satakunnanmessut.fi\/motorshow\/?page_id=179"},"modified":"2026-02-22T15:11:54","modified_gmt":"2026-02-22T13:11:54","slug":"laskutustiedot","status":"publish","type":"page","link":"https:\/\/satakunnanmessut.fi\/motorshow\/laskutustiedot\/","title":{"rendered":"Laskutustiedot"},"content":{"rendered":"\t\t<div data-elementor-type=\"wp-page\" data-elementor-id=\"179\" class=\"elementor elementor-179\" data-elementor-post-type=\"page\">\n\t\t\t\t\t\t<section class=\"elementor-section elementor-top-section elementor-element elementor-element-38e05bad elementor-section-boxed elementor-section-height-default elementor-section-height-default elementor-invisible\" data-id=\"38e05bad\" data-element_type=\"section\" data-e-type=\"section\" data-settings=\"{&quot;animation&quot;:&quot;fadeIn&quot;}\">\n\t\t\t\t\t\t<div class=\"elementor-container elementor-column-gap-default\">\n\t\t\t\t\t<div class=\"elementor-column elementor-col-100 elementor-top-column elementor-element elementor-element-133ce7e\" data-id=\"133ce7e\" data-element_type=\"column\" data-e-type=\"column\">\n\t\t\t<div class=\"elementor-widget-wrap elementor-element-populated\">\n\t\t\t\t\t\t<div class=\"elementor-element elementor-element-5e838508 elementor-widget elementor-widget-heading\" data-id=\"5e838508\" data-element_type=\"widget\" data-e-type=\"widget\" data-widget_type=\"heading.default\">\n\t\t\t\t<div class=\"elementor-widget-container\">\n\t\t\t\t\t<h1 class=\"elementor-heading-title elementor-size-default\">LASKUTUSTIEDOT<\/h1>\t\t\t\t<\/div>\n\t\t\t\t<\/div>\n\t\t\t\t<div class=\"elementor-element elementor-element-2fd96b49 elementor-widget elementor-widget-heading\" data-id=\"2fd96b49\" data-element_type=\"widget\" data-e-type=\"widget\" data-widget_type=\"heading.default\">\n\t\t\t\t<div class=\"elementor-widget-container\">\n\t\t\t\t\t<h2 class=\"elementor-heading-title elementor-size-default\">LALLI OY<\/h2>\t\t\t\t<\/div>\n\t\t\t\t<\/div>\n\t\t\t\t<div class=\"elementor-element elementor-element-2ff6c7d5 elementor-widget elementor-widget-text-editor\" data-id=\"2ff6c7d5\" data-element_type=\"widget\" data-e-type=\"widget\" data-widget_type=\"text-editor.default\">\n\t\t\t\t<div class=\"elementor-widget-container\">\n\t\t\t\t\t\t\t\t\t<p>Ravintie 1<br \/>28130 Pori<\/p>\t\t\t\t\t\t\t\t<\/div>\n\t\t\t\t<\/div>\n\t\t\t\t<div class=\"elementor-element elementor-element-15452d03 elementor-widget elementor-widget-heading\" data-id=\"15452d03\" data-element_type=\"widget\" data-e-type=\"widget\" data-widget_type=\"heading.default\">\n\t\t\t\t<div class=\"elementor-widget-container\">\n\t\t\t\t\t<h2 class=\"elementor-heading-title elementor-size-default\">S\u00c4HK\u00d6ISET OSTOLASKUT<\/h2>\t\t\t\t<\/div>\n\t\t\t\t<\/div>\n\t\t\t\t<div class=\"elementor-element elementor-element-764a0cb4 elementor-widget elementor-widget-text-editor\" data-id=\"764a0cb4\" data-element_type=\"widget\" data-e-type=\"widget\" data-widget_type=\"text-editor.default\">\n\t\t\t\t<div class=\"elementor-widget-container\">\n\t\t\t\t\t\t\t\t\t<p>Verkkolaskuosoitteemme<br \/><strong>FI66 5161 0520 0325 94<\/strong><\/p><p>V\u00e4litt\u00e4j\u00e4n tunnus<br \/><strong>OKOYFIHH<\/strong><\/p><p>Operaattorimme on OP-Pohjola.<br \/><strong><br \/>Viite aina sen tapahtuman mukaan, jota lasku koskee.<br \/><\/strong>Esim. Viite: MotorShow 2026<\/p>\t\t\t\t\t\t\t\t<\/div>\n\t\t\t\t<\/div>\n\t\t\t\t\t<\/div>\n\t\t<\/div>\n\t\t\t\t\t<\/div>\n\t\t<\/section>\n\t\t\t\t<\/div>\n\t\t","protected":false},"excerpt":{"rendered":"<p>LASKUTUSTIEDOT LALLI OY Ravintie 128130 Pori S\u00c4HK\u00d6ISET OSTOLASKUT VerkkolaskuosoitteemmeFI66 5161 0520 0325 94 V\u00e4litt\u00e4j\u00e4n tunnusOKOYFIHH Operaattorimme on OP-Pohjola.Viite aina sen tapahtuman mukaan, jota lasku koskee.Esim. Viite: MotorShow 2026<\/p>\n","protected":false},"author":2,"featured_media":0,"parent":0,"menu_order":0,"comment_status":"closed","ping_status":"closed","template":"","meta":{"footnotes":""},"class_list":["post-179","page","type-page","status-publish","hentry"],"yoast_head":"<!-- This site is optimized with the Yoast SEO plugin v27.3 - https:\/\/yoast.com\/product\/yoast-seo-wordpress\/ -->\n<title>Laskutustiedot - MotorShow<\/title>\n<meta name=\"robots\" content=\"index, follow, max-snippet:-1, max-image-preview:large, max-video-preview:-1\" \/>\n<link rel=\"canonical\" href=\"https:\/\/satakunnanmessut.fi\/motorshow\/laskutustiedot\/\" \/>\n<meta property=\"og:locale\" content=\"fi_FI\" \/>\n<meta property=\"og:type\" content=\"article\" \/>\n<meta property=\"og:title\" content=\"Laskutustiedot - MotorShow\" \/>\n<meta property=\"og:description\" content=\"LASKUTUSTIEDOT LALLI OY Ravintie 128130 Pori S\u00c4HK\u00d6ISET OSTOLASKUT VerkkolaskuosoitteemmeFI66 5161 0520 0325 94 V\u00e4litt\u00e4j\u00e4n tunnusOKOYFIHH Operaattorimme on OP-Pohjola.Viite aina sen tapahtuman mukaan, jota lasku koskee.Esim. Viite: MotorShow 2026\" \/>\n<meta property=\"og:url\" content=\"https:\/\/satakunnanmessut.fi\/motorshow\/laskutustiedot\/\" \/>\n<meta property=\"og:site_name\" content=\"MotorShow\" \/>\n<meta property=\"article:modified_time\" content=\"2026-02-22T13:11:54+00:00\" \/>\n<meta name=\"twitter:card\" content=\"summary_large_image\" \/>\n<meta name=\"twitter:label1\" content=\"Arvioitu lukuaika\" \/>\n\t<meta name=\"twitter:data1\" content=\"1 minuutti\" \/>\n<script type=\"application\/ld+json\" class=\"yoast-schema-graph\">{\"@context\":\"https:\\\/\\\/schema.org\",\"@graph\":[{\"@type\":\"WebPage\",\"@id\":\"https:\\\/\\\/satakunnanmessut.fi\\\/motorshow\\\/laskutustiedot\\\/\",\"url\":\"https:\\\/\\\/satakunnanmessut.fi\\\/motorshow\\\/laskutustiedot\\\/\",\"name\":\"Laskutustiedot - MotorShow\",\"isPartOf\":{\"@id\":\"https:\\\/\\\/satakunnanmessut.fi\\\/motorshow\\\/#website\"},\"datePublished\":\"2022-09-22T09:03:54+00:00\",\"dateModified\":\"2026-02-22T13:11:54+00:00\",\"breadcrumb\":{\"@id\":\"https:\\\/\\\/satakunnanmessut.fi\\\/motorshow\\\/laskutustiedot\\\/#breadcrumb\"},\"inLanguage\":\"fi\",\"potentialAction\":[{\"@type\":\"ReadAction\",\"target\":[\"https:\\\/\\\/satakunnanmessut.fi\\\/motorshow\\\/laskutustiedot\\\/\"]}]},{\"@type\":\"BreadcrumbList\",\"@id\":\"https:\\\/\\\/satakunnanmessut.fi\\\/motorshow\\\/laskutustiedot\\\/#breadcrumb\",\"itemListElement\":[{\"@type\":\"ListItem\",\"position\":1,\"name\":\"Etusivu\",\"item\":\"https:\\\/\\\/satakunnanmessut.fi\\\/motorshow\\\/\"},{\"@type\":\"ListItem\",\"position\":2,\"name\":\"Laskutustiedot\"}]},{\"@type\":\"WebSite\",\"@id\":\"https:\\\/\\\/satakunnanmessut.fi\\\/motorshow\\\/#website\",\"url\":\"https:\\\/\\\/satakunnanmessut.fi\\\/motorshow\\\/\",\"name\":\"MotorShow\",\"description\":\"MotorShow &amp; StuntFest Porissa 26.-27.8.2023\",\"potentialAction\":[{\"@type\":\"SearchAction\",\"target\":{\"@type\":\"EntryPoint\",\"urlTemplate\":\"https:\\\/\\\/satakunnanmessut.fi\\\/motorshow\\\/?s={search_term_string}\"},\"query-input\":{\"@type\":\"PropertyValueSpecification\",\"valueRequired\":true,\"valueName\":\"search_term_string\"}}],\"inLanguage\":\"fi\"}]}<\/script>\n<!-- \/ Yoast SEO plugin. -->","yoast_head_json":{"title":"Laskutustiedot - MotorShow","robots":{"index":"index","follow":"follow","max-snippet":"max-snippet:-1","max-image-preview":"max-image-preview:large","max-video-preview":"max-video-preview:-1"},"canonical":"https:\/\/satakunnanmessut.fi\/motorshow\/laskutustiedot\/","og_locale":"fi_FI","og_type":"article","og_title":"Laskutustiedot - MotorShow","og_description":"LASKUTUSTIEDOT LALLI OY Ravintie 128130 Pori S\u00c4HK\u00d6ISET OSTOLASKUT VerkkolaskuosoitteemmeFI66 5161 0520 0325 94 V\u00e4litt\u00e4j\u00e4n tunnusOKOYFIHH Operaattorimme on OP-Pohjola.Viite aina sen tapahtuman mukaan, jota lasku koskee.Esim. Viite: MotorShow 2026","og_url":"https:\/\/satakunnanmessut.fi\/motorshow\/laskutustiedot\/","og_site_name":"MotorShow","article_modified_time":"2026-02-22T13:11:54+00:00","twitter_card":"summary_large_image","twitter_misc":{"Arvioitu lukuaika":"1 minuutti"},"schema":{"@context":"https:\/\/schema.org","@graph":[{"@type":"WebPage","@id":"https:\/\/satakunnanmessut.fi\/motorshow\/laskutustiedot\/","url":"https:\/\/satakunnanmessut.fi\/motorshow\/laskutustiedot\/","name":"Laskutustiedot - MotorShow","isPartOf":{"@id":"https:\/\/satakunnanmessut.fi\/motorshow\/#website"},"datePublished":"2022-09-22T09:03:54+00:00","dateModified":"2026-02-22T13:11:54+00:00","breadcrumb":{"@id":"https:\/\/satakunnanmessut.fi\/motorshow\/laskutustiedot\/#breadcrumb"},"inLanguage":"fi","potentialAction":[{"@type":"ReadAction","target":["https:\/\/satakunnanmessut.fi\/motorshow\/laskutustiedot\/"]}]},{"@type":"BreadcrumbList","@id":"https:\/\/satakunnanmessut.fi\/motorshow\/laskutustiedot\/#breadcrumb","itemListElement":[{"@type":"ListItem","position":1,"name":"Etusivu","item":"https:\/\/satakunnanmessut.fi\/motorshow\/"},{"@type":"ListItem","position":2,"name":"Laskutustiedot"}]},{"@type":"WebSite","@id":"https:\/\/satakunnanmessut.fi\/motorshow\/#website","url":"https:\/\/satakunnanmessut.fi\/motorshow\/","name":"MotorShow","description":"MotorShow &amp; StuntFest Porissa 26.-27.8.2023","potentialAction":[{"@type":"SearchAction","target":{"@type":"EntryPoint","urlTemplate":"https:\/\/satakunnanmessut.fi\/motorshow\/?s={search_term_string}"},"query-input":{"@type":"PropertyValueSpecification","valueRequired":true,"valueName":"search_term_string"}}],"inLanguage":"fi"}]}},"_links":{"self":[{"href":"https:\/\/satakunnanmessut.fi\/motorshow\/wp-json\/wp\/v2\/pages\/179","targetHints":{"allow":["GET"]}}],"collection":[{"href":"https:\/\/satakunnanmessut.fi\/motorshow\/wp-json\/wp\/v2\/pages"}],"about":[{"href":"https:\/\/satakunnanmessut.fi\/motorshow\/wp-json\/wp\/v2\/types\/page"}],"author":[{"embeddable":true,"href":"https:\/\/satakunnanmessut.fi\/motorshow\/wp-json\/wp\/v2\/users\/2"}],"replies":[{"embeddable":true,"href":"https:\/\/satakunnanmessut.fi\/motorshow\/wp-json\/wp\/v2\/comments?post=179"}],"version-history":[{"count":0,"href":"https:\/\/satakunnanmessut.fi\/motorshow\/wp-json\/wp\/v2\/pages\/179\/revisions"}],"wp:attachment":[{"href":"https:\/\/satakunnanmessut.fi\/motorshow\/wp-json\/wp\/v2\/media?parent=179"}],"curies":[{"name":"wp","href":"https:\/\/api.w.org\/{rel}","templated":true}]}}