{"id":958,"date":"2023-01-24T09:07:39","date_gmt":"2023-01-24T07:07:39","guid":{"rendered":"https:\/\/satakunnanmessut.fi\/haamessut\/?page_id=958"},"modified":"2026-01-26T08:38:53","modified_gmt":"2026-01-26T06:38:53","slug":"naytteilleasettaja","status":"publish","type":"page","link":"https:\/\/satakunnanmessut.fi\/haamessut\/naytteilleasettaja\/","title":{"rendered":"N\u00e4ytteilleasettaja"},"content":{"rendered":"\t\t<div data-elementor-type=\"wp-page\" data-elementor-id=\"958\" class=\"elementor elementor-958\" data-elementor-post-type=\"page\">\n\t\t\t\t\t\t<section class=\"elementor-section elementor-top-section elementor-element elementor-element-45e9d48 elementor-section-boxed elementor-section-height-default elementor-section-height-default elementor-invisible\" data-id=\"45e9d48\" data-element_type=\"section\" data-e-type=\"section\" data-settings=\"{&quot;animation&quot;:&quot;fadeIn&quot;}\">\n\t\t\t\t\t\t<div class=\"elementor-container elementor-column-gap-default\">\n\t\t\t\t\t<div class=\"elementor-column elementor-col-100 elementor-top-column elementor-element elementor-element-3545457d\" data-id=\"3545457d\" data-element_type=\"column\" data-e-type=\"column\">\n\t\t\t<div class=\"elementor-widget-wrap elementor-element-populated\">\n\t\t\t\t\t\t<div class=\"elementor-element elementor-element-251a047e elementor-widget elementor-widget-heading\" data-id=\"251a047e\" data-element_type=\"widget\" data-e-type=\"widget\" data-widget_type=\"heading.default\">\n\t\t\t\t<div class=\"elementor-widget-container\">\n\t\t\t\t\t<h1 class=\"elementor-heading-title elementor-size-default\">N\u00c4YTTEILLEASETTAJAT 2026<\/h1>\t\t\t\t<\/div>\n\t\t\t\t<\/div>\n\t\t\t\t<section class=\"elementor-section elementor-inner-section elementor-element elementor-element-13afd2f8 elementor-section-boxed elementor-section-height-default elementor-section-height-default\" data-id=\"13afd2f8\" data-element_type=\"section\" data-e-type=\"section\">\n\t\t\t\t\t\t<div class=\"elementor-container elementor-column-gap-default\">\n\t\t\t\t\t<div class=\"elementor-column elementor-col-100 elementor-inner-column elementor-element elementor-element-7c383a77\" data-id=\"7c383a77\" data-element_type=\"column\" data-e-type=\"column\">\n\t\t\t<div class=\"elementor-widget-wrap elementor-element-populated\">\n\t\t\t\t\t\t<div class=\"elementor-element elementor-element-6417fc8 elementor-widget elementor-widget-text-editor\" data-id=\"6417fc8\" data-element_type=\"widget\" data-e-type=\"widget\" data-widget_type=\"text-editor.default\">\n\t\t\t\t<div class=\"elementor-widget-container\">\n\t\t\t\t\t\t\t\t\t<p><a href=\"https:\/\/anetteahokasdesign.com\/\">Anette Ahokas Design<\/a><br><a href=\"https:\/\/www.antinkukka.fi\/\">Antin kukka <\/a><br><a href=\"https:\/\/www.devalingerie.fi\/\">Deva Lingerie<\/a><br><a href=\"https:\/\/omakukka.fi\/\">Oma Kukka <\/a><br><a href=\"https:\/\/satakunnanoma.fi\/prisma-mikkola\/\">Oma parturi-kampaamo&nbsp;<\/a><br><a href=\"https:\/\/porinjuhlava.fi\/\">Pukuvuokraamo Juhlava <\/a><br><a href=\"https:\/\/www.korupaja.fi\/\">Malmin Korupaja<\/a><br><a href=\"https:\/\/www.itakeskuksenkultakoru.fi\/?utm_campaign=Kultasepanliike+%5B24093836%5D&amp;utm_source=google&amp;utm_medium=cpc&amp;utm_term=korut&amp;utm_content=1093268-e1-ng-mp-c161797761-g11705693601-a613102061909-uCjwKCAjwxrLHBhA2EiwAu9EdM989z-L9a7YI6fXqI1Ca6LXJOkt6lia1W7a5_X3CTo83qnlPSnCvGBoCG-sQAvD_BwE-cat2651687-kkorut-mod&amp;gad_source=1&amp;gad_campaignid=161797761&amp;gbraid=0AAAAADoOfS8btRjFivgjoQ9QeCeSD1wsH&amp;gclid=CjwKCAjwxrLHBhA2EiwAu9EdM989z-L9a7YI6fXqI1Ca6LXJOkt6lia1W7a5_X3CTo83qnlPSnCvGBoCG-sQAvD_BwE\">It\u00e4keskuksen Kultakoru<\/a><br><a href=\"https:\/\/www.kultaseppatallberg.fi\/\">Kultasep\u00e4nliike Tallberg<\/a><br><a href=\"https:\/\/www.instagram.com\/juhlavuokrauskimara?utm_source=ig_web_button_share_sheet&amp;igsh=ZDNlZDc0MzIxNw==\">Juhlavuokraus Kimara<\/a><br><a href=\"https:\/\/www.kultajousi.fi\/fi\/\">Kultajousi<\/a><br><a href=\"https:\/\/piknikki.fi\/\">Piknikki.fi<\/a><br><a href=\"https:\/\/www.instagram.com\/haasuunnittelija_miana\/\">H\u00e4\u00e4suunnittelu Miana<\/a><br><a href=\"https:\/\/www.floristimestari.fi\/\">Floristimestari Kirsi Saarenp\u00e4\u00e4<\/a><br><a href=\"https:\/\/viinitilameggala.fi\/\">Meggala<\/a><br><a href=\"https:\/\/kosketuksella.fi\/\">Kosketuksella<\/a><br><a href=\"https:\/\/www.ohjelmamestarit.fi\/\">Ohjelmamestarit<\/a><br><a href=\"https:\/\/www.studioposhpori.com\/\">Studio Posh<\/a><br><a href=\"https:\/\/www.marimikola.com\/\">Studio Lilac<\/a><br><a href=\"https:\/\/www.thesaunapori.fi\/\">The Sauna&nbsp;Pori<\/a><br><a href=\"https:\/\/satakunnanosuuskauppa.fi\/\">Satakunnan Osuuskauppa<\/a><br><a href=\"https:\/\/hovihotels.fi\/\">Rauman Hovi<\/a><br><a href=\"https:\/\/www.diakon.fi\/juhla\/\">Diakon Juhla<\/a><br><a href=\"https:\/\/www.dna.fi\/yksityisille\">DNA<\/a><br><a href=\"https:\/\/www.satafood.net\/\">Satafood kehitt\u00e4misyhdistys ry &amp; Satakyl\u00e4t ry\/Kyl\u00e4talot k\u00e4ytt\u00f6\u00f6n -hanke<\/a><br><a href=\"https:\/\/juhlarent.fi\/\">Juhlarent&nbsp;Pori<\/a><br><a href=\"https:\/\/www.liekkikoru.fi\/\">Liekki koru<\/a><br><a href=\"https:\/\/www.omasp.fi\/konttorit\/pori\">OmaSP<\/a><br><a href=\"https:\/\/www.mikaelleppaniemi.fi\/\">Valokuvaaja Mikael Lepp\u00e4niemi<\/a><br><a href=\"https:\/\/kauniitjuhlat.fi\/\">Kauniit Juhlat<\/a><br><a href=\"https:\/\/eko.fi\/\">Eurajoen Kristillinen opisto<\/a><br>Viihdekoski<br><a href=\"https:\/\/www.matkapojat.fi\/\">Matkapojat<\/a><br><a href=\"https:\/\/www.onnenlaineet.fi\/\">Onnenlaineet<\/a><br><a href=\"https:\/\/tanssitaivas.net\/\">Tanssitaivas<\/a><br><a href=\"https:\/\/willikarvia.fi\/\">Willi Karvia<\/a><br><a href=\"https:\/\/gladuask.fi\/\">Glad U Ask<\/a><br><a href=\"https:\/\/www.ravintolasiltalyhty.fi\/\">Ravintola Siltalyhty<\/a><br><a href=\"https:\/\/www.saastopankki.fi\/fi-fi\/pankit-ja-konttorit\/aito-saastopankki\/aito-saastopankin-konttorit\/aito-saastopankki-pori\">Aito S\u00e4\u00e4st\u00f6pankki<\/a><br><a href=\"https:\/\/www.winnova.fi\/\">WinNova<\/a><br><a href=\"https:\/\/www.facebook.com\/p\/Kiilholman-Kartano-100063631387994\/?locale=fi_FI\">Kiilholman kartano<\/a><br><a href=\"https:\/\/tammer-juristit.fi\/\">Asianajotoimisto Tammer-Juristit<\/a><br>DJ Ropo<br><a href=\"https:\/\/www.facebook.com\/qskeri?locale=fi_FI\">Valokuvaaja Jussi Qskeri<\/a><br>SAMK kansainv\u00e4lisen matkailun opiskelijat &#8211; Aasialaiset h\u00e4\u00e4t<br><a href=\"https:\/\/www.kirkkoporissa.fi\/\">Porin ev.lut seurakunta<\/a><br><a href=\"https:\/\/ompelimoveeravuorisalo.fi\/\">Ompelimo Veera Vuorisalo<\/a><br><a href=\"https:\/\/aanirasia.fi\/\">\u00c4\u00e4nirasia<\/a><br><a href=\"https:\/\/www.satalomat.fi\/\">Satalomat<\/a><br><a href=\"https:\/\/www.designlancetta.fi\/\">Design Lancetta<\/a><\/p>\n<p>Kattauskilpailu<br>Juhlarent<br>H\u00e4\u00e4suunnittelu Miana<br>Juhlavuokraus Kimara<br>Diakon Juhla<\/p>\n<p>Valokuvauskilpailu<br>Valokuvaaja Mikael Lepp\u00e4niemi<br>Glad U Ask<br>Valokuvaaja Jussi Qskeri<br>Valokuvaaja Esko Pamppunen<\/p>\t\t\t\t\t\t\t\t<\/div>\n\t\t\t\t<\/div>\n\t\t\t\t\t<\/div>\n\t\t<\/div>\n\t\t\t\t\t<\/div>\n\t\t<\/section>\n\t\t\t\t\t<\/div>\n\t\t<\/div>\n\t\t\t\t\t<\/div>\n\t\t<\/section>\n\t\t\t\t<\/div>\n\t\t","protected":false},"excerpt":{"rendered":"<p>N\u00c4YTTEILLEASETTAJAT 2026 Anette Ahokas DesignAntin kukka Deva LingerieOma Kukka Oma parturi-kampaamo&nbsp;Pukuvuokraamo Juhlava Malmin KorupajaIt\u00e4keskuksen KultakoruKultasep\u00e4nliike TallbergJuhlavuokraus KimaraKultajousiPiknikki.fiH\u00e4\u00e4suunnittelu MianaFloristimestari Kirsi Saarenp\u00e4\u00e4MeggalaKosketuksellaOhjelmamestaritStudio PoshStudio LilacThe Sauna&nbsp;PoriSatakunnan OsuuskauppaRauman HoviDiakon JuhlaDNASatafood kehitt\u00e4misyhdistys ry &amp; Satakyl\u00e4t ry\/Kyl\u00e4talot k\u00e4ytt\u00f6\u00f6n -hankeJuhlarent&nbsp;PoriLiekki koruOmaSPValokuvaaja Mikael Lepp\u00e4niemiKauniit JuhlatEurajoen Kristillinen opistoViihdekoskiMatkapojatOnnenlaineetTanssitaivasWilli KarviaGlad U AskRavintola SiltalyhtyAito S\u00e4\u00e4st\u00f6pankkiWinNovaKiilholman kartanoAsianajotoimisto Tammer-JuristitDJ RopoValokuvaaja Jussi QskeriSAMK kansainv\u00e4lisen matkailun opiskelijat &#8211; Aasialaiset h\u00e4\u00e4tPorin [&hellip;]<\/p>\n","protected":false},"author":2,"featured_media":0,"parent":0,"menu_order":0,"comment_status":"closed","ping_status":"closed","template":"","meta":{"footnotes":""},"class_list":["post-958","page","type-page","status-publish","hentry"],"yoast_head":"<!-- This site is optimized with the Yoast SEO plugin v27.4 - https:\/\/yoast.com\/product\/yoast-seo-wordpress\/ -->\n<title>N\u00e4ytteilleasettaja - H\u00e4\u00e4messut<\/title>\n<meta name=\"robots\" content=\"index, follow, max-snippet:-1, max-image-preview:large, max-video-preview:-1\" \/>\n<link rel=\"canonical\" href=\"https:\/\/satakunnanmessut.fi\/haamessut\/naytteilleasettaja\/\" \/>\n<meta property=\"og:locale\" content=\"fi_FI\" \/>\n<meta property=\"og:type\" content=\"article\" \/>\n<meta property=\"og:title\" content=\"N\u00e4ytteilleasettaja - H\u00e4\u00e4messut\" \/>\n<meta property=\"og:description\" content=\"N\u00c4YTTEILLEASETTAJAT 2026 Anette Ahokas DesignAntin kukka Deva LingerieOma Kukka Oma parturi-kampaamo&nbsp;Pukuvuokraamo Juhlava Malmin KorupajaIt\u00e4keskuksen KultakoruKultasep\u00e4nliike TallbergJuhlavuokraus KimaraKultajousiPiknikki.fiH\u00e4\u00e4suunnittelu MianaFloristimestari Kirsi Saarenp\u00e4\u00e4MeggalaKosketuksellaOhjelmamestaritStudio PoshStudio LilacThe Sauna&nbsp;PoriSatakunnan OsuuskauppaRauman HoviDiakon JuhlaDNASatafood kehitt\u00e4misyhdistys ry &amp; Satakyl\u00e4t ry\/Kyl\u00e4talot k\u00e4ytt\u00f6\u00f6n -hankeJuhlarent&nbsp;PoriLiekki koruOmaSPValokuvaaja Mikael Lepp\u00e4niemiKauniit JuhlatEurajoen Kristillinen opistoViihdekoskiMatkapojatOnnenlaineetTanssitaivasWilli KarviaGlad U AskRavintola SiltalyhtyAito S\u00e4\u00e4st\u00f6pankkiWinNovaKiilholman kartanoAsianajotoimisto Tammer-JuristitDJ RopoValokuvaaja Jussi QskeriSAMK kansainv\u00e4lisen matkailun opiskelijat &#8211; Aasialaiset h\u00e4\u00e4tPorin [&hellip;]\" \/>\n<meta property=\"og:url\" content=\"https:\/\/satakunnanmessut.fi\/haamessut\/naytteilleasettaja\/\" \/>\n<meta property=\"og:site_name\" content=\"H\u00e4\u00e4messut\" \/>\n<meta property=\"article:modified_time\" content=\"2026-01-26T06:38:53+00:00\" \/>\n<meta name=\"twitter:card\" content=\"summary_large_image\" \/>\n<meta name=\"twitter:label1\" content=\"Arvioitu lukuaika\" \/>\n\t<meta name=\"twitter:data1\" content=\"1 minuutti\" \/>\n<script type=\"application\/ld+json\" class=\"yoast-schema-graph\">{\"@context\":\"https:\\\/\\\/schema.org\",\"@graph\":[{\"@type\":\"WebPage\",\"@id\":\"https:\\\/\\\/satakunnanmessut.fi\\\/haamessut\\\/naytteilleasettaja\\\/\",\"url\":\"https:\\\/\\\/satakunnanmessut.fi\\\/haamessut\\\/naytteilleasettaja\\\/\",\"name\":\"N\u00e4ytteilleasettaja - H\u00e4\u00e4messut\",\"isPartOf\":{\"@id\":\"https:\\\/\\\/satakunnanmessut.fi\\\/haamessut\\\/#website\"},\"datePublished\":\"2023-01-24T07:07:39+00:00\",\"dateModified\":\"2026-01-26T06:38:53+00:00\",\"breadcrumb\":{\"@id\":\"https:\\\/\\\/satakunnanmessut.fi\\\/haamessut\\\/naytteilleasettaja\\\/#breadcrumb\"},\"inLanguage\":\"fi\",\"potentialAction\":[{\"@type\":\"ReadAction\",\"target\":[\"https:\\\/\\\/satakunnanmessut.fi\\\/haamessut\\\/naytteilleasettaja\\\/\"]}]},{\"@type\":\"BreadcrumbList\",\"@id\":\"https:\\\/\\\/satakunnanmessut.fi\\\/haamessut\\\/naytteilleasettaja\\\/#breadcrumb\",\"itemListElement\":[{\"@type\":\"ListItem\",\"position\":1,\"name\":\"Etusivu\",\"item\":\"https:\\\/\\\/satakunnanmessut.fi\\\/haamessut\\\/\"},{\"@type\":\"ListItem\",\"position\":2,\"name\":\"N\u00e4ytteilleasettaja\"}]},{\"@type\":\"WebSite\",\"@id\":\"https:\\\/\\\/satakunnanmessut.fi\\\/haamessut\\\/#website\",\"url\":\"https:\\\/\\\/satakunnanmessut.fi\\\/haamessut\\\/\",\"name\":\"H\u00e4\u00e4messut\",\"description\":\"Inspiroivia ideoita el\u00e4m\u00e4si juhliin ja vinkkej\u00e4 my\u00f6s arjen hyvinvointiin.\",\"potentialAction\":[{\"@type\":\"SearchAction\",\"target\":{\"@type\":\"EntryPoint\",\"urlTemplate\":\"https:\\\/\\\/satakunnanmessut.fi\\\/haamessut\\\/?s={search_term_string}\"},\"query-input\":{\"@type\":\"PropertyValueSpecification\",\"valueRequired\":true,\"valueName\":\"search_term_string\"}}],\"inLanguage\":\"fi\"}]}<\/script>\n<!-- \/ Yoast SEO plugin. -->","yoast_head_json":{"title":"N\u00e4ytteilleasettaja - H\u00e4\u00e4messut","robots":{"index":"index","follow":"follow","max-snippet":"max-snippet:-1","max-image-preview":"max-image-preview:large","max-video-preview":"max-video-preview:-1"},"canonical":"https:\/\/satakunnanmessut.fi\/haamessut\/naytteilleasettaja\/","og_locale":"fi_FI","og_type":"article","og_title":"N\u00e4ytteilleasettaja - H\u00e4\u00e4messut","og_description":"N\u00c4YTTEILLEASETTAJAT 2026 Anette Ahokas DesignAntin kukka Deva LingerieOma Kukka Oma parturi-kampaamo&nbsp;Pukuvuokraamo Juhlava Malmin KorupajaIt\u00e4keskuksen KultakoruKultasep\u00e4nliike TallbergJuhlavuokraus KimaraKultajousiPiknikki.fiH\u00e4\u00e4suunnittelu MianaFloristimestari Kirsi Saarenp\u00e4\u00e4MeggalaKosketuksellaOhjelmamestaritStudio PoshStudio LilacThe Sauna&nbsp;PoriSatakunnan OsuuskauppaRauman HoviDiakon JuhlaDNASatafood kehitt\u00e4misyhdistys ry &amp; Satakyl\u00e4t ry\/Kyl\u00e4talot k\u00e4ytt\u00f6\u00f6n -hankeJuhlarent&nbsp;PoriLiekki koruOmaSPValokuvaaja Mikael Lepp\u00e4niemiKauniit JuhlatEurajoen Kristillinen opistoViihdekoskiMatkapojatOnnenlaineetTanssitaivasWilli KarviaGlad U AskRavintola SiltalyhtyAito S\u00e4\u00e4st\u00f6pankkiWinNovaKiilholman kartanoAsianajotoimisto Tammer-JuristitDJ RopoValokuvaaja Jussi QskeriSAMK kansainv\u00e4lisen matkailun opiskelijat &#8211; Aasialaiset h\u00e4\u00e4tPorin [&hellip;]","og_url":"https:\/\/satakunnanmessut.fi\/haamessut\/naytteilleasettaja\/","og_site_name":"H\u00e4\u00e4messut","article_modified_time":"2026-01-26T06:38:53+00:00","twitter_card":"summary_large_image","twitter_misc":{"Arvioitu lukuaika":"1 minuutti"},"schema":{"@context":"https:\/\/schema.org","@graph":[{"@type":"WebPage","@id":"https:\/\/satakunnanmessut.fi\/haamessut\/naytteilleasettaja\/","url":"https:\/\/satakunnanmessut.fi\/haamessut\/naytteilleasettaja\/","name":"N\u00e4ytteilleasettaja - H\u00e4\u00e4messut","isPartOf":{"@id":"https:\/\/satakunnanmessut.fi\/haamessut\/#website"},"datePublished":"2023-01-24T07:07:39+00:00","dateModified":"2026-01-26T06:38:53+00:00","breadcrumb":{"@id":"https:\/\/satakunnanmessut.fi\/haamessut\/naytteilleasettaja\/#breadcrumb"},"inLanguage":"fi","potentialAction":[{"@type":"ReadAction","target":["https:\/\/satakunnanmessut.fi\/haamessut\/naytteilleasettaja\/"]}]},{"@type":"BreadcrumbList","@id":"https:\/\/satakunnanmessut.fi\/haamessut\/naytteilleasettaja\/#breadcrumb","itemListElement":[{"@type":"ListItem","position":1,"name":"Etusivu","item":"https:\/\/satakunnanmessut.fi\/haamessut\/"},{"@type":"ListItem","position":2,"name":"N\u00e4ytteilleasettaja"}]},{"@type":"WebSite","@id":"https:\/\/satakunnanmessut.fi\/haamessut\/#website","url":"https:\/\/satakunnanmessut.fi\/haamessut\/","name":"H\u00e4\u00e4messut","description":"Inspiroivia ideoita el\u00e4m\u00e4si juhliin ja vinkkej\u00e4 my\u00f6s arjen hyvinvointiin.","potentialAction":[{"@type":"SearchAction","target":{"@type":"EntryPoint","urlTemplate":"https:\/\/satakunnanmessut.fi\/haamessut\/?s={search_term_string}"},"query-input":{"@type":"PropertyValueSpecification","valueRequired":true,"valueName":"search_term_string"}}],"inLanguage":"fi"}]}},"_links":{"self":[{"href":"https:\/\/satakunnanmessut.fi\/haamessut\/wp-json\/wp\/v2\/pages\/958","targetHints":{"allow":["GET"]}}],"collection":[{"href":"https:\/\/satakunnanmessut.fi\/haamessut\/wp-json\/wp\/v2\/pages"}],"about":[{"href":"https:\/\/satakunnanmessut.fi\/haamessut\/wp-json\/wp\/v2\/types\/page"}],"author":[{"embeddable":true,"href":"https:\/\/satakunnanmessut.fi\/haamessut\/wp-json\/wp\/v2\/users\/2"}],"replies":[{"embeddable":true,"href":"https:\/\/satakunnanmessut.fi\/haamessut\/wp-json\/wp\/v2\/comments?post=958"}],"version-history":[{"count":0,"href":"https:\/\/satakunnanmessut.fi\/haamessut\/wp-json\/wp\/v2\/pages\/958\/revisions"}],"wp:attachment":[{"href":"https:\/\/satakunnanmessut.fi\/haamessut\/wp-json\/wp\/v2\/media?parent=958"}],"curies":[{"name":"wp","href":"https:\/\/api.w.org\/{rel}","templated":true}]}}