{"id":261,"date":"2022-09-19T11:53:51","date_gmt":"2022-09-19T08:53:51","guid":{"rendered":"https:\/\/uusi.satakunnanmessut.fi\/haamessut\/?page_id=261"},"modified":"2026-02-02T11:03:33","modified_gmt":"2026-02-02T09:03:33","slug":"varaa-osasto","status":"publish","type":"page","link":"https:\/\/satakunnanmessut.fi\/haamessut\/varaa-osasto\/","title":{"rendered":"Varaa osasto"},"content":{"rendered":"\t\t<div data-elementor-type=\"wp-page\" data-elementor-id=\"261\" class=\"elementor elementor-261\" data-elementor-post-type=\"page\">\n\t\t\t\t\t\t<section class=\"elementor-section elementor-top-section elementor-element elementor-element-3e0204e9 elementor-section-boxed elementor-section-height-default elementor-section-height-default elementor-invisible\" data-id=\"3e0204e9\" data-element_type=\"section\" data-e-type=\"section\" data-settings=\"{&quot;animation&quot;:&quot;fadeIn&quot;}\">\n\t\t\t\t\t\t<div class=\"elementor-container elementor-column-gap-default\">\n\t\t\t\t\t<div class=\"elementor-column elementor-col-100 elementor-top-column elementor-element elementor-element-6c4bd1b7\" data-id=\"6c4bd1b7\" data-element_type=\"column\" data-e-type=\"column\">\n\t\t\t<div class=\"elementor-widget-wrap elementor-element-populated\">\n\t\t\t\t\t\t<div class=\"elementor-element elementor-element-3f0820a7 elementor-widget elementor-widget-heading\" data-id=\"3f0820a7\" data-element_type=\"widget\" data-e-type=\"widget\" data-widget_type=\"heading.default\">\n\t\t\t\t<div class=\"elementor-widget-container\">\n\t\t\t\t\t<h1 class=\"elementor-heading-title elementor-size-default\">VARAA OSASTO<\/h1>\t\t\t\t<\/div>\n\t\t\t\t<\/div>\n\t\t\t\t<section class=\"elementor-section elementor-inner-section elementor-element elementor-element-7b5efd57 elementor-section-boxed elementor-section-height-default elementor-section-height-default\" data-id=\"7b5efd57\" data-element_type=\"section\" data-e-type=\"section\">\n\t\t\t\t\t\t<div class=\"elementor-container elementor-column-gap-default\">\n\t\t\t\t\t<div class=\"elementor-column elementor-col-100 elementor-inner-column elementor-element elementor-element-5b341f72\" data-id=\"5b341f72\" data-element_type=\"column\" data-e-type=\"column\">\n\t\t\t<div class=\"elementor-widget-wrap elementor-element-populated\">\n\t\t\t\t\t\t<div class=\"elementor-element elementor-element-346dcfb8 elementor-widget elementor-widget-image\" data-id=\"346dcfb8\" data-element_type=\"widget\" data-e-type=\"widget\" data-widget_type=\"image.default\">\n\t\t\t\t<div class=\"elementor-widget-container\">\n\t\t\t\t\t\t\t\t\t\t\t\t\t\t\t<img fetchpriority=\"high\" decoding=\"async\" width=\"1654\" height=\"1024\" src=\"https:\/\/satakunnanmessut.fi\/haamessut\/wp-content\/uploads\/sites\/4\/2024\/02\/HAA2025_OSASTOKARTTA.jpg\" class=\"attachment-full size-full wp-image-1458\" alt=\"\" srcset=\"https:\/\/satakunnanmessut.fi\/haamessut\/wp-content\/uploads\/sites\/4\/2024\/02\/HAA2025_OSASTOKARTTA.jpg 1654w, https:\/\/satakunnanmessut.fi\/haamessut\/wp-content\/uploads\/sites\/4\/2024\/02\/HAA2025_OSASTOKARTTA-300x186.jpg 300w, https:\/\/satakunnanmessut.fi\/haamessut\/wp-content\/uploads\/sites\/4\/2024\/02\/HAA2025_OSASTOKARTTA-1024x634.jpg 1024w, https:\/\/satakunnanmessut.fi\/haamessut\/wp-content\/uploads\/sites\/4\/2024\/02\/HAA2025_OSASTOKARTTA-768x475.jpg 768w, https:\/\/satakunnanmessut.fi\/haamessut\/wp-content\/uploads\/sites\/4\/2024\/02\/HAA2025_OSASTOKARTTA-1536x951.jpg 1536w\" sizes=\"(max-width: 1654px) 100vw, 1654px\" \/>\t\t\t\t\t\t\t\t\t\t\t\t\t\t\t<\/div>\n\t\t\t\t<\/div>\n\t\t\t\t<div class=\"elementor-element elementor-element-ab96900 elementor-widget elementor-widget-text-editor\" data-id=\"ab96900\" data-element_type=\"widget\" data-e-type=\"widget\" data-widget_type=\"text-editor.default\">\n\t\t\t\t<div class=\"elementor-widget-container\">\n\t\t\t\t\t\t\t\t\t<p><b>TULOSSA MM. PARAS H\u00c4\u00c4KIMPPU- JA H\u00c4\u00c4KUVAKILPAILU<br>Kysy lis\u00e4\u00e4 myynnist\u00e4mme.<\/b><\/p>\n<p><strong>P\u00d6YT\u00c4PAIKAT 1-18<br>260 \u20ac<\/strong><br>sis. p\u00f6yd\u00e4n sek\u00e4 valkoisen p\u00f6yt\u00e4liinan.<\/p>\n<p><strong>Tarvittaessa mahdollisuus my\u00f6s pystyp\u00f6ytiin &#8211; 160 \u20ac.<\/strong><\/p>\n<p><strong>OSASTOPAIKAT 19-32<\/strong><br><strong>4&#215;4 m&nbsp; &nbsp;875 \u20ac<\/strong><br><strong>2&#215;4 m&nbsp; &nbsp;500 \u20ac<\/strong><br><strong>2&#215;2 m&nbsp;&nbsp; 275 \u20ac<br><\/strong><\/p>\n<p><strong>LIS\u00c4PALVELUT<br><\/strong>S\u00e4hk\u00f6liittym\u00e4 (1-3 kW)&nbsp; 75 \u20ac<br>Vuokrap\u00f6yt\u00e4 (1800&#215;900)&nbsp; 40 \u20ac<br>Baarijakkara&nbsp; 25 \u20ac<br>Baarip\u00f6yt\u00e4&nbsp; 30 \u20ac<br>Klaffituoli&nbsp; 10 \u20ac<br>Hinnat alv 0 %<\/p>\n<p><strong>MESSULEHTI<\/strong><br>Julkaistaan keskiviikkona 27.1.2027 Satakunnan Viikon v\u00e4liss\u00e4.<br><strong>Varaa mainostilasi mediamyynnist\u00e4mme: satakunnanviikko.fi<\/strong><\/p>\n<p><b><form method=\"GET\" action=\"\/varauslomake\/\" > <input type=\"hidden\" value=\"haamessut\" name=\"tapahtuma\"> <button type=\"submit\" class=\"elementor-button-link elementor-button elementor-size-sm elementor-animation-grow\" role=\"button\" style=\"border-color: transparent;\"> <span class=\"elementor-button-content-wrapper\"> <span class=\"elementor-button-text\"><span style=\"text-transform: uppercase;\">Osaston varauslomake<\/span><\/span> <\/span> <\/button> <\/form><\/b><\/p>\t\t\t\t\t\t\t\t<\/div>\n\t\t\t\t<\/div>\n\t\t\t\t<div class=\"elementor-element elementor-element-276f879d elementor-widget elementor-widget-heading\" data-id=\"276f879d\" data-element_type=\"widget\" data-e-type=\"widget\" data-widget_type=\"heading.default\">\n\t\t\t\t<div class=\"elementor-widget-container\">\n\t\t\t\t\t<h2 class=\"elementor-heading-title elementor-size-default\">LIS\u00c4N\u00c4KYVYYTT\u00c4 YHTEISTY\u00d6KUMPPANINA<\/h2>\t\t\t\t<\/div>\n\t\t\t\t<\/div>\n\t\t\t\t<div class=\"elementor-element elementor-element-2ebddc13 elementor-widget elementor-widget-text-editor\" data-id=\"2ebddc13\" data-element_type=\"widget\" data-e-type=\"widget\" data-widget_type=\"text-editor.default\">\n\t\t\t\t<div class=\"elementor-widget-container\">\n\t\t\t\t\t\t\t\t\t<p>&#8211; 4 m\u00b2 osasto sis. 1-3 kW s\u00e4hk\u00f6liittym\u00e4n<br \/>&#8211; logon\u00e4kyvyys kaikessa markkinoinnissa <br \/>&#8211; kaupallinen yhteisty\u00f6 1\/2-sivu messulehdess\u00e4<br \/>&#8211; nostot Satakunnan Messujen some-kanavissa<br \/><br \/><b>Paketin hinta yht. 1.600 \u20ac + alv.<\/b><\/p>\t\t\t\t\t\t\t\t<\/div>\n\t\t\t\t<\/div>\n\t\t\t\t<div class=\"elementor-element elementor-element-24a7e00b elementor-widget elementor-widget-heading\" data-id=\"24a7e00b\" data-element_type=\"widget\" data-e-type=\"widget\" data-widget_type=\"heading.default\">\n\t\t\t\t<div class=\"elementor-widget-container\">\n\t\t\t\t\t<h2 class=\"elementor-heading-title elementor-size-default\">OTA YHTEYTT\u00c4<\/h2>\t\t\t\t<\/div>\n\t\t\t\t<\/div>\n\t\t\t\t<div class=\"elementor-element elementor-element-40297a45 elementor-widget elementor-widget-text-editor\" data-id=\"40297a45\" data-element_type=\"widget\" data-e-type=\"widget\" data-widget_type=\"text-editor.default\">\n\t\t\t\t<div class=\"elementor-widget-container\">\n\t\t\t\t\t\t\t\t\t<p><b>JANI HAANP\u00c4\u00c4<\/b><br>Myyntijohtaja <br>045 677 8417<br>\u2028jani.haanpaa@satakunnanviikko.fi<\/p>\n<p><strong>EMILIA HAANP\u00c4\u00c4<\/strong><br>Myyntineuvottelija<br>041 318 3589<br>emilia.haanpaa@satakunnanviikko.fi<\/p><p><b>INKA-MARIA HALMINEN<\/b><br>Myyntineuvottelija<br>050 5441286<br>juhlavuokrauskimara@gmail.com<\/p>\t\t\t\t\t\t\t\t<\/div>\n\t\t\t\t<\/div>\n\t\t\t\t\t<\/div>\n\t\t<\/div>\n\t\t\t\t\t<\/div>\n\t\t<\/section>\n\t\t\t\t\t<\/div>\n\t\t<\/div>\n\t\t\t\t\t<\/div>\n\t\t<\/section>\n\t\t\t\t<\/div>\n\t\t","protected":false},"excerpt":{"rendered":"<p>VARAA OSASTO TULOSSA MM. PARAS H\u00c4\u00c4KIMPPU- JA H\u00c4\u00c4KUVAKILPAILUKysy lis\u00e4\u00e4 myynnist\u00e4mme. P\u00d6YT\u00c4PAIKAT 1-18260 \u20acsis. p\u00f6yd\u00e4n sek\u00e4 valkoisen p\u00f6yt\u00e4liinan. Tarvittaessa mahdollisuus my\u00f6s pystyp\u00f6ytiin &#8211; 160 \u20ac. OSASTOPAIKAT 19-324&#215;4 m&nbsp; &nbsp;875 \u20ac2&#215;4 m&nbsp; &nbsp;500 \u20ac2&#215;2 m&nbsp;&nbsp; 275 \u20ac LIS\u00c4PALVELUTS\u00e4hk\u00f6liittym\u00e4 (1-3 kW)&nbsp; 75 \u20acVuokrap\u00f6yt\u00e4 (1800&#215;900)&nbsp; 40 \u20acBaarijakkara&nbsp; 25 \u20acBaarip\u00f6yt\u00e4&nbsp; 30 \u20acKlaffituoli&nbsp; 10 \u20acHinnat alv 0 % MESSULEHTIJulkaistaan keskiviikkona 27.1.2027 [&hellip;]<\/p>\n","protected":false},"author":2,"featured_media":0,"parent":0,"menu_order":0,"comment_status":"closed","ping_status":"closed","template":"","meta":{"footnotes":""},"class_list":["post-261","page","type-page","status-publish","hentry"],"yoast_head":"<!-- This site is optimized with the Yoast SEO plugin v27.4 - https:\/\/yoast.com\/product\/yoast-seo-wordpress\/ -->\n<title>Varaa osasto - H\u00e4\u00e4messut<\/title>\n<meta name=\"robots\" content=\"index, follow, max-snippet:-1, max-image-preview:large, max-video-preview:-1\" \/>\n<link rel=\"canonical\" href=\"https:\/\/satakunnanmessut.fi\/haamessut\/varaa-osasto\/\" \/>\n<meta property=\"og:locale\" content=\"fi_FI\" \/>\n<meta property=\"og:type\" content=\"article\" \/>\n<meta property=\"og:title\" content=\"Varaa osasto - H\u00e4\u00e4messut\" \/>\n<meta property=\"og:description\" content=\"VARAA OSASTO TULOSSA MM. PARAS H\u00c4\u00c4KIMPPU- JA H\u00c4\u00c4KUVAKILPAILUKysy lis\u00e4\u00e4 myynnist\u00e4mme. P\u00d6YT\u00c4PAIKAT 1-18260 \u20acsis. p\u00f6yd\u00e4n sek\u00e4 valkoisen p\u00f6yt\u00e4liinan. Tarvittaessa mahdollisuus my\u00f6s pystyp\u00f6ytiin &#8211; 160 \u20ac. OSASTOPAIKAT 19-324&#215;4 m&nbsp; &nbsp;875 \u20ac2&#215;4 m&nbsp; &nbsp;500 \u20ac2&#215;2 m&nbsp;&nbsp; 275 \u20ac LIS\u00c4PALVELUTS\u00e4hk\u00f6liittym\u00e4 (1-3 kW)&nbsp; 75 \u20acVuokrap\u00f6yt\u00e4 (1800&#215;900)&nbsp; 40 \u20acBaarijakkara&nbsp; 25 \u20acBaarip\u00f6yt\u00e4&nbsp; 30 \u20acKlaffituoli&nbsp; 10 \u20acHinnat alv 0 % MESSULEHTIJulkaistaan keskiviikkona 27.1.2027 [&hellip;]\" \/>\n<meta property=\"og:url\" content=\"https:\/\/satakunnanmessut.fi\/haamessut\/varaa-osasto\/\" \/>\n<meta property=\"og:site_name\" content=\"H\u00e4\u00e4messut\" \/>\n<meta property=\"article:modified_time\" content=\"2026-02-02T09:03:33+00:00\" \/>\n<meta property=\"og:image\" content=\"https:\/\/satakunnanmessut.fi\/haamessut\/wp-content\/uploads\/sites\/4\/2024\/02\/HAA2025_OSASTOKARTTA.jpg\" \/>\n\t<meta property=\"og:image:width\" content=\"1654\" \/>\n\t<meta property=\"og:image:height\" content=\"1024\" \/>\n\t<meta property=\"og:image:type\" content=\"image\/jpeg\" \/>\n<meta name=\"twitter:card\" content=\"summary_large_image\" \/>\n<meta name=\"twitter:label1\" content=\"Arvioitu lukuaika\" \/>\n\t<meta name=\"twitter:data1\" content=\"1 minuutti\" \/>\n<script type=\"application\/ld+json\" class=\"yoast-schema-graph\">{\"@context\":\"https:\\\/\\\/schema.org\",\"@graph\":[{\"@type\":\"WebPage\",\"@id\":\"https:\\\/\\\/satakunnanmessut.fi\\\/haamessut\\\/varaa-osasto\\\/\",\"url\":\"https:\\\/\\\/satakunnanmessut.fi\\\/haamessut\\\/varaa-osasto\\\/\",\"name\":\"Varaa osasto - H\u00e4\u00e4messut\",\"isPartOf\":{\"@id\":\"https:\\\/\\\/satakunnanmessut.fi\\\/haamessut\\\/#website\"},\"primaryImageOfPage\":{\"@id\":\"https:\\\/\\\/satakunnanmessut.fi\\\/haamessut\\\/varaa-osasto\\\/#primaryimage\"},\"image\":{\"@id\":\"https:\\\/\\\/satakunnanmessut.fi\\\/haamessut\\\/varaa-osasto\\\/#primaryimage\"},\"thumbnailUrl\":\"https:\\\/\\\/satakunnanmessut.fi\\\/haamessut\\\/wp-content\\\/uploads\\\/sites\\\/4\\\/2024\\\/02\\\/HAA2025_OSASTOKARTTA.jpg\",\"datePublished\":\"2022-09-19T08:53:51+00:00\",\"dateModified\":\"2026-02-02T09:03:33+00:00\",\"breadcrumb\":{\"@id\":\"https:\\\/\\\/satakunnanmessut.fi\\\/haamessut\\\/varaa-osasto\\\/#breadcrumb\"},\"inLanguage\":\"fi\",\"potentialAction\":[{\"@type\":\"ReadAction\",\"target\":[\"https:\\\/\\\/satakunnanmessut.fi\\\/haamessut\\\/varaa-osasto\\\/\"]}]},{\"@type\":\"ImageObject\",\"inLanguage\":\"fi\",\"@id\":\"https:\\\/\\\/satakunnanmessut.fi\\\/haamessut\\\/varaa-osasto\\\/#primaryimage\",\"url\":\"https:\\\/\\\/satakunnanmessut.fi\\\/haamessut\\\/wp-content\\\/uploads\\\/sites\\\/4\\\/2024\\\/02\\\/HAA2025_OSASTOKARTTA.jpg\",\"contentUrl\":\"https:\\\/\\\/satakunnanmessut.fi\\\/haamessut\\\/wp-content\\\/uploads\\\/sites\\\/4\\\/2024\\\/02\\\/HAA2025_OSASTOKARTTA.jpg\",\"width\":1654,\"height\":1024},{\"@type\":\"BreadcrumbList\",\"@id\":\"https:\\\/\\\/satakunnanmessut.fi\\\/haamessut\\\/varaa-osasto\\\/#breadcrumb\",\"itemListElement\":[{\"@type\":\"ListItem\",\"position\":1,\"name\":\"Etusivu\",\"item\":\"https:\\\/\\\/satakunnanmessut.fi\\\/haamessut\\\/\"},{\"@type\":\"ListItem\",\"position\":2,\"name\":\"Varaa osasto\"}]},{\"@type\":\"WebSite\",\"@id\":\"https:\\\/\\\/satakunnanmessut.fi\\\/haamessut\\\/#website\",\"url\":\"https:\\\/\\\/satakunnanmessut.fi\\\/haamessut\\\/\",\"name\":\"H\u00e4\u00e4messut\",\"description\":\"Inspiroivia ideoita el\u00e4m\u00e4si juhliin ja vinkkej\u00e4 my\u00f6s arjen hyvinvointiin.\",\"potentialAction\":[{\"@type\":\"SearchAction\",\"target\":{\"@type\":\"EntryPoint\",\"urlTemplate\":\"https:\\\/\\\/satakunnanmessut.fi\\\/haamessut\\\/?s={search_term_string}\"},\"query-input\":{\"@type\":\"PropertyValueSpecification\",\"valueRequired\":true,\"valueName\":\"search_term_string\"}}],\"inLanguage\":\"fi\"}]}<\/script>\n<!-- \/ Yoast SEO plugin. -->","yoast_head_json":{"title":"Varaa osasto - H\u00e4\u00e4messut","robots":{"index":"index","follow":"follow","max-snippet":"max-snippet:-1","max-image-preview":"max-image-preview:large","max-video-preview":"max-video-preview:-1"},"canonical":"https:\/\/satakunnanmessut.fi\/haamessut\/varaa-osasto\/","og_locale":"fi_FI","og_type":"article","og_title":"Varaa osasto - H\u00e4\u00e4messut","og_description":"VARAA OSASTO TULOSSA MM. PARAS H\u00c4\u00c4KIMPPU- JA H\u00c4\u00c4KUVAKILPAILUKysy lis\u00e4\u00e4 myynnist\u00e4mme. P\u00d6YT\u00c4PAIKAT 1-18260 \u20acsis. p\u00f6yd\u00e4n sek\u00e4 valkoisen p\u00f6yt\u00e4liinan. Tarvittaessa mahdollisuus my\u00f6s pystyp\u00f6ytiin &#8211; 160 \u20ac. OSASTOPAIKAT 19-324&#215;4 m&nbsp; &nbsp;875 \u20ac2&#215;4 m&nbsp; &nbsp;500 \u20ac2&#215;2 m&nbsp;&nbsp; 275 \u20ac LIS\u00c4PALVELUTS\u00e4hk\u00f6liittym\u00e4 (1-3 kW)&nbsp; 75 \u20acVuokrap\u00f6yt\u00e4 (1800&#215;900)&nbsp; 40 \u20acBaarijakkara&nbsp; 25 \u20acBaarip\u00f6yt\u00e4&nbsp; 30 \u20acKlaffituoli&nbsp; 10 \u20acHinnat alv 0 % MESSULEHTIJulkaistaan keskiviikkona 27.1.2027 [&hellip;]","og_url":"https:\/\/satakunnanmessut.fi\/haamessut\/varaa-osasto\/","og_site_name":"H\u00e4\u00e4messut","article_modified_time":"2026-02-02T09:03:33+00:00","og_image":[{"width":1654,"height":1024,"url":"https:\/\/satakunnanmessut.fi\/haamessut\/wp-content\/uploads\/sites\/4\/2024\/02\/HAA2025_OSASTOKARTTA.jpg","type":"image\/jpeg"}],"twitter_card":"summary_large_image","twitter_misc":{"Arvioitu lukuaika":"1 minuutti"},"schema":{"@context":"https:\/\/schema.org","@graph":[{"@type":"WebPage","@id":"https:\/\/satakunnanmessut.fi\/haamessut\/varaa-osasto\/","url":"https:\/\/satakunnanmessut.fi\/haamessut\/varaa-osasto\/","name":"Varaa osasto - H\u00e4\u00e4messut","isPartOf":{"@id":"https:\/\/satakunnanmessut.fi\/haamessut\/#website"},"primaryImageOfPage":{"@id":"https:\/\/satakunnanmessut.fi\/haamessut\/varaa-osasto\/#primaryimage"},"image":{"@id":"https:\/\/satakunnanmessut.fi\/haamessut\/varaa-osasto\/#primaryimage"},"thumbnailUrl":"https:\/\/satakunnanmessut.fi\/haamessut\/wp-content\/uploads\/sites\/4\/2024\/02\/HAA2025_OSASTOKARTTA.jpg","datePublished":"2022-09-19T08:53:51+00:00","dateModified":"2026-02-02T09:03:33+00:00","breadcrumb":{"@id":"https:\/\/satakunnanmessut.fi\/haamessut\/varaa-osasto\/#breadcrumb"},"inLanguage":"fi","potentialAction":[{"@type":"ReadAction","target":["https:\/\/satakunnanmessut.fi\/haamessut\/varaa-osasto\/"]}]},{"@type":"ImageObject","inLanguage":"fi","@id":"https:\/\/satakunnanmessut.fi\/haamessut\/varaa-osasto\/#primaryimage","url":"https:\/\/satakunnanmessut.fi\/haamessut\/wp-content\/uploads\/sites\/4\/2024\/02\/HAA2025_OSASTOKARTTA.jpg","contentUrl":"https:\/\/satakunnanmessut.fi\/haamessut\/wp-content\/uploads\/sites\/4\/2024\/02\/HAA2025_OSASTOKARTTA.jpg","width":1654,"height":1024},{"@type":"BreadcrumbList","@id":"https:\/\/satakunnanmessut.fi\/haamessut\/varaa-osasto\/#breadcrumb","itemListElement":[{"@type":"ListItem","position":1,"name":"Etusivu","item":"https:\/\/satakunnanmessut.fi\/haamessut\/"},{"@type":"ListItem","position":2,"name":"Varaa osasto"}]},{"@type":"WebSite","@id":"https:\/\/satakunnanmessut.fi\/haamessut\/#website","url":"https:\/\/satakunnanmessut.fi\/haamessut\/","name":"H\u00e4\u00e4messut","description":"Inspiroivia ideoita el\u00e4m\u00e4si juhliin ja vinkkej\u00e4 my\u00f6s arjen hyvinvointiin.","potentialAction":[{"@type":"SearchAction","target":{"@type":"EntryPoint","urlTemplate":"https:\/\/satakunnanmessut.fi\/haamessut\/?s={search_term_string}"},"query-input":{"@type":"PropertyValueSpecification","valueRequired":true,"valueName":"search_term_string"}}],"inLanguage":"fi"}]}},"_links":{"self":[{"href":"https:\/\/satakunnanmessut.fi\/haamessut\/wp-json\/wp\/v2\/pages\/261","targetHints":{"allow":["GET"]}}],"collection":[{"href":"https:\/\/satakunnanmessut.fi\/haamessut\/wp-json\/wp\/v2\/pages"}],"about":[{"href":"https:\/\/satakunnanmessut.fi\/haamessut\/wp-json\/wp\/v2\/types\/page"}],"author":[{"embeddable":true,"href":"https:\/\/satakunnanmessut.fi\/haamessut\/wp-json\/wp\/v2\/users\/2"}],"replies":[{"embeddable":true,"href":"https:\/\/satakunnanmessut.fi\/haamessut\/wp-json\/wp\/v2\/comments?post=261"}],"version-history":[{"count":0,"href":"https:\/\/satakunnanmessut.fi\/haamessut\/wp-json\/wp\/v2\/pages\/261\/revisions"}],"wp:attachment":[{"href":"https:\/\/satakunnanmessut.fi\/haamessut\/wp-json\/wp\/v2\/media?parent=261"}],"curies":[{"name":"wp","href":"https:\/\/api.w.org\/{rel}","templated":true}]}}